{"id":97,"date":"2018-06-26T20:00:04","date_gmt":"2018-06-26T19:00:04","guid":{"rendered":"http:\/\/wp-asi.carlosarc.com\/?page_id=97"},"modified":"2018-06-26T19:03:55","modified_gmt":"2018-06-26T18:03:55","slug":"topografia-de-obras-y-mediciones","status":"publish","type":"page","link":"https:\/\/www.asitec-sl.com\/en\/servicios\/topografia-y-cartografia\/topografia-de-obras-y-mediciones\/","title":{"rendered":"Topograf\u00eda de Obras, Mediciones y Replanteos"},"content":{"rendered":"<p>El servicio de topograf\u00eda de obra que oferta ASITEC, SLP desarrolla las desarrolla las labores, tanto de ejecuci\u00f3n, como de control geom\u00e9trico, en todo tipo de obra (edificaci\u00f3n, urbanizaci\u00f3n, obra lineal, civil, montajes, etc ). Nuestra actividad en la obra estar\u00e1 siempre coordinada con la oficina t\u00e9cnica correspondiente.<\/p>\n<p>ASITEC, SLP cubre todo el ciclo completo de la obra en todos los estados del proceso de construcci\u00f3n como son:<\/p>\n<ul>\n<li><strong>Arranques de obra:<\/strong> Estudio de la obra al inicio de su ejecuci\u00f3n, Establecimiento de la Red de bases, Comprobaci\u00f3n de la cartograf\u00eda de proyecto, Replanteo completo de las actuaciones, Replanteo de los l\u00edmites de expropiaci\u00f3n, servicios afectados\u2026<\/li>\n<li><strong>Ejecuci\u00f3n de obra:<\/strong> Control geom\u00e9trico de las obras, Replanteo de los elementos de las unidades constructivas necesarias, control de movimiento de tierras, cubicaciones, control geom\u00e9trico de estructuras\u2026<\/li>\n<li><strong>Recepci\u00f3n de obra:<\/strong> Elaboraci\u00f3n de la cartograf\u00eda final de la obra civil, Cubicaciones finales, informes espec\u00edficos \u2026<\/li>\n<\/ul>\n<p>En todo proceso constructivo se requiere de este tipo de actuaci\u00f3n, siendo de gran importancia y responsabilidad. Para ello, ASITEC, cuenta con un equipo humano con un alto grado de especializaci\u00f3n y de formaci\u00f3n avalada por sus m\u00e1s de 20 a\u00f1os en el ejercicio de esta actividad, completada con la disposici\u00f3n de equipos e instrumentos t\u00e9cnicos que dependiendo de las tolerancias impuestas, caracter\u00edsticas del terreno como recepci\u00f3n de sat\u00e9lites, visibilidad, vegetaci\u00f3n, etc. se utilizar\u00e1 uno u otro aparato de medida.<\/p>\n<hr \/>\n<div style=\"display: flex; justify-content: space-evenly; flex-wrap: wrap;\">\n<p><a href=\"http:\/\/wp-asi.carlosarc.com\/wp-content\/uploads\/2018\/03\/obra-001.jpg\"><img loading=\"lazy\" decoding=\"async\" class=\"alignnone wp-image-407\" src=\"http:\/\/wp-asi.carlosarc.com\/wp-content\/uploads\/2018\/03\/obra-001-300x225.jpg\" alt=\"Topograf\u00eda de Obra, mediciones y replanteos\" width=\"320\" height=\"240\" srcset=\"https:\/\/www.asitec-sl.com\/wp-content\/uploads\/2018\/03\/obra-001-300x225.jpg 300w, https:\/\/www.asitec-sl.com\/wp-content\/uploads\/2018\/03\/obra-001.jpg 640w\" sizes=\"(max-width: 320px) 100vw, 320px\" \/><\/a><\/p>\n<p><a href=\"http:\/\/wp-asi.carlosarc.com\/wp-content\/uploads\/2018\/03\/obra-002.jpg\"><img loading=\"lazy\" decoding=\"async\" class=\"alignnone wp-image-408\" src=\"http:\/\/wp-asi.carlosarc.com\/wp-content\/uploads\/2018\/03\/obra-002-225x300.jpg\" alt=\"\" width=\"180\" height=\"240\" srcset=\"https:\/\/www.asitec-sl.com\/wp-content\/uploads\/2018\/03\/obra-002-225x300.jpg 225w, https:\/\/www.asitec-sl.com\/wp-content\/uploads\/2018\/03\/obra-002.jpg 480w\" sizes=\"(max-width: 180px) 100vw, 180px\" \/><\/a><\/p>\n<p><a href=\"http:\/\/wp-asi.carlosarc.com\/wp-content\/uploads\/2018\/03\/obra-003.jpg\"><img loading=\"lazy\" decoding=\"async\" class=\"alignnone wp-image-409\" src=\"http:\/\/wp-asi.carlosarc.com\/wp-content\/uploads\/2018\/03\/obra-003-300x225.jpg\" alt=\"\" width=\"320\" height=\"240\" srcset=\"https:\/\/www.asitec-sl.com\/wp-content\/uploads\/2018\/03\/obra-003-300x225.jpg 300w, https:\/\/www.asitec-sl.com\/wp-content\/uploads\/2018\/03\/obra-003.jpg 640w\" sizes=\"(max-width: 320px) 100vw, 320px\" \/><\/a><\/p>\n<p><a href=\"http:\/\/wp-asi.carlosarc.com\/wp-content\/uploads\/2018\/03\/obra-004.jpg\"><img loading=\"lazy\" decoding=\"async\" class=\"alignnone wp-image-410\" src=\"http:\/\/wp-asi.carlosarc.com\/wp-content\/uploads\/2018\/03\/obra-004-300x225.jpg\" alt=\"\" width=\"320\" height=\"240\" srcset=\"https:\/\/www.asitec-sl.com\/wp-content\/uploads\/2018\/03\/obra-004-300x225.jpg 300w, https:\/\/www.asitec-sl.com\/wp-content\/uploads\/2018\/03\/obra-004.jpg 640w\" sizes=\"(max-width: 320px) 100vw, 320px\" \/><\/a><\/p>\n<\/div>","protected":false},"excerpt":{"rendered":"<p>El servicio de topograf\u00eda de obra que oferta ASITEC, SLP desarrolla las desarrolla las labores, tanto de ejecuci\u00f3n, como de control geom\u00e9trico, en todo tipo de obra (edificaci\u00f3n, urbanizaci\u00f3n, obra lineal, civil, montajes, etc ). Nuestra actividad en la obra<\/p>","protected":false},"author":2,"featured_media":0,"parent":57,"menu_order":3,"comment_status":"closed","ping_status":"closed","template":"","meta":{"footnotes":""},"class_list":["post-97","page","type-page","status-publish","hentry"],"yoast_head":"<!-- This site is optimized with the Yoast SEO plugin v23.3 - https:\/\/yoast.com\/wordpress\/plugins\/seo\/ -->\n<title>Topograf\u00eda de Obras, Mediciones y Replanteos - Asitec<\/title>\n<meta name=\"robots\" content=\"index, follow, max-snippet:-1, max-image-preview:large, max-video-preview:-1\" \/>\n<link rel=\"canonical\" href=\"https:\/\/www.asitec-sl.com\/en\/servicios\/topografia-y-cartografia\/topografia-de-obras-y-mediciones\/\" \/>\n<meta property=\"og:locale\" content=\"en_GB\" \/>\n<meta property=\"og:type\" content=\"article\" \/>\n<meta property=\"og:title\" content=\"Topograf\u00eda de Obras, Mediciones y Replanteos - Asitec\" \/>\n<meta property=\"og:description\" content=\"El servicio de topograf\u00eda de obra que oferta ASITEC, SLP desarrolla las desarrolla las labores, tanto de ejecuci\u00f3n, como de control geom\u00e9trico, en todo tipo de obra (edificaci\u00f3n, urbanizaci\u00f3n, obra lineal, civil, montajes, etc ). Nuestra actividad en la obra\" \/>\n<meta property=\"og:url\" content=\"https:\/\/www.asitec-sl.com\/en\/servicios\/topografia-y-cartografia\/topografia-de-obras-y-mediciones\/\" \/>\n<meta property=\"og:site_name\" content=\"Asitec\" \/>\n<meta property=\"article:publisher\" content=\"https:\/\/www.facebook.com\/AsitecSL-1487006038267232\/\" \/>\n<meta property=\"article:modified_time\" content=\"2018-06-26T18:03:55+00:00\" \/>\n<meta property=\"og:image\" content=\"http:\/\/wp-asi.carlosarc.com\/wp-content\/uploads\/2018\/03\/obra-001-300x225.jpg\" \/>\n<meta name=\"twitter:card\" content=\"summary_large_image\" \/>\n<meta name=\"twitter:label1\" content=\"Estimated reading time\" \/>\n\t<meta name=\"twitter:data1\" content=\"1 minute\" \/>\n<script type=\"application\/ld+json\" class=\"yoast-schema-graph\">{\"@context\":\"https:\/\/schema.org\",\"@graph\":[{\"@type\":\"WebPage\",\"@id\":\"https:\/\/www.asitec-sl.com\/servicios\/topografia-y-cartografia\/topografia-de-obras-y-mediciones\/\",\"url\":\"https:\/\/www.asitec-sl.com\/servicios\/topografia-y-cartografia\/topografia-de-obras-y-mediciones\/\",\"name\":\"Topograf\u00eda de Obras, Mediciones y Replanteos - Asitec\",\"isPartOf\":{\"@id\":\"https:\/\/www.asitec-sl.com\/#website\"},\"primaryImageOfPage\":{\"@id\":\"https:\/\/www.asitec-sl.com\/servicios\/topografia-y-cartografia\/topografia-de-obras-y-mediciones\/#primaryimage\"},\"image\":{\"@id\":\"https:\/\/www.asitec-sl.com\/servicios\/topografia-y-cartografia\/topografia-de-obras-y-mediciones\/#primaryimage\"},\"thumbnailUrl\":\"http:\/\/wp-asi.carlosarc.com\/wp-content\/uploads\/2018\/03\/obra-001-300x225.jpg\",\"datePublished\":\"2018-06-26T19:00:04+00:00\",\"dateModified\":\"2018-06-26T18:03:55+00:00\",\"breadcrumb\":{\"@id\":\"https:\/\/www.asitec-sl.com\/servicios\/topografia-y-cartografia\/topografia-de-obras-y-mediciones\/#breadcrumb\"},\"inLanguage\":\"en-GB\",\"potentialAction\":[{\"@type\":\"ReadAction\",\"target\":[\"https:\/\/www.asitec-sl.com\/servicios\/topografia-y-cartografia\/topografia-de-obras-y-mediciones\/\"]}]},{\"@type\":\"ImageObject\",\"inLanguage\":\"en-GB\",\"@id\":\"https:\/\/www.asitec-sl.com\/servicios\/topografia-y-cartografia\/topografia-de-obras-y-mediciones\/#primaryimage\",\"url\":\"http:\/\/wp-asi.carlosarc.com\/wp-content\/uploads\/2018\/03\/obra-001-300x225.jpg\",\"contentUrl\":\"http:\/\/wp-asi.carlosarc.com\/wp-content\/uploads\/2018\/03\/obra-001-300x225.jpg\"},{\"@type\":\"BreadcrumbList\",\"@id\":\"https:\/\/www.asitec-sl.com\/servicios\/topografia-y-cartografia\/topografia-de-obras-y-mediciones\/#breadcrumb\",\"itemListElement\":[{\"@type\":\"ListItem\",\"position\":1,\"name\":\"Inicio\",\"item\":\"https:\/\/www.asitec-sl.com\/\"},{\"@type\":\"ListItem\",\"position\":2,\"name\":\"Servicios\",\"item\":\"https:\/\/www.asitec-sl.com\/servicios\/\"},{\"@type\":\"ListItem\",\"position\":3,\"name\":\"Topograf\u00eda, Cartograf\u00eda y Aplicaciones con Drones (RPAS)\",\"item\":\"https:\/\/www.asitec-sl.com\/servicios\/topografia-y-cartografia\/\"},{\"@type\":\"ListItem\",\"position\":4,\"name\":\"Topograf\u00eda de Obras, Mediciones y Replanteos\"}]},{\"@type\":\"WebSite\",\"@id\":\"https:\/\/www.asitec-sl.com\/#website\",\"url\":\"https:\/\/www.asitec-sl.com\/\",\"name\":\"Asitec\",\"description\":\"Ingenier\u00eda, Urbanismos y Medio Ambiente S.L.P.\",\"publisher\":{\"@id\":\"https:\/\/www.asitec-sl.com\/#organization\"},\"potentialAction\":[{\"@type\":\"SearchAction\",\"target\":{\"@type\":\"EntryPoint\",\"urlTemplate\":\"https:\/\/www.asitec-sl.com\/?s={search_term_string}\"},\"query-input\":\"required name=search_term_string\"}],\"inLanguage\":\"en-GB\"},{\"@type\":\"Organization\",\"@id\":\"https:\/\/www.asitec-sl.com\/#organization\",\"name\":\"ASITEC SLP\",\"url\":\"https:\/\/www.asitec-sl.com\/\",\"logo\":{\"@type\":\"ImageObject\",\"inLanguage\":\"en-GB\",\"@id\":\"https:\/\/www.asitec-sl.com\/#\/schema\/logo\/image\/\",\"url\":\"https:\/\/www.asitec-sl.com\/wp-content\/uploads\/2018\/01\/logo-web-1.png\",\"contentUrl\":\"https:\/\/www.asitec-sl.com\/wp-content\/uploads\/2018\/01\/logo-web-1.png\",\"width\":520,\"height\":184,\"caption\":\"ASITEC SLP\"},\"image\":{\"@id\":\"https:\/\/www.asitec-sl.com\/#\/schema\/logo\/image\/\"},\"sameAs\":[\"https:\/\/www.facebook.com\/AsitecSL-1487006038267232\/\"]}]}<\/script>\n<!-- \/ Yoast SEO plugin. -->","yoast_head_json":{"title":"Topograf\u00eda de Obras, Mediciones y Replanteos - Asitec","robots":{"index":"index","follow":"follow","max-snippet":"max-snippet:-1","max-image-preview":"max-image-preview:large","max-video-preview":"max-video-preview:-1"},"canonical":"https:\/\/www.asitec-sl.com\/en\/servicios\/topografia-y-cartografia\/topografia-de-obras-y-mediciones\/","og_locale":"en_GB","og_type":"article","og_title":"Topograf\u00eda de Obras, Mediciones y Replanteos - Asitec","og_description":"El servicio de topograf\u00eda de obra que oferta ASITEC, SLP desarrolla las desarrolla las labores, tanto de ejecuci\u00f3n, como de control geom\u00e9trico, en todo tipo de obra (edificaci\u00f3n, urbanizaci\u00f3n, obra lineal, civil, montajes, etc ). Nuestra actividad en la obra","og_url":"https:\/\/www.asitec-sl.com\/en\/servicios\/topografia-y-cartografia\/topografia-de-obras-y-mediciones\/","og_site_name":"Asitec","article_publisher":"https:\/\/www.facebook.com\/AsitecSL-1487006038267232\/","article_modified_time":"2018-06-26T18:03:55+00:00","og_image":[{"url":"http:\/\/wp-asi.carlosarc.com\/wp-content\/uploads\/2018\/03\/obra-001-300x225.jpg"}],"twitter_card":"summary_large_image","twitter_misc":{"Estimated reading time":"1 minute"},"schema":{"@context":"https:\/\/schema.org","@graph":[{"@type":"WebPage","@id":"https:\/\/www.asitec-sl.com\/servicios\/topografia-y-cartografia\/topografia-de-obras-y-mediciones\/","url":"https:\/\/www.asitec-sl.com\/servicios\/topografia-y-cartografia\/topografia-de-obras-y-mediciones\/","name":"Topograf\u00eda de Obras, Mediciones y Replanteos - Asitec","isPartOf":{"@id":"https:\/\/www.asitec-sl.com\/#website"},"primaryImageOfPage":{"@id":"https:\/\/www.asitec-sl.com\/servicios\/topografia-y-cartografia\/topografia-de-obras-y-mediciones\/#primaryimage"},"image":{"@id":"https:\/\/www.asitec-sl.com\/servicios\/topografia-y-cartografia\/topografia-de-obras-y-mediciones\/#primaryimage"},"thumbnailUrl":"http:\/\/wp-asi.carlosarc.com\/wp-content\/uploads\/2018\/03\/obra-001-300x225.jpg","datePublished":"2018-06-26T19:00:04+00:00","dateModified":"2018-06-26T18:03:55+00:00","breadcrumb":{"@id":"https:\/\/www.asitec-sl.com\/servicios\/topografia-y-cartografia\/topografia-de-obras-y-mediciones\/#breadcrumb"},"inLanguage":"en-GB","potentialAction":[{"@type":"ReadAction","target":["https:\/\/www.asitec-sl.com\/servicios\/topografia-y-cartografia\/topografia-de-obras-y-mediciones\/"]}]},{"@type":"ImageObject","inLanguage":"en-GB","@id":"https:\/\/www.asitec-sl.com\/servicios\/topografia-y-cartografia\/topografia-de-obras-y-mediciones\/#primaryimage","url":"http:\/\/wp-asi.carlosarc.com\/wp-content\/uploads\/2018\/03\/obra-001-300x225.jpg","contentUrl":"http:\/\/wp-asi.carlosarc.com\/wp-content\/uploads\/2018\/03\/obra-001-300x225.jpg"},{"@type":"BreadcrumbList","@id":"https:\/\/www.asitec-sl.com\/servicios\/topografia-y-cartografia\/topografia-de-obras-y-mediciones\/#breadcrumb","itemListElement":[{"@type":"ListItem","position":1,"name":"Inicio","item":"https:\/\/www.asitec-sl.com\/"},{"@type":"ListItem","position":2,"name":"Servicios","item":"https:\/\/www.asitec-sl.com\/servicios\/"},{"@type":"ListItem","position":3,"name":"Topograf\u00eda, Cartograf\u00eda y Aplicaciones con Drones (RPAS)","item":"https:\/\/www.asitec-sl.com\/servicios\/topografia-y-cartografia\/"},{"@type":"ListItem","position":4,"name":"Topograf\u00eda de Obras, Mediciones y Replanteos"}]},{"@type":"WebSite","@id":"https:\/\/www.asitec-sl.com\/#website","url":"https:\/\/www.asitec-sl.com\/","name":"Asitec","description":"Ingenier\u00eda, Urbanismos y Medio Ambiente S.L.P.","publisher":{"@id":"https:\/\/www.asitec-sl.com\/#organization"},"potentialAction":[{"@type":"SearchAction","target":{"@type":"EntryPoint","urlTemplate":"https:\/\/www.asitec-sl.com\/?s={search_term_string}"},"query-input":"required name=search_term_string"}],"inLanguage":"en-GB"},{"@type":"Organization","@id":"https:\/\/www.asitec-sl.com\/#organization","name":"ASITEC SLP","url":"https:\/\/www.asitec-sl.com\/","logo":{"@type":"ImageObject","inLanguage":"en-GB","@id":"https:\/\/www.asitec-sl.com\/#\/schema\/logo\/image\/","url":"https:\/\/www.asitec-sl.com\/wp-content\/uploads\/2018\/01\/logo-web-1.png","contentUrl":"https:\/\/www.asitec-sl.com\/wp-content\/uploads\/2018\/01\/logo-web-1.png","width":520,"height":184,"caption":"ASITEC SLP"},"image":{"@id":"https:\/\/www.asitec-sl.com\/#\/schema\/logo\/image\/"},"sameAs":["https:\/\/www.facebook.com\/AsitecSL-1487006038267232\/"]}]}},"_links":{"self":[{"href":"https:\/\/www.asitec-sl.com\/en\/wp-json\/wp\/v2\/pages\/97"}],"collection":[{"href":"https:\/\/www.asitec-sl.com\/en\/wp-json\/wp\/v2\/pages"}],"about":[{"href":"https:\/\/www.asitec-sl.com\/en\/wp-json\/wp\/v2\/types\/page"}],"author":[{"embeddable":true,"href":"https:\/\/www.asitec-sl.com\/en\/wp-json\/wp\/v2\/users\/2"}],"replies":[{"embeddable":true,"href":"https:\/\/www.asitec-sl.com\/en\/wp-json\/wp\/v2\/comments?post=97"}],"version-history":[{"count":1,"href":"https:\/\/www.asitec-sl.com\/en\/wp-json\/wp\/v2\/pages\/97\/revisions"}],"predecessor-version":[{"id":1136,"href":"https:\/\/www.asitec-sl.com\/en\/wp-json\/wp\/v2\/pages\/97\/revisions\/1136"}],"up":[{"embeddable":true,"href":"https:\/\/www.asitec-sl.com\/en\/wp-json\/wp\/v2\/pages\/57"}],"wp:attachment":[{"href":"https:\/\/www.asitec-sl.com\/en\/wp-json\/wp\/v2\/media?parent=97"}],"curies":[{"name":"wp","href":"https:\/\/api.w.org\/{rel}","templated":true}]}}