{"id":65,"date":"2018-06-26T14:32:39","date_gmt":"2018-06-26T13:32:39","guid":{"rendered":"http:\/\/wp-asi.carlosarc.com\/?page_id=65"},"modified":"2018-06-26T18:55:47","modified_gmt":"2018-06-26T17:55:47","slug":"asistencia-a-municipios-y-asesoramiento-al-ciudadano","status":"publish","type":"page","link":"https:\/\/www.asitec-sl.com\/en\/servicios\/asistencia-a-municipios-y-asesoramiento-al-ciudadano\/","title":{"rendered":"Asistencia a Municipios y Asesoramiento al Ciudadano"},"content":{"rendered":"<p><!--more--><\/p>\n<p><img loading=\"lazy\" decoding=\"async\" class=\"alignleft wp-image-995\" src=\"http:\/\/wp-asi.carlosarc.com\/wp-content\/uploads\/2018\/06\/not-02.jpg\" alt=\"Asistencia t\u00e9cnica ciudadano catastro municipios urbanismo\" width=\"450\" height=\"322\" srcset=\"https:\/\/www.asitec-sl.com\/wp-content\/uploads\/2018\/06\/not-02.jpg 900w, https:\/\/www.asitec-sl.com\/wp-content\/uploads\/2018\/06\/not-02-300x214.jpg 300w, https:\/\/www.asitec-sl.com\/wp-content\/uploads\/2018\/06\/not-02-768x549.jpg 768w\" sizes=\"(max-width: 450px) 100vw, 450px\" \/>Con motivo de las numerosas competencias atribuidas a las administraciones locales en materia de servicios p\u00fablicos, son muchos los Ayuntamientos y organismos p\u00fablicos que han optado por elegir la modalidad de <strong>concesi\u00f3n administrativa<\/strong> <strong>o gesti\u00f3n indirecta<\/strong> para prestar los diferentes servicios p\u00fablicos. Son numerosas las ocasiones en las que, bien por falta de medios humanos y\/o t\u00e9cnicos, o bien, simplemente por falta de tiempo, no solo no pueden llevar a cabo un correcto seguimiento a estas concesiones, a sus concesionarios y al grado de cumplimiento de los pliegos que los regulan, sino que tampoco tienen la capacidad t\u00e9cnica suficiente para abordar determinados problemas de infraestructuras de su municipio.<\/p>\n<p>Desde un punto de vista empresarial, las empresas concesionarias de servicios p\u00fablicos y en general aquellas que est\u00e1n dedicadas a la actividad de infraestructuras y servicios civiles, conseguir\u00edan numerosas ventajas tanto econ\u00f3micas como productivas externalizar un servicio continuo de asesoramiento t\u00e9cnico.<\/p>\n<p>Por todo ello, <strong>ASITEC, SLP<\/strong> ha creado una nueva Unidad de Negocio, denominada <strong>\u201cASESORAMIENTO T\u00c9CNICO\u201d <\/strong>por medio del cual, pone a disposici\u00f3n de quien lo necesite, toda su capacidad t\u00e9cnica, tanto humana como de medios materiales, avalada por sus cerca de 20 a\u00f1os de experiencia en infraestructuras municipales, civiles y de Medio Ambiente.<\/p>\n<hr \/>\n<h3>ACTIVIDADES DEL ASESORAMIENTO T\u00c9CNICO<\/h3>\n<p>De entre la multitud de actividades que aglutina este servicio, destacan las siguientes:<\/p>\n<table class=\"asitec-table\">\n<tbody>\n<tr>\n<td><strong>AUDITOR\u00cdAS T\u00c9CNICAS<\/strong><\/td>\n<td>De concesiones administrativas de servicios p\u00fablicos<\/td>\n<\/tr>\n<tr>\n<td><strong>PLANES DE INFRAESTRUCTURAS<\/strong><\/td>\n<td>Asesoramiento y\/o elaboraci\u00f3n<\/td>\n<\/tr>\n<tr>\n<td><strong>TRAMITACIONES ADMINISTRATIVAS<\/strong><\/td>\n<td>De autorizaciones y permisos de infraestructuras y servicios p\u00fablicos<\/td>\n<\/tr>\n<tr>\n<td><strong>PLIEGOS PARA LICITACIONES<\/strong><\/td>\n<td>Tanto t\u00e9cnicos como administrativos<\/td>\n<\/tr>\n<tr>\n<td><strong>PROCEDIMIENTOS JUR\u00cdDICOS<\/strong><\/td>\n<td>Asesoramiento t\u00e9cnico e informes periciales.<\/td>\n<\/tr>\n<tr>\n<td><strong>ESTUDIO DE SOLUCIONES<\/strong><\/td>\n<td>Para el desarrollo de nuevas infraestructuras<\/td>\n<\/tr>\n<tr>\n<td><strong>BASES DE DATOS<\/strong><\/td>\n<td>De cualquier naturaleza en un entorno GIS<\/td>\n<\/tr>\n<tr>\n<td><strong>CARTOGRAF\u00cdA Y TOPOGRAF\u00cdA<\/strong><\/td>\n<td>Levantamientos taquim\u00e9tricos, replanteo, etc.<\/td>\n<\/tr>\n<tr>\n<td><strong>CATASTRO Y EXPROPIACIONES<\/strong><\/td>\n<td>Deslindes de parcelas, expropiaciones, etc.<\/td>\n<\/tr>\n<tr>\n<td><strong>MEDIO AMBIENTE<\/strong><\/td>\n<td>Asesoramiento t\u00e9cnico de car\u00e1cter Medio Ambiental.<\/td>\n<\/tr>\n<tr>\n<td><strong>SISTEMAS DE CONTROL<\/strong><\/td>\n<td>Para seguimiento y perfeccionamiento de un servicio<\/td>\n<\/tr>\n<tr>\n<td><strong>ASESORAMIENTO FINANCIERO <\/strong><\/td>\n<td>En infraestructuras y servicios, tarifas p\u00fablicas, equilibrio financiero de concesiones<\/td>\n<\/tr>\n<tr>\n<td><strong>CONSULTA T\u00c9CNICA EN GENERAL<\/strong><\/td>\n<td>En el \u00e1mbito de las infraestructuras p\u00fablicas<\/td>\n<\/tr>\n<\/tbody>\n<\/table>\n<hr \/>\n<h3>A QUIEN VA DIRIGIDO<\/h3>\n<table class=\"asitec-table\" width=\"100%\">\n<tbody>\n<tr>\n<td><strong>AYUNTAMIENTOS Y ADMINISTRACIONES P\u00daBLICAS EN GENERAL<\/strong><\/td>\n<\/tr>\n<tr>\n<td><strong>EMPRESAS CONCESIONARIAS DE SERVICIOS P\u00daBLICOS <\/strong><\/td>\n<\/tr>\n<tr>\n<td><strong>EMPRESAS QUE DESARROLLEN SU ACTIVIDAD EN \u00c9L \u00c1MBITO DE LAS INFRAESTRUCTURAS CIVILES <\/strong><\/td>\n<\/tr>\n<\/tbody>\n<\/table>","protected":false},"excerpt":{"rendered":"","protected":false},"author":2,"featured_media":471,"parent":34,"menu_order":6,"comment_status":"closed","ping_status":"closed","template":"","meta":{"footnotes":""},"class_list":["post-65","page","type-page","status-publish","has-post-thumbnail","hentry"],"yoast_head":"<!-- This site is optimized with the Yoast SEO plugin v23.3 - https:\/\/yoast.com\/wordpress\/plugins\/seo\/ -->\n<title>Asistencia a Municipios y Asesoramiento al Ciudadano - Asitec<\/title>\n<meta name=\"robots\" content=\"index, follow, max-snippet:-1, max-image-preview:large, max-video-preview:-1\" \/>\n<link rel=\"canonical\" href=\"https:\/\/www.asitec-sl.com\/en\/servicios\/asistencia-a-municipios-y-asesoramiento-al-ciudadano\/\" \/>\n<meta property=\"og:locale\" content=\"en_GB\" \/>\n<meta property=\"og:type\" content=\"article\" \/>\n<meta property=\"og:title\" content=\"Asistencia a Municipios y Asesoramiento al Ciudadano - Asitec\" \/>\n<meta property=\"og:url\" content=\"https:\/\/www.asitec-sl.com\/en\/servicios\/asistencia-a-municipios-y-asesoramiento-al-ciudadano\/\" \/>\n<meta property=\"og:site_name\" content=\"Asitec\" \/>\n<meta property=\"article:publisher\" content=\"https:\/\/www.facebook.com\/AsitecSL-1487006038267232\/\" \/>\n<meta property=\"article:modified_time\" content=\"2018-06-26T17:55:47+00:00\" \/>\n<meta property=\"og:image\" content=\"https:\/\/www.asitec-sl.com\/wp-content\/uploads\/2018\/04\/asistencia.png\" \/>\n\t<meta property=\"og:image:width\" content=\"320\" \/>\n\t<meta property=\"og:image:height\" content=\"320\" \/>\n\t<meta property=\"og:image:type\" content=\"image\/png\" \/>\n<meta name=\"twitter:card\" content=\"summary_large_image\" \/>\n<meta name=\"twitter:label1\" content=\"Estimated reading time\" \/>\n\t<meta name=\"twitter:data1\" content=\"2 minutes\" \/>\n<script type=\"application\/ld+json\" class=\"yoast-schema-graph\">{\"@context\":\"https:\/\/schema.org\",\"@graph\":[{\"@type\":\"WebPage\",\"@id\":\"https:\/\/www.asitec-sl.com\/servicios\/asistencia-a-municipios-y-asesoramiento-al-ciudadano\/\",\"url\":\"https:\/\/www.asitec-sl.com\/servicios\/asistencia-a-municipios-y-asesoramiento-al-ciudadano\/\",\"name\":\"Asistencia a Municipios y Asesoramiento al Ciudadano - Asitec\",\"isPartOf\":{\"@id\":\"https:\/\/www.asitec-sl.com\/#website\"},\"primaryImageOfPage\":{\"@id\":\"https:\/\/www.asitec-sl.com\/servicios\/asistencia-a-municipios-y-asesoramiento-al-ciudadano\/#primaryimage\"},\"image\":{\"@id\":\"https:\/\/www.asitec-sl.com\/servicios\/asistencia-a-municipios-y-asesoramiento-al-ciudadano\/#primaryimage\"},\"thumbnailUrl\":\"https:\/\/www.asitec-sl.com\/wp-content\/uploads\/2018\/04\/asistencia.png\",\"datePublished\":\"2018-06-26T13:32:39+00:00\",\"dateModified\":\"2018-06-26T17:55:47+00:00\",\"breadcrumb\":{\"@id\":\"https:\/\/www.asitec-sl.com\/servicios\/asistencia-a-municipios-y-asesoramiento-al-ciudadano\/#breadcrumb\"},\"inLanguage\":\"en-GB\",\"potentialAction\":[{\"@type\":\"ReadAction\",\"target\":[\"https:\/\/www.asitec-sl.com\/servicios\/asistencia-a-municipios-y-asesoramiento-al-ciudadano\/\"]}]},{\"@type\":\"ImageObject\",\"inLanguage\":\"en-GB\",\"@id\":\"https:\/\/www.asitec-sl.com\/servicios\/asistencia-a-municipios-y-asesoramiento-al-ciudadano\/#primaryimage\",\"url\":\"https:\/\/www.asitec-sl.com\/wp-content\/uploads\/2018\/04\/asistencia.png\",\"contentUrl\":\"https:\/\/www.asitec-sl.com\/wp-content\/uploads\/2018\/04\/asistencia.png\",\"width\":320,\"height\":320,\"caption\":\"asistencia a municipios asesoramiento al ciudadano\"},{\"@type\":\"BreadcrumbList\",\"@id\":\"https:\/\/www.asitec-sl.com\/servicios\/asistencia-a-municipios-y-asesoramiento-al-ciudadano\/#breadcrumb\",\"itemListElement\":[{\"@type\":\"ListItem\",\"position\":1,\"name\":\"Inicio\",\"item\":\"https:\/\/www.asitec-sl.com\/\"},{\"@type\":\"ListItem\",\"position\":2,\"name\":\"Servicios\",\"item\":\"https:\/\/www.asitec-sl.com\/servicios\/\"},{\"@type\":\"ListItem\",\"position\":3,\"name\":\"Asistencia a Municipios y Asesoramiento al Ciudadano\"}]},{\"@type\":\"WebSite\",\"@id\":\"https:\/\/www.asitec-sl.com\/#website\",\"url\":\"https:\/\/www.asitec-sl.com\/\",\"name\":\"Asitec\",\"description\":\"Ingenier\u00eda, Urbanismos y Medio Ambiente S.L.P.\",\"publisher\":{\"@id\":\"https:\/\/www.asitec-sl.com\/#organization\"},\"potentialAction\":[{\"@type\":\"SearchAction\",\"target\":{\"@type\":\"EntryPoint\",\"urlTemplate\":\"https:\/\/www.asitec-sl.com\/?s={search_term_string}\"},\"query-input\":\"required name=search_term_string\"}],\"inLanguage\":\"en-GB\"},{\"@type\":\"Organization\",\"@id\":\"https:\/\/www.asitec-sl.com\/#organization\",\"name\":\"ASITEC SLP\",\"url\":\"https:\/\/www.asitec-sl.com\/\",\"logo\":{\"@type\":\"ImageObject\",\"inLanguage\":\"en-GB\",\"@id\":\"https:\/\/www.asitec-sl.com\/#\/schema\/logo\/image\/\",\"url\":\"https:\/\/www.asitec-sl.com\/wp-content\/uploads\/2018\/01\/logo-web-1.png\",\"contentUrl\":\"https:\/\/www.asitec-sl.com\/wp-content\/uploads\/2018\/01\/logo-web-1.png\",\"width\":520,\"height\":184,\"caption\":\"ASITEC SLP\"},\"image\":{\"@id\":\"https:\/\/www.asitec-sl.com\/#\/schema\/logo\/image\/\"},\"sameAs\":[\"https:\/\/www.facebook.com\/AsitecSL-1487006038267232\/\"]}]}<\/script>\n<!-- \/ Yoast SEO plugin. -->","yoast_head_json":{"title":"Asistencia a Municipios y Asesoramiento al Ciudadano - Asitec","robots":{"index":"index","follow":"follow","max-snippet":"max-snippet:-1","max-image-preview":"max-image-preview:large","max-video-preview":"max-video-preview:-1"},"canonical":"https:\/\/www.asitec-sl.com\/en\/servicios\/asistencia-a-municipios-y-asesoramiento-al-ciudadano\/","og_locale":"en_GB","og_type":"article","og_title":"Asistencia a Municipios y Asesoramiento al Ciudadano - Asitec","og_url":"https:\/\/www.asitec-sl.com\/en\/servicios\/asistencia-a-municipios-y-asesoramiento-al-ciudadano\/","og_site_name":"Asitec","article_publisher":"https:\/\/www.facebook.com\/AsitecSL-1487006038267232\/","article_modified_time":"2018-06-26T17:55:47+00:00","og_image":[{"width":320,"height":320,"url":"https:\/\/www.asitec-sl.com\/wp-content\/uploads\/2018\/04\/asistencia.png","type":"image\/png"}],"twitter_card":"summary_large_image","twitter_misc":{"Estimated reading time":"2 minutes"},"schema":{"@context":"https:\/\/schema.org","@graph":[{"@type":"WebPage","@id":"https:\/\/www.asitec-sl.com\/servicios\/asistencia-a-municipios-y-asesoramiento-al-ciudadano\/","url":"https:\/\/www.asitec-sl.com\/servicios\/asistencia-a-municipios-y-asesoramiento-al-ciudadano\/","name":"Asistencia a Municipios y Asesoramiento al Ciudadano - Asitec","isPartOf":{"@id":"https:\/\/www.asitec-sl.com\/#website"},"primaryImageOfPage":{"@id":"https:\/\/www.asitec-sl.com\/servicios\/asistencia-a-municipios-y-asesoramiento-al-ciudadano\/#primaryimage"},"image":{"@id":"https:\/\/www.asitec-sl.com\/servicios\/asistencia-a-municipios-y-asesoramiento-al-ciudadano\/#primaryimage"},"thumbnailUrl":"https:\/\/www.asitec-sl.com\/wp-content\/uploads\/2018\/04\/asistencia.png","datePublished":"2018-06-26T13:32:39+00:00","dateModified":"2018-06-26T17:55:47+00:00","breadcrumb":{"@id":"https:\/\/www.asitec-sl.com\/servicios\/asistencia-a-municipios-y-asesoramiento-al-ciudadano\/#breadcrumb"},"inLanguage":"en-GB","potentialAction":[{"@type":"ReadAction","target":["https:\/\/www.asitec-sl.com\/servicios\/asistencia-a-municipios-y-asesoramiento-al-ciudadano\/"]}]},{"@type":"ImageObject","inLanguage":"en-GB","@id":"https:\/\/www.asitec-sl.com\/servicios\/asistencia-a-municipios-y-asesoramiento-al-ciudadano\/#primaryimage","url":"https:\/\/www.asitec-sl.com\/wp-content\/uploads\/2018\/04\/asistencia.png","contentUrl":"https:\/\/www.asitec-sl.com\/wp-content\/uploads\/2018\/04\/asistencia.png","width":320,"height":320,"caption":"asistencia a municipios asesoramiento al ciudadano"},{"@type":"BreadcrumbList","@id":"https:\/\/www.asitec-sl.com\/servicios\/asistencia-a-municipios-y-asesoramiento-al-ciudadano\/#breadcrumb","itemListElement":[{"@type":"ListItem","position":1,"name":"Inicio","item":"https:\/\/www.asitec-sl.com\/"},{"@type":"ListItem","position":2,"name":"Servicios","item":"https:\/\/www.asitec-sl.com\/servicios\/"},{"@type":"ListItem","position":3,"name":"Asistencia a Municipios y Asesoramiento al Ciudadano"}]},{"@type":"WebSite","@id":"https:\/\/www.asitec-sl.com\/#website","url":"https:\/\/www.asitec-sl.com\/","name":"Asitec","description":"Ingenier\u00eda, Urbanismos y Medio Ambiente S.L.P.","publisher":{"@id":"https:\/\/www.asitec-sl.com\/#organization"},"potentialAction":[{"@type":"SearchAction","target":{"@type":"EntryPoint","urlTemplate":"https:\/\/www.asitec-sl.com\/?s={search_term_string}"},"query-input":"required name=search_term_string"}],"inLanguage":"en-GB"},{"@type":"Organization","@id":"https:\/\/www.asitec-sl.com\/#organization","name":"ASITEC SLP","url":"https:\/\/www.asitec-sl.com\/","logo":{"@type":"ImageObject","inLanguage":"en-GB","@id":"https:\/\/www.asitec-sl.com\/#\/schema\/logo\/image\/","url":"https:\/\/www.asitec-sl.com\/wp-content\/uploads\/2018\/01\/logo-web-1.png","contentUrl":"https:\/\/www.asitec-sl.com\/wp-content\/uploads\/2018\/01\/logo-web-1.png","width":520,"height":184,"caption":"ASITEC SLP"},"image":{"@id":"https:\/\/www.asitec-sl.com\/#\/schema\/logo\/image\/"},"sameAs":["https:\/\/www.facebook.com\/AsitecSL-1487006038267232\/"]}]}},"_links":{"self":[{"href":"https:\/\/www.asitec-sl.com\/en\/wp-json\/wp\/v2\/pages\/65"}],"collection":[{"href":"https:\/\/www.asitec-sl.com\/en\/wp-json\/wp\/v2\/pages"}],"about":[{"href":"https:\/\/www.asitec-sl.com\/en\/wp-json\/wp\/v2\/types\/page"}],"author":[{"embeddable":true,"href":"https:\/\/www.asitec-sl.com\/en\/wp-json\/wp\/v2\/users\/2"}],"replies":[{"embeddable":true,"href":"https:\/\/www.asitec-sl.com\/en\/wp-json\/wp\/v2\/comments?post=65"}],"version-history":[{"count":1,"href":"https:\/\/www.asitec-sl.com\/en\/wp-json\/wp\/v2\/pages\/65\/revisions"}],"predecessor-version":[{"id":1145,"href":"https:\/\/www.asitec-sl.com\/en\/wp-json\/wp\/v2\/pages\/65\/revisions\/1145"}],"up":[{"embeddable":true,"href":"https:\/\/www.asitec-sl.com\/en\/wp-json\/wp\/v2\/pages\/34"}],"wp:featuredmedia":[{"embeddable":true,"href":"https:\/\/www.asitec-sl.com\/en\/wp-json\/wp\/v2\/media\/471"}],"wp:attachment":[{"href":"https:\/\/www.asitec-sl.com\/en\/wp-json\/wp\/v2\/media?parent=65"}],"curies":[{"name":"wp","href":"https:\/\/api.w.org\/{rel}","templated":true}]}}