{"id":63,"date":"2018-06-26T14:32:22","date_gmt":"2018-06-26T13:32:22","guid":{"rendered":"http:\/\/wp-asi.carlosarc.com\/?page_id=63"},"modified":"2018-06-26T18:56:14","modified_gmt":"2018-06-26T17:56:14","slug":"vigilancia-y-direccion-de-obra","status":"publish","type":"page","link":"https:\/\/www.asitec-sl.com\/en\/servicios\/vigilancia-y-direccion-de-obra\/","title":{"rendered":"Vigilancia y Direcci\u00f3n de Obra"},"content":{"rendered":"<p><!--more--><\/p>\n<p>Los trabajos que desarrollar\u00e1 la Direcci\u00f3n de Obra tendr\u00e1n como objetivo la defensa y administraci\u00f3n de las Obras, cuidando de la exacta realizaci\u00f3n de lo especificado en el Proyecto de Construcci\u00f3n, tanto en sus aspectos t\u00e9cnicos, como econ\u00f3micos y de plazo, realizando el control desde su inicio hasta la recepci\u00f3n definitiva de las obras.<\/p>\n<p><img decoding=\"async\" class=\"aligncenter wp-image-464 size-full\" src=\"http:\/\/wp-asi.carlosarc.com\/wp-content\/uploads\/2018\/04\/10.jpg\" alt=\"ASITEC SL Vigilancia de obras\" width=\"100%\" height=\"auto\" srcset=\"https:\/\/www.asitec-sl.com\/wp-content\/uploads\/2018\/04\/10.jpg 1280w, https:\/\/www.asitec-sl.com\/wp-content\/uploads\/2018\/04\/10-300x84.jpg 300w, https:\/\/www.asitec-sl.com\/wp-content\/uploads\/2018\/04\/10-768x216.jpg 768w, https:\/\/www.asitec-sl.com\/wp-content\/uploads\/2018\/04\/10-1024x288.jpg 1024w\" sizes=\"(max-width: 1280px) 100vw, 1280px\" \/><\/p>\n<p>Los principales\u00a0objetivos de la Direcci\u00f3n de Obra y Asistencia T\u00e9cnica se pueden definir en:<\/p>\n<ol>\n<li><strong>El aseguramiento de la suficiencia en calidad y cantidad de los medios personales y materiales<\/strong>, as\u00ed como las distintas medidas y procedimientos que el Contratista propondr\u00e1 para la ejecuci\u00f3n de las obras.<\/li>\n<li><strong>Control de que efectivamente la calidad se produce<\/strong>.<\/li>\n<li>Supervisi\u00f3n a efectos del <strong>cumplimiento de las condiciones de Seguridad y Salud<\/strong> laboral.<\/li>\n<li>Supervisi\u00f3n y control del cumplimiento de los <strong>plazos de trabajo<\/strong> establecidos y acordados.<\/li>\n<li>Control econ\u00f3mico de las obras, comprobando mediciones y certificaciones.<\/li>\n<li>Se prestar\u00e1 especial atenci\u00f3n a la problem\u00e1tica de car\u00e1cter medioambiental.<\/li>\n<li>Se atender\u00e1 las demandas de la propiedad y de afectados por las obras.<\/li>\n<\/ol>\n<div class=\"block_images_flex\">\n<div><a href=\"http:\/\/wp-asi.carlosarc.com\/servicios\/vigilancia-y-direccion-de-obra\/olympus-digital-camera-8\/\"><img loading=\"lazy\" decoding=\"async\" class=\"alignnone wp-image-291\" src=\"http:\/\/wp-asi.carlosarc.com\/wp-content\/uploads\/2018\/03\/11.jpg\" alt=\"\" width=\"600\" height=\"450\" srcset=\"https:\/\/www.asitec-sl.com\/wp-content\/uploads\/2018\/03\/11.jpg 640w, https:\/\/www.asitec-sl.com\/wp-content\/uploads\/2018\/03\/11-300x225.jpg 300w\" sizes=\"(max-width: 600px) 100vw, 600px\" \/><\/a><\/div>\n<div><a href=\"http:\/\/wp-asi.carlosarc.com\/wp-content\/uploads\/2018\/03\/12.jpg\"><img loading=\"lazy\" decoding=\"async\" class=\"alignnone wp-image-292\" src=\"http:\/\/wp-asi.carlosarc.com\/wp-content\/uploads\/2018\/03\/12.jpg\" alt=\"\" width=\"600\" height=\"450\" srcset=\"https:\/\/www.asitec-sl.com\/wp-content\/uploads\/2018\/03\/12.jpg 640w, https:\/\/www.asitec-sl.com\/wp-content\/uploads\/2018\/03\/12-300x225.jpg 300w\" sizes=\"(max-width: 600px) 100vw, 600px\" \/><\/a><\/div>\n<\/div>","protected":false},"excerpt":{"rendered":"","protected":false},"author":2,"featured_media":478,"parent":34,"menu_order":5,"comment_status":"closed","ping_status":"closed","template":"","meta":{"footnotes":""},"class_list":["post-63","page","type-page","status-publish","has-post-thumbnail","hentry"],"yoast_head":"<!-- This site is optimized with the Yoast SEO plugin v23.3 - https:\/\/yoast.com\/wordpress\/plugins\/seo\/ -->\n<title>Vigilancia y Direcci\u00f3n de Obra - Asitec<\/title>\n<meta name=\"robots\" content=\"index, follow, max-snippet:-1, max-image-preview:large, max-video-preview:-1\" \/>\n<link rel=\"canonical\" href=\"https:\/\/www.asitec-sl.com\/en\/servicios\/vigilancia-y-direccion-de-obra\/\" \/>\n<meta property=\"og:locale\" content=\"en_GB\" \/>\n<meta property=\"og:type\" content=\"article\" \/>\n<meta property=\"og:title\" content=\"Vigilancia y Direcci\u00f3n de Obra - Asitec\" \/>\n<meta property=\"og:url\" content=\"https:\/\/www.asitec-sl.com\/en\/servicios\/vigilancia-y-direccion-de-obra\/\" \/>\n<meta property=\"og:site_name\" content=\"Asitec\" \/>\n<meta property=\"article:publisher\" content=\"https:\/\/www.facebook.com\/AsitecSL-1487006038267232\/\" \/>\n<meta property=\"article:modified_time\" content=\"2018-06-26T17:56:14+00:00\" \/>\n<meta property=\"og:image\" content=\"https:\/\/www.asitec-sl.com\/wp-content\/uploads\/2018\/04\/vigilancia.png\" \/>\n\t<meta property=\"og:image:width\" content=\"320\" \/>\n\t<meta property=\"og:image:height\" content=\"320\" \/>\n\t<meta property=\"og:image:type\" content=\"image\/png\" \/>\n<meta name=\"twitter:card\" content=\"summary_large_image\" \/>\n<meta name=\"twitter:label1\" content=\"Estimated reading time\" \/>\n\t<meta name=\"twitter:data1\" content=\"1 minute\" \/>\n<script type=\"application\/ld+json\" class=\"yoast-schema-graph\">{\"@context\":\"https:\/\/schema.org\",\"@graph\":[{\"@type\":\"WebPage\",\"@id\":\"https:\/\/www.asitec-sl.com\/servicios\/vigilancia-y-direccion-de-obra\/\",\"url\":\"https:\/\/www.asitec-sl.com\/servicios\/vigilancia-y-direccion-de-obra\/\",\"name\":\"Vigilancia y Direcci\u00f3n de Obra - Asitec\",\"isPartOf\":{\"@id\":\"https:\/\/www.asitec-sl.com\/#website\"},\"primaryImageOfPage\":{\"@id\":\"https:\/\/www.asitec-sl.com\/servicios\/vigilancia-y-direccion-de-obra\/#primaryimage\"},\"image\":{\"@id\":\"https:\/\/www.asitec-sl.com\/servicios\/vigilancia-y-direccion-de-obra\/#primaryimage\"},\"thumbnailUrl\":\"https:\/\/www.asitec-sl.com\/wp-content\/uploads\/2018\/04\/vigilancia.png\",\"datePublished\":\"2018-06-26T13:32:22+00:00\",\"dateModified\":\"2018-06-26T17:56:14+00:00\",\"breadcrumb\":{\"@id\":\"https:\/\/www.asitec-sl.com\/servicios\/vigilancia-y-direccion-de-obra\/#breadcrumb\"},\"inLanguage\":\"en-GB\",\"potentialAction\":[{\"@type\":\"ReadAction\",\"target\":[\"https:\/\/www.asitec-sl.com\/servicios\/vigilancia-y-direccion-de-obra\/\"]}]},{\"@type\":\"ImageObject\",\"inLanguage\":\"en-GB\",\"@id\":\"https:\/\/www.asitec-sl.com\/servicios\/vigilancia-y-direccion-de-obra\/#primaryimage\",\"url\":\"https:\/\/www.asitec-sl.com\/wp-content\/uploads\/2018\/04\/vigilancia.png\",\"contentUrl\":\"https:\/\/www.asitec-sl.com\/wp-content\/uploads\/2018\/04\/vigilancia.png\",\"width\":320,\"height\":320,\"caption\":\"vigilancia y direcci\u00f3n de obra\"},{\"@type\":\"BreadcrumbList\",\"@id\":\"https:\/\/www.asitec-sl.com\/servicios\/vigilancia-y-direccion-de-obra\/#breadcrumb\",\"itemListElement\":[{\"@type\":\"ListItem\",\"position\":1,\"name\":\"Inicio\",\"item\":\"https:\/\/www.asitec-sl.com\/\"},{\"@type\":\"ListItem\",\"position\":2,\"name\":\"Servicios\",\"item\":\"https:\/\/www.asitec-sl.com\/servicios\/\"},{\"@type\":\"ListItem\",\"position\":3,\"name\":\"Vigilancia y Direcci\u00f3n de Obra\"}]},{\"@type\":\"WebSite\",\"@id\":\"https:\/\/www.asitec-sl.com\/#website\",\"url\":\"https:\/\/www.asitec-sl.com\/\",\"name\":\"Asitec\",\"description\":\"Ingenier\u00eda, Urbanismos y Medio Ambiente S.L.P.\",\"publisher\":{\"@id\":\"https:\/\/www.asitec-sl.com\/#organization\"},\"potentialAction\":[{\"@type\":\"SearchAction\",\"target\":{\"@type\":\"EntryPoint\",\"urlTemplate\":\"https:\/\/www.asitec-sl.com\/?s={search_term_string}\"},\"query-input\":\"required name=search_term_string\"}],\"inLanguage\":\"en-GB\"},{\"@type\":\"Organization\",\"@id\":\"https:\/\/www.asitec-sl.com\/#organization\",\"name\":\"ASITEC SLP\",\"url\":\"https:\/\/www.asitec-sl.com\/\",\"logo\":{\"@type\":\"ImageObject\",\"inLanguage\":\"en-GB\",\"@id\":\"https:\/\/www.asitec-sl.com\/#\/schema\/logo\/image\/\",\"url\":\"https:\/\/www.asitec-sl.com\/wp-content\/uploads\/2018\/01\/logo-web-1.png\",\"contentUrl\":\"https:\/\/www.asitec-sl.com\/wp-content\/uploads\/2018\/01\/logo-web-1.png\",\"width\":520,\"height\":184,\"caption\":\"ASITEC SLP\"},\"image\":{\"@id\":\"https:\/\/www.asitec-sl.com\/#\/schema\/logo\/image\/\"},\"sameAs\":[\"https:\/\/www.facebook.com\/AsitecSL-1487006038267232\/\"]}]}<\/script>\n<!-- \/ Yoast SEO plugin. -->","yoast_head_json":{"title":"Vigilancia y Direcci\u00f3n de Obra - Asitec","robots":{"index":"index","follow":"follow","max-snippet":"max-snippet:-1","max-image-preview":"max-image-preview:large","max-video-preview":"max-video-preview:-1"},"canonical":"https:\/\/www.asitec-sl.com\/en\/servicios\/vigilancia-y-direccion-de-obra\/","og_locale":"en_GB","og_type":"article","og_title":"Vigilancia y Direcci\u00f3n de Obra - Asitec","og_url":"https:\/\/www.asitec-sl.com\/en\/servicios\/vigilancia-y-direccion-de-obra\/","og_site_name":"Asitec","article_publisher":"https:\/\/www.facebook.com\/AsitecSL-1487006038267232\/","article_modified_time":"2018-06-26T17:56:14+00:00","og_image":[{"width":320,"height":320,"url":"https:\/\/www.asitec-sl.com\/wp-content\/uploads\/2018\/04\/vigilancia.png","type":"image\/png"}],"twitter_card":"summary_large_image","twitter_misc":{"Estimated reading time":"1 minute"},"schema":{"@context":"https:\/\/schema.org","@graph":[{"@type":"WebPage","@id":"https:\/\/www.asitec-sl.com\/servicios\/vigilancia-y-direccion-de-obra\/","url":"https:\/\/www.asitec-sl.com\/servicios\/vigilancia-y-direccion-de-obra\/","name":"Vigilancia y Direcci\u00f3n de Obra - Asitec","isPartOf":{"@id":"https:\/\/www.asitec-sl.com\/#website"},"primaryImageOfPage":{"@id":"https:\/\/www.asitec-sl.com\/servicios\/vigilancia-y-direccion-de-obra\/#primaryimage"},"image":{"@id":"https:\/\/www.asitec-sl.com\/servicios\/vigilancia-y-direccion-de-obra\/#primaryimage"},"thumbnailUrl":"https:\/\/www.asitec-sl.com\/wp-content\/uploads\/2018\/04\/vigilancia.png","datePublished":"2018-06-26T13:32:22+00:00","dateModified":"2018-06-26T17:56:14+00:00","breadcrumb":{"@id":"https:\/\/www.asitec-sl.com\/servicios\/vigilancia-y-direccion-de-obra\/#breadcrumb"},"inLanguage":"en-GB","potentialAction":[{"@type":"ReadAction","target":["https:\/\/www.asitec-sl.com\/servicios\/vigilancia-y-direccion-de-obra\/"]}]},{"@type":"ImageObject","inLanguage":"en-GB","@id":"https:\/\/www.asitec-sl.com\/servicios\/vigilancia-y-direccion-de-obra\/#primaryimage","url":"https:\/\/www.asitec-sl.com\/wp-content\/uploads\/2018\/04\/vigilancia.png","contentUrl":"https:\/\/www.asitec-sl.com\/wp-content\/uploads\/2018\/04\/vigilancia.png","width":320,"height":320,"caption":"vigilancia y direcci\u00f3n de obra"},{"@type":"BreadcrumbList","@id":"https:\/\/www.asitec-sl.com\/servicios\/vigilancia-y-direccion-de-obra\/#breadcrumb","itemListElement":[{"@type":"ListItem","position":1,"name":"Inicio","item":"https:\/\/www.asitec-sl.com\/"},{"@type":"ListItem","position":2,"name":"Servicios","item":"https:\/\/www.asitec-sl.com\/servicios\/"},{"@type":"ListItem","position":3,"name":"Vigilancia y Direcci\u00f3n de Obra"}]},{"@type":"WebSite","@id":"https:\/\/www.asitec-sl.com\/#website","url":"https:\/\/www.asitec-sl.com\/","name":"Asitec","description":"Ingenier\u00eda, Urbanismos y Medio Ambiente S.L.P.","publisher":{"@id":"https:\/\/www.asitec-sl.com\/#organization"},"potentialAction":[{"@type":"SearchAction","target":{"@type":"EntryPoint","urlTemplate":"https:\/\/www.asitec-sl.com\/?s={search_term_string}"},"query-input":"required name=search_term_string"}],"inLanguage":"en-GB"},{"@type":"Organization","@id":"https:\/\/www.asitec-sl.com\/#organization","name":"ASITEC SLP","url":"https:\/\/www.asitec-sl.com\/","logo":{"@type":"ImageObject","inLanguage":"en-GB","@id":"https:\/\/www.asitec-sl.com\/#\/schema\/logo\/image\/","url":"https:\/\/www.asitec-sl.com\/wp-content\/uploads\/2018\/01\/logo-web-1.png","contentUrl":"https:\/\/www.asitec-sl.com\/wp-content\/uploads\/2018\/01\/logo-web-1.png","width":520,"height":184,"caption":"ASITEC SLP"},"image":{"@id":"https:\/\/www.asitec-sl.com\/#\/schema\/logo\/image\/"},"sameAs":["https:\/\/www.facebook.com\/AsitecSL-1487006038267232\/"]}]}},"_links":{"self":[{"href":"https:\/\/www.asitec-sl.com\/en\/wp-json\/wp\/v2\/pages\/63"}],"collection":[{"href":"https:\/\/www.asitec-sl.com\/en\/wp-json\/wp\/v2\/pages"}],"about":[{"href":"https:\/\/www.asitec-sl.com\/en\/wp-json\/wp\/v2\/types\/page"}],"author":[{"embeddable":true,"href":"https:\/\/www.asitec-sl.com\/en\/wp-json\/wp\/v2\/users\/2"}],"replies":[{"embeddable":true,"href":"https:\/\/www.asitec-sl.com\/en\/wp-json\/wp\/v2\/comments?post=63"}],"version-history":[{"count":1,"href":"https:\/\/www.asitec-sl.com\/en\/wp-json\/wp\/v2\/pages\/63\/revisions"}],"predecessor-version":[{"id":1143,"href":"https:\/\/www.asitec-sl.com\/en\/wp-json\/wp\/v2\/pages\/63\/revisions\/1143"}],"up":[{"embeddable":true,"href":"https:\/\/www.asitec-sl.com\/en\/wp-json\/wp\/v2\/pages\/34"}],"wp:featuredmedia":[{"embeddable":true,"href":"https:\/\/www.asitec-sl.com\/en\/wp-json\/wp\/v2\/media\/478"}],"wp:attachment":[{"href":"https:\/\/www.asitec-sl.com\/en\/wp-json\/wp\/v2\/media?parent=63"}],"curies":[{"name":"wp","href":"https:\/\/api.w.org\/{rel}","templated":true}]}}