{"id":61,"date":"2018-06-26T14:32:10","date_gmt":"2018-06-26T13:32:10","guid":{"rendered":"http:\/\/wp-asi.carlosarc.com\/?page_id=61"},"modified":"2018-06-26T18:56:31","modified_gmt":"2018-06-26T17:56:31","slug":"servicios-catastrales","status":"publish","type":"page","link":"https:\/\/www.asitec-sl.com\/en\/servicios\/servicios-catastrales\/","title":{"rendered":"Servicios Catastrales"},"content":{"rendered":"<p><!--more--><\/p>\n<p><strong>Reforma de las leyes hipotecaria y del catastro LEY 13\/2015<\/strong><\/p>\n<div class=\"block_image_text\"><strong><img loading=\"lazy\" decoding=\"async\" class=\"alignnone wp-image-340 size-large\" src=\"http:\/\/wp-asi.carlosarc.com\/wp-content\/uploads\/2018\/03\/captura1-1024x664.png\" alt=\"Servicios Catastrales Granada\" width=\"750\" height=\"486\" srcset=\"https:\/\/www.asitec-sl.com\/wp-content\/uploads\/2018\/03\/captura1-1024x664.png 1024w, https:\/\/www.asitec-sl.com\/wp-content\/uploads\/2018\/03\/captura1-300x194.png 300w, https:\/\/www.asitec-sl.com\/wp-content\/uploads\/2018\/03\/captura1-768x498.png 768w, https:\/\/www.asitec-sl.com\/wp-content\/uploads\/2018\/03\/captura1.png 1196w\" sizes=\"(max-width: 750px) 100vw, 750px\" \/><\/strong><\/p>\n<div class=\"article_text\"><strong>\u00bfQu\u00e9 ha tra\u00eddo consigo la ley que afecta directamente al ciudadano?<\/strong><\/p>\n<ul>\n<li>La Cartograf\u00eda Catastral pasa a ser la base gr\u00e1fica para representar las fincas en el Registro de la Propiedad.<\/li>\n<li>Las Fincas que van a acceder por primera vez al Registro de la Propiedad, van a llevar la definici\u00f3n geom\u00e9trica de sus linderos con precisi\u00f3n centim\u00e9trica y lo har\u00e1n tal y como consten en Catastro, siempre que los otorgantes del t\u00edtulo est\u00e9n de acuerdo con la certificaci\u00f3n descriptiva y gr\u00e1fica catastral. En caso contrario, han de corregir previamente la parcela catastral con una Representaci\u00f3n Gr\u00e1fica Alternativa (RGA) realizada por un t\u00e9cnico competente.<\/li>\n<li>Las fincas que no consten en Catastro (segregaciones, agrupaciones, parcelaciones, etc) han de ser descritas de manera t\u00e9cnica, conforme a lo establecido en la Ley, de manera que se permita su incorporaci\u00f3n al Catastro.<\/li>\n<li>En el resto de casos, la aportaci\u00f3n de la base gr\u00e1fica de la finca al Registro de la Propiedad es voluntaria.<\/li>\n<li>La Ley habilita procedimientos para corregir la Cartograf\u00eda Catastral aportando a las escrituras una Representaci\u00f3n Gr\u00e1fica Alternativa, de modo que la descripci\u00f3n t\u00e9cnica refleje la realidad f\u00edsica de su propiedad.<\/li>\n<li>Cuando una finca tenga una correspondencia gr\u00e1fica coincidente en Catastro y en Registro, pasar\u00e1 a ser una finca coordinada, lo cual no significa que sea concordante con la realidad si no se ha aportado \u00e9sta previamente.<\/li>\n<\/ul>\n<\/div>\n<\/div>\n<div class=\"clearfix\"><\/div>\n<hr \/>\n<div class=\"block_image_text\">\n<img loading=\"lazy\" decoding=\"async\" class=\"alignnone wp-image-346 size-large\" src=\"http:\/\/wp-asi.carlosarc.com\/wp-content\/uploads\/2018\/03\/imagen2-1024x676.jpg\" alt=\"Servicios Catastrales Granada\" width=\"750\" height=\"495\" srcset=\"https:\/\/www.asitec-sl.com\/wp-content\/uploads\/2018\/03\/imagen2-1024x676.jpg 1024w, https:\/\/www.asitec-sl.com\/wp-content\/uploads\/2018\/03\/imagen2-300x198.jpg 300w, https:\/\/www.asitec-sl.com\/wp-content\/uploads\/2018\/03\/imagen2-768x507.jpg 768w, https:\/\/www.asitec-sl.com\/wp-content\/uploads\/2018\/03\/imagen2.jpg 1110w\" sizes=\"(max-width: 750px) 100vw, 750px\" \/><\/p>\n<div class=\"article_text\">\n<strong>4.1. Titularidades err\u00f3neas<\/strong><br \/>\nLos edificios de la ortofoto se \u201csalen\u201d de la Cartograf\u00eda Catastral.\n<\/div>\n<\/div>\n<div class=\"clearfix\"><\/div>\n<div class=\"block_image_text\">\n<p><img loading=\"lazy\" decoding=\"async\" class=\"alignnone wp-image-437 size-large\" src=\"http:\/\/wp-asi.carlosarc.com\/wp-content\/uploads\/2018\/03\/captura2-1024x727.jpg\" alt=\"Servicios catastrales granada\" width=\"750\" height=\"532\" srcset=\"https:\/\/www.asitec-sl.com\/wp-content\/uploads\/2018\/03\/captura2-1024x727.jpg 1024w, https:\/\/www.asitec-sl.com\/wp-content\/uploads\/2018\/03\/captura2-300x213.jpg 300w, https:\/\/www.asitec-sl.com\/wp-content\/uploads\/2018\/03\/captura2-768x545.jpg 768w, https:\/\/www.asitec-sl.com\/wp-content\/uploads\/2018\/03\/captura2.jpg 1254w\" sizes=\"(max-width: 750px) 100vw, 750px\" \/><\/p>\n<\/div>\n<div class=\"article_text\">\n<strong>4.2. Informes de Georreferenciaci\u00f3n de parcelas rusticas, urbanas y edificaciones<\/strong>\n<\/div>\n<div class=\"clearfix\"><\/div>\n<div class=\"block_image_text\">\n<p><img loading=\"lazy\" decoding=\"async\" class=\"alignnone wp-image-434 size-large\" src=\"http:\/\/wp-asi.carlosarc.com\/wp-content\/uploads\/2018\/03\/captura3-1024x567.jpg\" alt=\"Servicios Catastrales Granada\" width=\"750\" height=\"415\" srcset=\"https:\/\/www.asitec-sl.com\/wp-content\/uploads\/2018\/03\/captura3-1024x567.jpg 1024w, https:\/\/www.asitec-sl.com\/wp-content\/uploads\/2018\/03\/captura3-300x166.jpg 300w, https:\/\/www.asitec-sl.com\/wp-content\/uploads\/2018\/03\/captura3-768x425.jpg 768w, https:\/\/www.asitec-sl.com\/wp-content\/uploads\/2018\/03\/captura3.jpg 1540w\" sizes=\"(max-width: 750px) 100vw, 750px\" \/><\/p>\n<div class=\"article_text\">\n<strong>4.3. Modificaci\u00f3n y comprobaci\u00f3n de linderos<\/strong><\/p>\n<p>4.3.1. Mediciones de superficies de fincas con instrumentos de alta precisi\u00f3n.<\/p>\n<p>4.3.2. Replanteo de linderos in-situ.<\/p>\n<p>4.3.3. Realizaci\u00f3n de planos digitales y a escala acotados para revisar linderos y discrepancias descriptivas y gr\u00e1ficas en la base de datos catastral en fincas r\u00fasticas y urbanas.<\/p>\n<\/div>\n<div class=\"clearfix\"><\/div>\n<hr \/>\n<div class=\"block_image_text\">\n<img loading=\"lazy\" decoding=\"async\" class=\"wp-image-345 size-full aligncenter\" src=\"http:\/\/wp-asi.carlosarc.com\/wp-content\/uploads\/2018\/03\/Captura6.jpg\" alt=\"Servicios Catastrales Granada\" width=\"612\" height=\"485\" srcset=\"https:\/\/www.asitec-sl.com\/wp-content\/uploads\/2018\/03\/Captura6.jpg 612w, https:\/\/www.asitec-sl.com\/wp-content\/uploads\/2018\/03\/Captura6-300x238.jpg 300w\" sizes=\"(max-width: 612px) 100vw, 612px\" \/><\/p>\n<div class=\"article_text\">\n<strong>4.4. Generaci\u00f3n de Ficheros GML e Informe de Validaci\u00f3n gr\u00e1fica Catastral<\/strong><\/p>\n<p>\u00bfQu\u00e9 es el GML?<\/p>\n<p>El denominado GML es un formato de intercambio de informaci\u00f3n geogr\u00e1fica. Es el tipo de fichero, que las Resoluciones 11655 y 11652 de desarrollo de la Reforma de la Ley Hipotecaria, establecen como formato para describir t\u00e9cnicamente las fincas objeto del tr\u00e1fico inmobiliario en los supuestos que la Ley establece (obligatorio en inmatriculaci\u00f3n y reordenaci\u00f3n de terrenos, voluntario en el resto).\n<\/p><\/div>\n<\/div>\n<div class=\"clearfix\"><\/div>\n<hr \/>\n<div class=\"block_image_text\">\n<p><img loading=\"lazy\" decoding=\"async\" class=\"aligncenter wp-image-432 size-large\" src=\"http:\/\/wp-asi.carlosarc.com\/wp-content\/uploads\/2018\/03\/captura5-1024x680.jpg\" alt=\"Servicios Catastrales Granada\" width=\"750\" height=\"498\" srcset=\"https:\/\/www.asitec-sl.com\/wp-content\/uploads\/2018\/03\/captura5-1024x680.jpg 1024w, https:\/\/www.asitec-sl.com\/wp-content\/uploads\/2018\/03\/captura5-300x199.jpg 300w, https:\/\/www.asitec-sl.com\/wp-content\/uploads\/2018\/03\/captura5-768x510.jpg 768w, https:\/\/www.asitec-sl.com\/wp-content\/uploads\/2018\/03\/captura5.jpg 1183w\" sizes=\"(max-width: 750px) 100vw, 750px\" \/><\/p>\n<div class=\"article_text\">\n<strong>4.5. Discrepancias entre catastro, escrituras y registro de la propiedad<\/strong>\n<\/div>\n<\/div>\n<div class=\"clearfix\"><\/div>\n<p><strong>4.6. Valoraciones y tasaciones<\/strong><\/p>\n<div class=\"block_image_text\">\n<img loading=\"lazy\" decoding=\"async\" class=\"aligncenter wp-image-433 size-large\" src=\"http:\/\/wp-asi.carlosarc.com\/wp-content\/uploads\/2018\/03\/captura4-1024x677.jpg\" alt=\"Servicios Catastrales Granada\" width=\"750\" height=\"496\" srcset=\"https:\/\/www.asitec-sl.com\/wp-content\/uploads\/2018\/03\/captura4-1024x677.jpg 1024w, https:\/\/www.asitec-sl.com\/wp-content\/uploads\/2018\/03\/captura4-300x198.jpg 300w, https:\/\/www.asitec-sl.com\/wp-content\/uploads\/2018\/03\/captura4-768x507.jpg 768w, https:\/\/www.asitec-sl.com\/wp-content\/uploads\/2018\/03\/captura4.jpg 1350w\" sizes=\"(max-width: 750px) 100vw, 750px\" \/><\/p>\n<div class=\"article_text\">\n<strong>4.7. Subsanaci\u00f3n de errores de superficies construidas<\/strong><\/p>\n<\/div>\n<\/div>\n<div class=\"clearfix\"><\/div>\n<p><strong>4.8. Recursos contra valoraciones, altas u omisiones<\/strong><\/p>","protected":false},"excerpt":{"rendered":"","protected":false},"author":2,"featured_media":473,"parent":34,"menu_order":4,"comment_status":"closed","ping_status":"closed","template":"","meta":{"footnotes":""},"class_list":["post-61","page","type-page","status-publish","has-post-thumbnail","hentry"],"yoast_head":"<!-- This site is optimized with the Yoast SEO plugin v23.3 - https:\/\/yoast.com\/wordpress\/plugins\/seo\/ -->\n<title>Servicios Catastrales - Asitec<\/title>\n<meta name=\"robots\" content=\"index, follow, max-snippet:-1, max-image-preview:large, max-video-preview:-1\" \/>\n<link rel=\"canonical\" href=\"https:\/\/www.asitec-sl.com\/en\/servicios\/servicios-catastrales\/\" \/>\n<meta property=\"og:locale\" content=\"en_GB\" \/>\n<meta property=\"og:type\" content=\"article\" \/>\n<meta property=\"og:title\" content=\"Servicios Catastrales - Asitec\" \/>\n<meta property=\"og:url\" content=\"https:\/\/www.asitec-sl.com\/en\/servicios\/servicios-catastrales\/\" \/>\n<meta property=\"og:site_name\" content=\"Asitec\" \/>\n<meta property=\"article:publisher\" content=\"https:\/\/www.facebook.com\/AsitecSL-1487006038267232\/\" \/>\n<meta property=\"article:modified_time\" content=\"2018-06-26T17:56:31+00:00\" \/>\n<meta property=\"og:image\" content=\"https:\/\/www.asitec-sl.com\/wp-content\/uploads\/2018\/04\/catastro.png\" \/>\n\t<meta property=\"og:image:width\" content=\"320\" \/>\n\t<meta property=\"og:image:height\" content=\"320\" \/>\n\t<meta property=\"og:image:type\" content=\"image\/png\" \/>\n<meta name=\"twitter:card\" content=\"summary_large_image\" \/>\n<meta name=\"twitter:label1\" content=\"Estimated reading time\" \/>\n\t<meta name=\"twitter:data1\" content=\"2 minutes\" \/>\n<script type=\"application\/ld+json\" class=\"yoast-schema-graph\">{\"@context\":\"https:\/\/schema.org\",\"@graph\":[{\"@type\":\"WebPage\",\"@id\":\"https:\/\/www.asitec-sl.com\/servicios\/servicios-catastrales\/\",\"url\":\"https:\/\/www.asitec-sl.com\/servicios\/servicios-catastrales\/\",\"name\":\"Servicios Catastrales - Asitec\",\"isPartOf\":{\"@id\":\"https:\/\/www.asitec-sl.com\/#website\"},\"primaryImageOfPage\":{\"@id\":\"https:\/\/www.asitec-sl.com\/servicios\/servicios-catastrales\/#primaryimage\"},\"image\":{\"@id\":\"https:\/\/www.asitec-sl.com\/servicios\/servicios-catastrales\/#primaryimage\"},\"thumbnailUrl\":\"https:\/\/www.asitec-sl.com\/wp-content\/uploads\/2018\/04\/catastro.png\",\"datePublished\":\"2018-06-26T13:32:10+00:00\",\"dateModified\":\"2018-06-26T17:56:31+00:00\",\"breadcrumb\":{\"@id\":\"https:\/\/www.asitec-sl.com\/servicios\/servicios-catastrales\/#breadcrumb\"},\"inLanguage\":\"en-GB\",\"potentialAction\":[{\"@type\":\"ReadAction\",\"target\":[\"https:\/\/www.asitec-sl.com\/servicios\/servicios-catastrales\/\"]}]},{\"@type\":\"ImageObject\",\"inLanguage\":\"en-GB\",\"@id\":\"https:\/\/www.asitec-sl.com\/servicios\/servicios-catastrales\/#primaryimage\",\"url\":\"https:\/\/www.asitec-sl.com\/wp-content\/uploads\/2018\/04\/catastro.png\",\"contentUrl\":\"https:\/\/www.asitec-sl.com\/wp-content\/uploads\/2018\/04\/catastro.png\",\"width\":320,\"height\":320,\"caption\":\"catastro servicios\"},{\"@type\":\"BreadcrumbList\",\"@id\":\"https:\/\/www.asitec-sl.com\/servicios\/servicios-catastrales\/#breadcrumb\",\"itemListElement\":[{\"@type\":\"ListItem\",\"position\":1,\"name\":\"Inicio\",\"item\":\"https:\/\/www.asitec-sl.com\/\"},{\"@type\":\"ListItem\",\"position\":2,\"name\":\"Servicios\",\"item\":\"https:\/\/www.asitec-sl.com\/servicios\/\"},{\"@type\":\"ListItem\",\"position\":3,\"name\":\"Servicios Catastrales\"}]},{\"@type\":\"WebSite\",\"@id\":\"https:\/\/www.asitec-sl.com\/#website\",\"url\":\"https:\/\/www.asitec-sl.com\/\",\"name\":\"Asitec\",\"description\":\"Ingenier\u00eda, Urbanismos y Medio Ambiente S.L.P.\",\"publisher\":{\"@id\":\"https:\/\/www.asitec-sl.com\/#organization\"},\"potentialAction\":[{\"@type\":\"SearchAction\",\"target\":{\"@type\":\"EntryPoint\",\"urlTemplate\":\"https:\/\/www.asitec-sl.com\/?s={search_term_string}\"},\"query-input\":\"required name=search_term_string\"}],\"inLanguage\":\"en-GB\"},{\"@type\":\"Organization\",\"@id\":\"https:\/\/www.asitec-sl.com\/#organization\",\"name\":\"ASITEC SLP\",\"url\":\"https:\/\/www.asitec-sl.com\/\",\"logo\":{\"@type\":\"ImageObject\",\"inLanguage\":\"en-GB\",\"@id\":\"https:\/\/www.asitec-sl.com\/#\/schema\/logo\/image\/\",\"url\":\"https:\/\/www.asitec-sl.com\/wp-content\/uploads\/2018\/01\/logo-web-1.png\",\"contentUrl\":\"https:\/\/www.asitec-sl.com\/wp-content\/uploads\/2018\/01\/logo-web-1.png\",\"width\":520,\"height\":184,\"caption\":\"ASITEC SLP\"},\"image\":{\"@id\":\"https:\/\/www.asitec-sl.com\/#\/schema\/logo\/image\/\"},\"sameAs\":[\"https:\/\/www.facebook.com\/AsitecSL-1487006038267232\/\"]}]}<\/script>\n<!-- \/ Yoast SEO plugin. -->","yoast_head_json":{"title":"Servicios Catastrales - Asitec","robots":{"index":"index","follow":"follow","max-snippet":"max-snippet:-1","max-image-preview":"max-image-preview:large","max-video-preview":"max-video-preview:-1"},"canonical":"https:\/\/www.asitec-sl.com\/en\/servicios\/servicios-catastrales\/","og_locale":"en_GB","og_type":"article","og_title":"Servicios Catastrales - Asitec","og_url":"https:\/\/www.asitec-sl.com\/en\/servicios\/servicios-catastrales\/","og_site_name":"Asitec","article_publisher":"https:\/\/www.facebook.com\/AsitecSL-1487006038267232\/","article_modified_time":"2018-06-26T17:56:31+00:00","og_image":[{"width":320,"height":320,"url":"https:\/\/www.asitec-sl.com\/wp-content\/uploads\/2018\/04\/catastro.png","type":"image\/png"}],"twitter_card":"summary_large_image","twitter_misc":{"Estimated reading time":"2 minutes"},"schema":{"@context":"https:\/\/schema.org","@graph":[{"@type":"WebPage","@id":"https:\/\/www.asitec-sl.com\/servicios\/servicios-catastrales\/","url":"https:\/\/www.asitec-sl.com\/servicios\/servicios-catastrales\/","name":"Servicios Catastrales - Asitec","isPartOf":{"@id":"https:\/\/www.asitec-sl.com\/#website"},"primaryImageOfPage":{"@id":"https:\/\/www.asitec-sl.com\/servicios\/servicios-catastrales\/#primaryimage"},"image":{"@id":"https:\/\/www.asitec-sl.com\/servicios\/servicios-catastrales\/#primaryimage"},"thumbnailUrl":"https:\/\/www.asitec-sl.com\/wp-content\/uploads\/2018\/04\/catastro.png","datePublished":"2018-06-26T13:32:10+00:00","dateModified":"2018-06-26T17:56:31+00:00","breadcrumb":{"@id":"https:\/\/www.asitec-sl.com\/servicios\/servicios-catastrales\/#breadcrumb"},"inLanguage":"en-GB","potentialAction":[{"@type":"ReadAction","target":["https:\/\/www.asitec-sl.com\/servicios\/servicios-catastrales\/"]}]},{"@type":"ImageObject","inLanguage":"en-GB","@id":"https:\/\/www.asitec-sl.com\/servicios\/servicios-catastrales\/#primaryimage","url":"https:\/\/www.asitec-sl.com\/wp-content\/uploads\/2018\/04\/catastro.png","contentUrl":"https:\/\/www.asitec-sl.com\/wp-content\/uploads\/2018\/04\/catastro.png","width":320,"height":320,"caption":"catastro servicios"},{"@type":"BreadcrumbList","@id":"https:\/\/www.asitec-sl.com\/servicios\/servicios-catastrales\/#breadcrumb","itemListElement":[{"@type":"ListItem","position":1,"name":"Inicio","item":"https:\/\/www.asitec-sl.com\/"},{"@type":"ListItem","position":2,"name":"Servicios","item":"https:\/\/www.asitec-sl.com\/servicios\/"},{"@type":"ListItem","position":3,"name":"Servicios Catastrales"}]},{"@type":"WebSite","@id":"https:\/\/www.asitec-sl.com\/#website","url":"https:\/\/www.asitec-sl.com\/","name":"Asitec","description":"Ingenier\u00eda, Urbanismos y Medio Ambiente S.L.P.","publisher":{"@id":"https:\/\/www.asitec-sl.com\/#organization"},"potentialAction":[{"@type":"SearchAction","target":{"@type":"EntryPoint","urlTemplate":"https:\/\/www.asitec-sl.com\/?s={search_term_string}"},"query-input":"required name=search_term_string"}],"inLanguage":"en-GB"},{"@type":"Organization","@id":"https:\/\/www.asitec-sl.com\/#organization","name":"ASITEC SLP","url":"https:\/\/www.asitec-sl.com\/","logo":{"@type":"ImageObject","inLanguage":"en-GB","@id":"https:\/\/www.asitec-sl.com\/#\/schema\/logo\/image\/","url":"https:\/\/www.asitec-sl.com\/wp-content\/uploads\/2018\/01\/logo-web-1.png","contentUrl":"https:\/\/www.asitec-sl.com\/wp-content\/uploads\/2018\/01\/logo-web-1.png","width":520,"height":184,"caption":"ASITEC SLP"},"image":{"@id":"https:\/\/www.asitec-sl.com\/#\/schema\/logo\/image\/"},"sameAs":["https:\/\/www.facebook.com\/AsitecSL-1487006038267232\/"]}]}},"_links":{"self":[{"href":"https:\/\/www.asitec-sl.com\/en\/wp-json\/wp\/v2\/pages\/61"}],"collection":[{"href":"https:\/\/www.asitec-sl.com\/en\/wp-json\/wp\/v2\/pages"}],"about":[{"href":"https:\/\/www.asitec-sl.com\/en\/wp-json\/wp\/v2\/types\/page"}],"author":[{"embeddable":true,"href":"https:\/\/www.asitec-sl.com\/en\/wp-json\/wp\/v2\/users\/2"}],"replies":[{"embeddable":true,"href":"https:\/\/www.asitec-sl.com\/en\/wp-json\/wp\/v2\/comments?post=61"}],"version-history":[{"count":1,"href":"https:\/\/www.asitec-sl.com\/en\/wp-json\/wp\/v2\/pages\/61\/revisions"}],"predecessor-version":[{"id":1142,"href":"https:\/\/www.asitec-sl.com\/en\/wp-json\/wp\/v2\/pages\/61\/revisions\/1142"}],"up":[{"embeddable":true,"href":"https:\/\/www.asitec-sl.com\/en\/wp-json\/wp\/v2\/pages\/34"}],"wp:featuredmedia":[{"embeddable":true,"href":"https:\/\/www.asitec-sl.com\/en\/wp-json\/wp\/v2\/media\/473"}],"wp:attachment":[{"href":"https:\/\/www.asitec-sl.com\/en\/wp-json\/wp\/v2\/media?parent=61"}],"curies":[{"name":"wp","href":"https:\/\/api.w.org\/{rel}","templated":true}]}}