{"id":59,"date":"2018-06-26T14:31:57","date_gmt":"2018-06-26T13:31:57","guid":{"rendered":"http:\/\/wp-asi.carlosarc.com\/?page_id=59"},"modified":"2018-06-26T18:56:43","modified_gmt":"2018-06-26T17:56:43","slug":"urbanismo","status":"publish","type":"page","link":"https:\/\/www.asitec-sl.com\/en\/servicios\/urbanismo\/","title":{"rendered":"Urbanismo"},"content":{"rendered":"<p><!--more--><\/p>\n<div class=\"block_image_text\">\n<p><img loading=\"lazy\" decoding=\"async\" class=\"aligncenter wp-image-459\" src=\"http:\/\/wp-asi.carlosarc.com\/wp-content\/uploads\/2018\/04\/07-1024x683.jpg\" alt=\"Diputaci\u00f3n de granada Ingenieria edificio\" width=\"720\" height=\"480\" srcset=\"https:\/\/www.asitec-sl.com\/wp-content\/uploads\/2018\/04\/07-1024x683.jpg 1024w, https:\/\/www.asitec-sl.com\/wp-content\/uploads\/2018\/04\/07-300x200.jpg 300w, https:\/\/www.asitec-sl.com\/wp-content\/uploads\/2018\/04\/07-768x512.jpg 768w, https:\/\/www.asitec-sl.com\/wp-content\/uploads\/2018\/04\/07.jpg 1600w\" sizes=\"(max-width: 720px) 100vw, 720px\" \/><\/p>\n<div class=\"article_text\">\n<p>ASITEC, SLP ha desarrollado trabajos de relevancia en materia urban\u00edstica y en la planificaci\u00f3n del territorio. As\u00ed, nuestra empresa acumula una larga experiencia en las tareas de planeamiento urbano, el desarrollo de planes de diverso calado y especialidad y el proyecto y direcci\u00f3n de obras de urbanizaci\u00f3n. El contar con equipos multidisciplinares capaces de integrar todos los servicios que necesita un asesoramiento humano, tanto de tipo residencial como industrial, es una garant\u00eda de buen proyecto.<\/p>\n<\/div>\n<\/div>\n<div class=\"clearfix\"><\/div>\n<div class=\"block_image_text\">\n<p><img loading=\"lazy\" decoding=\"async\" class=\"aligncenter wp-image-284\" src=\"http:\/\/wp-asi.carlosarc.com\/wp-content\/uploads\/2018\/03\/08.jpg\" alt=\"\" width=\"720\" height=\"575\" srcset=\"https:\/\/www.asitec-sl.com\/wp-content\/uploads\/2018\/03\/08.jpg 688w, https:\/\/www.asitec-sl.com\/wp-content\/uploads\/2018\/03\/08-300x239.jpg 300w\" sizes=\"(max-width: 720px) 100vw, 720px\" \/><\/p>\n<p>La actividad urban\u00edstica de AISTEC se resumen en los siguientes \u00e1mbitos:<\/p>\n<div class=\"article_text\">\n<ul>\n<li>Planes de Ordenaci\u00f3n del territorio<\/li>\n<li>Planificaci\u00f3n urban\u00edstica: Estudios de detalles, planes de sectorizaci\u00f3n, planes parciales\u2026<\/li>\n<li>Proyectos de urbanizaci\u00f3n.<\/li>\n<li>Gesti\u00f3n integral de proyectos: supervisi\u00f3n t\u00e9cnica, control presupuestario, informes y asesoramiento t\u00e9cnico.<\/li>\n<\/ul>\n<\/div>\n<\/div>\n<div class=\"clearfix\"><\/div>\n<div class=\"block_image_text\">\n<img loading=\"lazy\" decoding=\"async\" class=\"aligncenter wp-image-460\" src=\"http:\/\/wp-asi.carlosarc.com\/wp-content\/uploads\/2018\/04\/09.jpg\" alt=\"Asitec topograf\u00eda\" width=\"720\" height=\"601\" srcset=\"https:\/\/www.asitec-sl.com\/wp-content\/uploads\/2018\/04\/09.jpg 865w, https:\/\/www.asitec-sl.com\/wp-content\/uploads\/2018\/04\/09-300x250.jpg 300w, https:\/\/www.asitec-sl.com\/wp-content\/uploads\/2018\/04\/09-768x641.jpg 768w\" sizes=\"(max-width: 720px) 100vw, 720px\" \/><\/p>\n<div class=\"article_text\">\nEn el \u00e1rea de ESTRUCTURAS DE EDIFICACI\u00d3N, el \u00e1mbito de trabajo de ASITEC, SLP en esta especialidad, se ci\u00f1e al desarrollo de proyectos de naves industriales y estructuras de edificaci\u00f3n.<\/p>\n<\/div>","protected":false},"excerpt":{"rendered":"","protected":false},"author":2,"featured_media":494,"parent":34,"menu_order":3,"comment_status":"closed","ping_status":"closed","template":"","meta":{"footnotes":""},"class_list":["post-59","page","type-page","status-publish","has-post-thumbnail","hentry"],"yoast_head":"<!-- This site is optimized with the Yoast SEO plugin v23.3 - https:\/\/yoast.com\/wordpress\/plugins\/seo\/ -->\n<title>Urbanismo - Asitec<\/title>\n<meta name=\"robots\" content=\"index, follow, max-snippet:-1, max-image-preview:large, max-video-preview:-1\" \/>\n<link rel=\"canonical\" href=\"https:\/\/www.asitec-sl.com\/en\/servicios\/urbanismo\/\" \/>\n<meta property=\"og:locale\" content=\"en_GB\" \/>\n<meta property=\"og:type\" content=\"article\" \/>\n<meta property=\"og:title\" content=\"Urbanismo - Asitec\" \/>\n<meta property=\"og:url\" content=\"https:\/\/www.asitec-sl.com\/en\/servicios\/urbanismo\/\" \/>\n<meta property=\"og:site_name\" content=\"Asitec\" \/>\n<meta property=\"article:publisher\" content=\"https:\/\/www.facebook.com\/AsitecSL-1487006038267232\/\" \/>\n<meta property=\"article:modified_time\" content=\"2018-06-26T17:56:43+00:00\" \/>\n<meta property=\"og:image\" content=\"https:\/\/www.asitec-sl.com\/wp-content\/uploads\/2018\/04\/urbanismo.png\" \/>\n\t<meta property=\"og:image:width\" content=\"320\" \/>\n\t<meta property=\"og:image:height\" content=\"320\" \/>\n\t<meta property=\"og:image:type\" content=\"image\/png\" \/>\n<meta name=\"twitter:card\" content=\"summary_large_image\" \/>\n<meta name=\"twitter:label1\" content=\"Estimated reading time\" \/>\n\t<meta name=\"twitter:data1\" content=\"1 minute\" \/>\n<script type=\"application\/ld+json\" class=\"yoast-schema-graph\">{\"@context\":\"https:\/\/schema.org\",\"@graph\":[{\"@type\":\"WebPage\",\"@id\":\"https:\/\/www.asitec-sl.com\/en\/servicios\/urbanismo\/\",\"url\":\"https:\/\/www.asitec-sl.com\/en\/servicios\/urbanismo\/\",\"name\":\"Urbanismo - Asitec\",\"isPartOf\":{\"@id\":\"https:\/\/www.asitec-sl.com\/#website\"},\"primaryImageOfPage\":{\"@id\":\"https:\/\/www.asitec-sl.com\/en\/servicios\/urbanismo\/#primaryimage\"},\"image\":{\"@id\":\"https:\/\/www.asitec-sl.com\/en\/servicios\/urbanismo\/#primaryimage\"},\"thumbnailUrl\":\"https:\/\/www.asitec-sl.com\/wp-content\/uploads\/2018\/04\/urbanismo.png\",\"datePublished\":\"2018-06-26T13:31:57+00:00\",\"dateModified\":\"2018-06-26T17:56:43+00:00\",\"breadcrumb\":{\"@id\":\"https:\/\/www.asitec-sl.com\/en\/servicios\/urbanismo\/#breadcrumb\"},\"inLanguage\":\"en-GB\",\"potentialAction\":[{\"@type\":\"ReadAction\",\"target\":[\"https:\/\/www.asitec-sl.com\/en\/servicios\/urbanismo\/\"]}]},{\"@type\":\"ImageObject\",\"inLanguage\":\"en-GB\",\"@id\":\"https:\/\/www.asitec-sl.com\/en\/servicios\/urbanismo\/#primaryimage\",\"url\":\"https:\/\/www.asitec-sl.com\/wp-content\/uploads\/2018\/04\/urbanismo.png\",\"contentUrl\":\"https:\/\/www.asitec-sl.com\/wp-content\/uploads\/2018\/04\/urbanismo.png\",\"width\":320,\"height\":320,\"caption\":\"urbanismo\"},{\"@type\":\"BreadcrumbList\",\"@id\":\"https:\/\/www.asitec-sl.com\/en\/servicios\/urbanismo\/#breadcrumb\",\"itemListElement\":[{\"@type\":\"ListItem\",\"position\":1,\"name\":\"Inicio\",\"item\":\"https:\/\/www.asitec-sl.com\/\"},{\"@type\":\"ListItem\",\"position\":2,\"name\":\"Servicios\",\"item\":\"https:\/\/www.asitec-sl.com\/servicios\/\"},{\"@type\":\"ListItem\",\"position\":3,\"name\":\"Urbanismo\"}]},{\"@type\":\"WebSite\",\"@id\":\"https:\/\/www.asitec-sl.com\/#website\",\"url\":\"https:\/\/www.asitec-sl.com\/\",\"name\":\"Asitec\",\"description\":\"Ingenier\u00eda, Urbanismos y Medio Ambiente S.L.P.\",\"publisher\":{\"@id\":\"https:\/\/www.asitec-sl.com\/#organization\"},\"potentialAction\":[{\"@type\":\"SearchAction\",\"target\":{\"@type\":\"EntryPoint\",\"urlTemplate\":\"https:\/\/www.asitec-sl.com\/?s={search_term_string}\"},\"query-input\":\"required name=search_term_string\"}],\"inLanguage\":\"en-GB\"},{\"@type\":\"Organization\",\"@id\":\"https:\/\/www.asitec-sl.com\/#organization\",\"name\":\"ASITEC SLP\",\"url\":\"https:\/\/www.asitec-sl.com\/\",\"logo\":{\"@type\":\"ImageObject\",\"inLanguage\":\"en-GB\",\"@id\":\"https:\/\/www.asitec-sl.com\/#\/schema\/logo\/image\/\",\"url\":\"https:\/\/www.asitec-sl.com\/wp-content\/uploads\/2018\/01\/logo-web-1.png\",\"contentUrl\":\"https:\/\/www.asitec-sl.com\/wp-content\/uploads\/2018\/01\/logo-web-1.png\",\"width\":520,\"height\":184,\"caption\":\"ASITEC SLP\"},\"image\":{\"@id\":\"https:\/\/www.asitec-sl.com\/#\/schema\/logo\/image\/\"},\"sameAs\":[\"https:\/\/www.facebook.com\/AsitecSL-1487006038267232\/\"]}]}<\/script>\n<!-- \/ Yoast SEO plugin. -->","yoast_head_json":{"title":"Urbanismo - Asitec","robots":{"index":"index","follow":"follow","max-snippet":"max-snippet:-1","max-image-preview":"max-image-preview:large","max-video-preview":"max-video-preview:-1"},"canonical":"https:\/\/www.asitec-sl.com\/en\/servicios\/urbanismo\/","og_locale":"en_GB","og_type":"article","og_title":"Urbanismo - Asitec","og_url":"https:\/\/www.asitec-sl.com\/en\/servicios\/urbanismo\/","og_site_name":"Asitec","article_publisher":"https:\/\/www.facebook.com\/AsitecSL-1487006038267232\/","article_modified_time":"2018-06-26T17:56:43+00:00","og_image":[{"width":320,"height":320,"url":"https:\/\/www.asitec-sl.com\/wp-content\/uploads\/2018\/04\/urbanismo.png","type":"image\/png"}],"twitter_card":"summary_large_image","twitter_misc":{"Estimated reading time":"1 minute"},"schema":{"@context":"https:\/\/schema.org","@graph":[{"@type":"WebPage","@id":"https:\/\/www.asitec-sl.com\/en\/servicios\/urbanismo\/","url":"https:\/\/www.asitec-sl.com\/en\/servicios\/urbanismo\/","name":"Urbanismo - Asitec","isPartOf":{"@id":"https:\/\/www.asitec-sl.com\/#website"},"primaryImageOfPage":{"@id":"https:\/\/www.asitec-sl.com\/en\/servicios\/urbanismo\/#primaryimage"},"image":{"@id":"https:\/\/www.asitec-sl.com\/en\/servicios\/urbanismo\/#primaryimage"},"thumbnailUrl":"https:\/\/www.asitec-sl.com\/wp-content\/uploads\/2018\/04\/urbanismo.png","datePublished":"2018-06-26T13:31:57+00:00","dateModified":"2018-06-26T17:56:43+00:00","breadcrumb":{"@id":"https:\/\/www.asitec-sl.com\/en\/servicios\/urbanismo\/#breadcrumb"},"inLanguage":"en-GB","potentialAction":[{"@type":"ReadAction","target":["https:\/\/www.asitec-sl.com\/en\/servicios\/urbanismo\/"]}]},{"@type":"ImageObject","inLanguage":"en-GB","@id":"https:\/\/www.asitec-sl.com\/en\/servicios\/urbanismo\/#primaryimage","url":"https:\/\/www.asitec-sl.com\/wp-content\/uploads\/2018\/04\/urbanismo.png","contentUrl":"https:\/\/www.asitec-sl.com\/wp-content\/uploads\/2018\/04\/urbanismo.png","width":320,"height":320,"caption":"urbanismo"},{"@type":"BreadcrumbList","@id":"https:\/\/www.asitec-sl.com\/en\/servicios\/urbanismo\/#breadcrumb","itemListElement":[{"@type":"ListItem","position":1,"name":"Inicio","item":"https:\/\/www.asitec-sl.com\/"},{"@type":"ListItem","position":2,"name":"Servicios","item":"https:\/\/www.asitec-sl.com\/servicios\/"},{"@type":"ListItem","position":3,"name":"Urbanismo"}]},{"@type":"WebSite","@id":"https:\/\/www.asitec-sl.com\/#website","url":"https:\/\/www.asitec-sl.com\/","name":"Asitec","description":"Ingenier\u00eda, Urbanismos y Medio Ambiente S.L.P.","publisher":{"@id":"https:\/\/www.asitec-sl.com\/#organization"},"potentialAction":[{"@type":"SearchAction","target":{"@type":"EntryPoint","urlTemplate":"https:\/\/www.asitec-sl.com\/?s={search_term_string}"},"query-input":"required name=search_term_string"}],"inLanguage":"en-GB"},{"@type":"Organization","@id":"https:\/\/www.asitec-sl.com\/#organization","name":"ASITEC SLP","url":"https:\/\/www.asitec-sl.com\/","logo":{"@type":"ImageObject","inLanguage":"en-GB","@id":"https:\/\/www.asitec-sl.com\/#\/schema\/logo\/image\/","url":"https:\/\/www.asitec-sl.com\/wp-content\/uploads\/2018\/01\/logo-web-1.png","contentUrl":"https:\/\/www.asitec-sl.com\/wp-content\/uploads\/2018\/01\/logo-web-1.png","width":520,"height":184,"caption":"ASITEC SLP"},"image":{"@id":"https:\/\/www.asitec-sl.com\/#\/schema\/logo\/image\/"},"sameAs":["https:\/\/www.facebook.com\/AsitecSL-1487006038267232\/"]}]}},"_links":{"self":[{"href":"https:\/\/www.asitec-sl.com\/en\/wp-json\/wp\/v2\/pages\/59"}],"collection":[{"href":"https:\/\/www.asitec-sl.com\/en\/wp-json\/wp\/v2\/pages"}],"about":[{"href":"https:\/\/www.asitec-sl.com\/en\/wp-json\/wp\/v2\/types\/page"}],"author":[{"embeddable":true,"href":"https:\/\/www.asitec-sl.com\/en\/wp-json\/wp\/v2\/users\/2"}],"replies":[{"embeddable":true,"href":"https:\/\/www.asitec-sl.com\/en\/wp-json\/wp\/v2\/comments?post=59"}],"version-history":[{"count":1,"href":"https:\/\/www.asitec-sl.com\/en\/wp-json\/wp\/v2\/pages\/59\/revisions"}],"predecessor-version":[{"id":1141,"href":"https:\/\/www.asitec-sl.com\/en\/wp-json\/wp\/v2\/pages\/59\/revisions\/1141"}],"up":[{"embeddable":true,"href":"https:\/\/www.asitec-sl.com\/en\/wp-json\/wp\/v2\/pages\/34"}],"wp:featuredmedia":[{"embeddable":true,"href":"https:\/\/www.asitec-sl.com\/en\/wp-json\/wp\/v2\/media\/494"}],"wp:attachment":[{"href":"https:\/\/www.asitec-sl.com\/en\/wp-json\/wp\/v2\/media?parent=59"}],"curies":[{"name":"wp","href":"https:\/\/api.w.org\/{rel}","templated":true}]}}