{"id":5,"date":"2018-06-26T19:05:01","date_gmt":"2018-06-26T18:05:01","guid":{"rendered":"http:\/\/localhost\/wordpress\/?page_id=5"},"modified":"2018-06-26T18:58:18","modified_gmt":"2018-06-26T17:58:18","slug":"inicio","status":"publish","type":"page","link":"https:\/\/www.asitec-sl.com\/en\/","title":{"rendered":"Inicio"},"content":{"rendered":"<p><strong>ASITEC, Ingenier\u00eda Urbanismo y Medio Ambiente<\/strong>\u00a0dispone de un equipo de trabajo multidisciplinar que le permite abordar todo tipo de proyectos desde diferentes perspectivas, sumando diferentes conocimientos y experiencias con el principal objetivo de lograr la satisfacci\u00f3n y fidelizaci\u00f3n de sus clientes. Su\u00a0<strong>equipo humano y profesional<\/strong>\u00a0constituye el principal activo de la sociedad al estar compuesto por expertos cualificados en varias titulaciones formados por:<\/p>\n<ul>\n<li><strong>Ingenieros de Caminos, Canales y Puertos<\/strong><\/li>\n<li><strong>Arquitectos<\/strong><\/li>\n<li><strong>Arquitectos t\u00e9cnicos<\/strong><\/li>\n<li><strong>Ingenieros T\u00e9cnicos en Topograf\u00eda<\/strong><\/li>\n<li><strong>Licenciados en Ciencias Ambientales<\/strong><\/li>\n<li><strong>Licenciados en Derecho<\/strong><\/li>\n<li><strong>Diplomados en Relaciones socio-laborales<\/strong><\/li>\n<\/ul>","protected":false},"excerpt":{"rendered":"<p>ASITEC, Ingenier\u00eda Urbanismo y Medio Ambiente\u00a0dispone de un equipo de trabajo multidisciplinar que le permite abordar todo tipo de proyectos desde diferentes perspectivas, sumando diferentes conocimientos y experiencias con el principal objetivo de lograr la satisfacci\u00f3n y fidelizaci\u00f3n de sus<\/p>","protected":false},"author":2,"featured_media":0,"parent":0,"menu_order":0,"comment_status":"closed","ping_status":"closed","template":"page-templates\/business.php","meta":{"footnotes":""},"class_list":["post-5","page","type-page","status-publish","hentry"],"yoast_head":"<!-- This site is optimized with the Yoast SEO plugin v23.3 - https:\/\/yoast.com\/wordpress\/plugins\/seo\/ -->\n<title>ASITEC Ingenier\u00eda, Urbanismo y Medio Ambiente<\/title>\n<meta name=\"description\" content=\"Consultora de ingenier\u00eda civil, urbanismo y topograf\u00eda afincada en Granada. Trabajos para adm. p\u00fablicas, clientes privados y asesoramiento al ciudadano.\" \/>\n<meta name=\"robots\" content=\"index, follow, max-snippet:-1, max-image-preview:large, max-video-preview:-1\" \/>\n<link rel=\"canonical\" href=\"https:\/\/www.asitec-sl.com\/en\/\" \/>\n<meta property=\"og:locale\" content=\"en_GB\" \/>\n<meta property=\"og:type\" content=\"article\" \/>\n<meta property=\"og:title\" content=\"ASITEC Ingenier\u00eda, Urbanismo y Medio Ambiente\" \/>\n<meta property=\"og:description\" content=\"Consultora de ingenier\u00eda civil, urbanismo y topograf\u00eda afincada en Granada. Trabajos para adm. p\u00fablicas, clientes privados y asesoramiento al ciudadano.\" \/>\n<meta property=\"og:url\" content=\"https:\/\/www.asitec-sl.com\/en\/\" \/>\n<meta property=\"og:site_name\" content=\"Asitec\" \/>\n<meta property=\"article:publisher\" content=\"https:\/\/www.facebook.com\/AsitecSL-1487006038267232\/\" \/>\n<meta property=\"article:modified_time\" content=\"2018-06-26T17:58:18+00:00\" \/>\n<meta name=\"twitter:card\" content=\"summary_large_image\" \/>\n<script type=\"application\/ld+json\" class=\"yoast-schema-graph\">{\"@context\":\"https:\/\/schema.org\",\"@graph\":[{\"@type\":\"WebPage\",\"@id\":\"https:\/\/www.asitec-sl.com\/\",\"url\":\"https:\/\/www.asitec-sl.com\/\",\"name\":\"ASITEC Ingenier\u00eda, Urbanismo y Medio Ambiente\",\"isPartOf\":{\"@id\":\"https:\/\/www.asitec-sl.com\/#website\"},\"datePublished\":\"2018-06-26T18:05:01+00:00\",\"dateModified\":\"2018-06-26T17:58:18+00:00\",\"description\":\"Consultora de ingenier\u00eda civil, urbanismo y topograf\u00eda afincada en Granada. Trabajos para adm. p\u00fablicas, clientes privados y asesoramiento al ciudadano.\",\"breadcrumb\":{\"@id\":\"https:\/\/www.asitec-sl.com\/#breadcrumb\"},\"inLanguage\":\"en-GB\",\"potentialAction\":[{\"@type\":\"ReadAction\",\"target\":[\"https:\/\/www.asitec-sl.com\/\"]}]},{\"@type\":\"BreadcrumbList\",\"@id\":\"https:\/\/www.asitec-sl.com\/#breadcrumb\",\"itemListElement\":[{\"@type\":\"ListItem\",\"position\":1,\"name\":\"Inicio\",\"item\":\"https:\/\/www.asitec-sl.com\/\"},{\"@type\":\"ListItem\",\"position\":2,\"name\":\"Inicio\"}]},{\"@type\":\"WebSite\",\"@id\":\"https:\/\/www.asitec-sl.com\/#website\",\"url\":\"https:\/\/www.asitec-sl.com\/\",\"name\":\"Asitec\",\"description\":\"Ingenier\u00eda, Urbanismos y Medio Ambiente S.L.P.\",\"publisher\":{\"@id\":\"https:\/\/www.asitec-sl.com\/#organization\"},\"potentialAction\":[{\"@type\":\"SearchAction\",\"target\":{\"@type\":\"EntryPoint\",\"urlTemplate\":\"https:\/\/www.asitec-sl.com\/?s={search_term_string}\"},\"query-input\":\"required name=search_term_string\"}],\"inLanguage\":\"en-GB\"},{\"@type\":\"Organization\",\"@id\":\"https:\/\/www.asitec-sl.com\/#organization\",\"name\":\"ASITEC SLP\",\"url\":\"https:\/\/www.asitec-sl.com\/\",\"logo\":{\"@type\":\"ImageObject\",\"inLanguage\":\"en-GB\",\"@id\":\"https:\/\/www.asitec-sl.com\/#\/schema\/logo\/image\/\",\"url\":\"https:\/\/www.asitec-sl.com\/wp-content\/uploads\/2018\/01\/logo-web-1.png\",\"contentUrl\":\"https:\/\/www.asitec-sl.com\/wp-content\/uploads\/2018\/01\/logo-web-1.png\",\"width\":520,\"height\":184,\"caption\":\"ASITEC SLP\"},\"image\":{\"@id\":\"https:\/\/www.asitec-sl.com\/#\/schema\/logo\/image\/\"},\"sameAs\":[\"https:\/\/www.facebook.com\/AsitecSL-1487006038267232\/\"]}]}<\/script>\n<!-- \/ Yoast SEO plugin. -->","yoast_head_json":{"title":"ASITEC Ingenier\u00eda, Urbanismo y Medio Ambiente","description":"Consultora de ingenier\u00eda civil, urbanismo y topograf\u00eda afincada en Granada. Trabajos para adm. p\u00fablicas, clientes privados y asesoramiento al ciudadano.","robots":{"index":"index","follow":"follow","max-snippet":"max-snippet:-1","max-image-preview":"max-image-preview:large","max-video-preview":"max-video-preview:-1"},"canonical":"https:\/\/www.asitec-sl.com\/en\/","og_locale":"en_GB","og_type":"article","og_title":"ASITEC Ingenier\u00eda, Urbanismo y Medio Ambiente","og_description":"Consultora de ingenier\u00eda civil, urbanismo y topograf\u00eda afincada en Granada. Trabajos para adm. p\u00fablicas, clientes privados y asesoramiento al ciudadano.","og_url":"https:\/\/www.asitec-sl.com\/en\/","og_site_name":"Asitec","article_publisher":"https:\/\/www.facebook.com\/AsitecSL-1487006038267232\/","article_modified_time":"2018-06-26T17:58:18+00:00","twitter_card":"summary_large_image","schema":{"@context":"https:\/\/schema.org","@graph":[{"@type":"WebPage","@id":"https:\/\/www.asitec-sl.com\/","url":"https:\/\/www.asitec-sl.com\/","name":"ASITEC Ingenier\u00eda, Urbanismo y Medio Ambiente","isPartOf":{"@id":"https:\/\/www.asitec-sl.com\/#website"},"datePublished":"2018-06-26T18:05:01+00:00","dateModified":"2018-06-26T17:58:18+00:00","description":"Consultora de ingenier\u00eda civil, urbanismo y topograf\u00eda afincada en Granada. Trabajos para adm. p\u00fablicas, clientes privados y asesoramiento al ciudadano.","breadcrumb":{"@id":"https:\/\/www.asitec-sl.com\/#breadcrumb"},"inLanguage":"en-GB","potentialAction":[{"@type":"ReadAction","target":["https:\/\/www.asitec-sl.com\/"]}]},{"@type":"BreadcrumbList","@id":"https:\/\/www.asitec-sl.com\/#breadcrumb","itemListElement":[{"@type":"ListItem","position":1,"name":"Inicio","item":"https:\/\/www.asitec-sl.com\/"},{"@type":"ListItem","position":2,"name":"Inicio"}]},{"@type":"WebSite","@id":"https:\/\/www.asitec-sl.com\/#website","url":"https:\/\/www.asitec-sl.com\/","name":"Asitec","description":"Ingenier\u00eda, Urbanismos y Medio Ambiente S.L.P.","publisher":{"@id":"https:\/\/www.asitec-sl.com\/#organization"},"potentialAction":[{"@type":"SearchAction","target":{"@type":"EntryPoint","urlTemplate":"https:\/\/www.asitec-sl.com\/?s={search_term_string}"},"query-input":"required name=search_term_string"}],"inLanguage":"en-GB"},{"@type":"Organization","@id":"https:\/\/www.asitec-sl.com\/#organization","name":"ASITEC SLP","url":"https:\/\/www.asitec-sl.com\/","logo":{"@type":"ImageObject","inLanguage":"en-GB","@id":"https:\/\/www.asitec-sl.com\/#\/schema\/logo\/image\/","url":"https:\/\/www.asitec-sl.com\/wp-content\/uploads\/2018\/01\/logo-web-1.png","contentUrl":"https:\/\/www.asitec-sl.com\/wp-content\/uploads\/2018\/01\/logo-web-1.png","width":520,"height":184,"caption":"ASITEC SLP"},"image":{"@id":"https:\/\/www.asitec-sl.com\/#\/schema\/logo\/image\/"},"sameAs":["https:\/\/www.facebook.com\/AsitecSL-1487006038267232\/"]}]}},"_links":{"self":[{"href":"https:\/\/www.asitec-sl.com\/en\/wp-json\/wp\/v2\/pages\/5"}],"collection":[{"href":"https:\/\/www.asitec-sl.com\/en\/wp-json\/wp\/v2\/pages"}],"about":[{"href":"https:\/\/www.asitec-sl.com\/en\/wp-json\/wp\/v2\/types\/page"}],"author":[{"embeddable":true,"href":"https:\/\/www.asitec-sl.com\/en\/wp-json\/wp\/v2\/users\/2"}],"replies":[{"embeddable":true,"href":"https:\/\/www.asitec-sl.com\/en\/wp-json\/wp\/v2\/comments?post=5"}],"version-history":[{"count":2,"href":"https:\/\/www.asitec-sl.com\/en\/wp-json\/wp\/v2\/pages\/5\/revisions"}],"predecessor-version":[{"id":1266,"href":"https:\/\/www.asitec-sl.com\/en\/wp-json\/wp\/v2\/pages\/5\/revisions\/1266"}],"wp:attachment":[{"href":"https:\/\/www.asitec-sl.com\/en\/wp-json\/wp\/v2\/media?parent=5"}],"curies":[{"name":"wp","href":"https:\/\/api.w.org\/{rel}","templated":true}]}}