{"id":274,"date":"2018-06-26T10:09:16","date_gmt":"2018-06-26T09:09:16","guid":{"rendered":"http:\/\/wp-asi.carlosarc.com\/?page_id=274"},"modified":"2018-06-26T19:09:45","modified_gmt":"2018-06-26T18:09:45","slug":"ingenieria-hidraulica-y-agua","status":"publish","type":"page","link":"https:\/\/www.asitec-sl.com\/en\/servicios\/ingenieria-civil-y-medio-ambiente\/ingenieria-hidraulica-y-agua\/","title":{"rendered":"Ingenier\u00eda Hidr\u00e1ulica y Agua"},"content":{"rendered":"<p>La empresa tiene una larga tradici\u00f3n en proyectos y estudios relacionados con la ingenier\u00eda hidr\u00e1ulica. La experiencia de los profesionales que componen el equipo humano de ASITEC, SLP ha sido adquirida con numerosos trabajos que van desde sencillos estudios hidrol\u00f3gicos e hidr\u00e1ulicos hasta proyectos m\u00e1s complejos de encauzamientos, regad\u00edo y de infraestructuras en el Ciclo Integral del Agua.\n<\/p>\n<div class=\"block_images_flex\">\n<div><img loading=\"lazy\" decoding=\"async\" src=\"http:\/\/wp-asi.carlosarc.com\/wp-content\/uploads\/2018\/03\/05.jpg\" alt=\"Ingenier\u00eda Hidr\u00e1ulica y Agua\" width=\"600\" height=\"450\" \/><\/div>\n<div><img loading=\"lazy\" decoding=\"async\" src=\"http:\/\/wp-asi.carlosarc.com\/wp-content\/uploads\/2018\/03\/04.jpg\" alt=\"Ingenier\u00eda Hidr\u00e1ulica y Agua\" width=\"600\" height=\"450\" \/><\/div>\n<\/div>\n<div class=\"clearfix\"><\/div>\n<div class=\"block_image_text\">\n<img loading=\"lazy\" decoding=\"async\" src=\"http:\/\/wp-asi.carlosarc.com\/wp-content\/uploads\/2018\/03\/06.jpg\" alt=\"Ingenier\u00eda Hidr\u00e1ulica y Agua\" width=\"600\" height=\"450\" \/><\/p>\n<div class=\"article_text\">\nDe esta forma ASITEC, INGENIER\u00cdA URBANISMO Y MEDIO AMBIENTE, SLP puede dar servicio a sus clientes en actuaciones hidr\u00e1ulicas como son:<\/p>\n<ul>\n<li><strong>Planificaci\u00f3n hidrol\u00f3gica, Estudios hidrol\u00f3gicos e hidr\u00e1ulicos de cauces y arroyos, Prevenci\u00f3n de avenidas<\/strong>. ASITEC, SLP se ha especializado en este tipo de estudios y an\u00e1lisis, trabajando con las herramientas m\u00e1s avanzadas existentes en el mercado, tanto de informaci\u00f3n geogr\u00e1fica como tambi\u00e9n herramientas de hidrolog\u00eda y modelizaci\u00f3n hidr\u00e1ulica en r\u00edos y cauces.<\/li>\n<li><strong>Proyectos y Anteproyectos de Obras Hidr\u00e1ulicas:<\/strong> Abastecimiento y Saneamiento de poblaciones, Modernizaci\u00f3n de Regad\u00edos, Dep\u00f3sitos, Encauzamientos \u2026 ASITEC, SLP viene prestando sus servicios desde pr\u00e1cticamente sus inicios, con empresas gestoras y concesionarias del ciclo integral del agua como especialistas en infraestructuras de transporte de aguas.<\/li>\n<li><strong>Tratamiento y Depuraci\u00f3n:<\/strong> Estaciones de Depuraci\u00f3n de Aguas Residuales, Estaciones de Tratamiento de Aguas Potables\u2026 ASITEC, SLP se compromete en este campo, aportando un equipo multidisciplinar de profesionales capaz de abarcar todo el ciclo del tratamiento del agua (estudios previos, viabilidad, estudios de alternativas, proyectos\u2026).<\/li>\n<li><strong>Regad\u00edos: <\/strong>proyectos y estudios de modernizaci\u00f3n de regad\u00edos, balsas de regad\u00edo..<\/li>\n<li><strong>Control, Asistencias T\u00e9cnicas y Direcciones de Obra<\/strong> en Saneamientos, Abastecimientos, Depuradoras, Estaciones de Tratamiento de Aguas, Dep\u00f3sitos, Encauzamientos, Aprovechamientos hidroel\u00e9ctricos\u2026<\/li>\n<li>Informes y estudios t\u00e9cnicos.<\/li>\n<\/ul>\n<\/div>\n<\/div>","protected":false},"excerpt":{"rendered":"<p>La empresa tiene una larga tradici\u00f3n en proyectos y estudios relacionados con la ingenier\u00eda hidr\u00e1ulica. La experiencia de los profesionales que componen el equipo humano de ASITEC, SLP ha sido adquirida con numerosos trabajos que van desde sencillos estudios hidrol\u00f3gicos<\/p>","protected":false},"author":2,"featured_media":0,"parent":55,"menu_order":2,"comment_status":"closed","ping_status":"closed","template":"","meta":{"footnotes":""},"class_list":["post-274","page","type-page","status-publish","hentry"],"yoast_head":"<!-- This site is optimized with the Yoast SEO plugin v23.3 - https:\/\/yoast.com\/wordpress\/plugins\/seo\/ -->\n<title>Ingenier\u00eda Hidr\u00e1ulica y Agua - Asitec<\/title>\n<meta name=\"robots\" content=\"index, follow, max-snippet:-1, max-image-preview:large, max-video-preview:-1\" \/>\n<link rel=\"canonical\" href=\"https:\/\/www.asitec-sl.com\/en\/servicios\/ingenieria-civil-y-medio-ambiente\/ingenieria-hidraulica-y-agua\/\" \/>\n<meta property=\"og:locale\" content=\"en_GB\" \/>\n<meta property=\"og:type\" content=\"article\" \/>\n<meta property=\"og:title\" content=\"Ingenier\u00eda Hidr\u00e1ulica y Agua - Asitec\" \/>\n<meta property=\"og:description\" content=\"La empresa tiene una larga tradici\u00f3n en proyectos y estudios relacionados con la ingenier\u00eda hidr\u00e1ulica. La experiencia de los profesionales que componen el equipo humano de ASITEC, SLP ha sido adquirida con numerosos trabajos que van desde sencillos estudios hidrol\u00f3gicos\" \/>\n<meta property=\"og:url\" content=\"https:\/\/www.asitec-sl.com\/en\/servicios\/ingenieria-civil-y-medio-ambiente\/ingenieria-hidraulica-y-agua\/\" \/>\n<meta property=\"og:site_name\" content=\"Asitec\" \/>\n<meta property=\"article:publisher\" content=\"https:\/\/www.facebook.com\/AsitecSL-1487006038267232\/\" \/>\n<meta property=\"article:modified_time\" content=\"2018-06-26T18:09:45+00:00\" \/>\n<meta property=\"og:image\" content=\"http:\/\/wp-asi.carlosarc.com\/wp-content\/uploads\/2018\/03\/05.jpg\" \/>\n<meta name=\"twitter:card\" content=\"summary_large_image\" \/>\n<meta name=\"twitter:label1\" content=\"Estimated reading time\" \/>\n\t<meta name=\"twitter:data1\" content=\"1 minute\" \/>\n<script type=\"application\/ld+json\" class=\"yoast-schema-graph\">{\"@context\":\"https:\/\/schema.org\",\"@graph\":[{\"@type\":\"WebPage\",\"@id\":\"https:\/\/www.asitec-sl.com\/servicios\/ingenieria-civil-y-medio-ambiente\/ingenieria-hidraulica-y-agua\/\",\"url\":\"https:\/\/www.asitec-sl.com\/servicios\/ingenieria-civil-y-medio-ambiente\/ingenieria-hidraulica-y-agua\/\",\"name\":\"Ingenier\u00eda Hidr\u00e1ulica y Agua - Asitec\",\"isPartOf\":{\"@id\":\"https:\/\/www.asitec-sl.com\/#website\"},\"primaryImageOfPage\":{\"@id\":\"https:\/\/www.asitec-sl.com\/servicios\/ingenieria-civil-y-medio-ambiente\/ingenieria-hidraulica-y-agua\/#primaryimage\"},\"image\":{\"@id\":\"https:\/\/www.asitec-sl.com\/servicios\/ingenieria-civil-y-medio-ambiente\/ingenieria-hidraulica-y-agua\/#primaryimage\"},\"thumbnailUrl\":\"http:\/\/wp-asi.carlosarc.com\/wp-content\/uploads\/2018\/03\/05.jpg\",\"datePublished\":\"2018-06-26T09:09:16+00:00\",\"dateModified\":\"2018-06-26T18:09:45+00:00\",\"breadcrumb\":{\"@id\":\"https:\/\/www.asitec-sl.com\/servicios\/ingenieria-civil-y-medio-ambiente\/ingenieria-hidraulica-y-agua\/#breadcrumb\"},\"inLanguage\":\"en-GB\",\"potentialAction\":[{\"@type\":\"ReadAction\",\"target\":[\"https:\/\/www.asitec-sl.com\/servicios\/ingenieria-civil-y-medio-ambiente\/ingenieria-hidraulica-y-agua\/\"]}]},{\"@type\":\"ImageObject\",\"inLanguage\":\"en-GB\",\"@id\":\"https:\/\/www.asitec-sl.com\/servicios\/ingenieria-civil-y-medio-ambiente\/ingenieria-hidraulica-y-agua\/#primaryimage\",\"url\":\"http:\/\/wp-asi.carlosarc.com\/wp-content\/uploads\/2018\/03\/05.jpg\",\"contentUrl\":\"http:\/\/wp-asi.carlosarc.com\/wp-content\/uploads\/2018\/03\/05.jpg\"},{\"@type\":\"BreadcrumbList\",\"@id\":\"https:\/\/www.asitec-sl.com\/servicios\/ingenieria-civil-y-medio-ambiente\/ingenieria-hidraulica-y-agua\/#breadcrumb\",\"itemListElement\":[{\"@type\":\"ListItem\",\"position\":1,\"name\":\"Inicio\",\"item\":\"https:\/\/www.asitec-sl.com\/\"},{\"@type\":\"ListItem\",\"position\":2,\"name\":\"Servicios\",\"item\":\"https:\/\/www.asitec-sl.com\/servicios\/\"},{\"@type\":\"ListItem\",\"position\":3,\"name\":\"Ingenier\u00eda Civil y Medio Ambiente\",\"item\":\"https:\/\/www.asitec-sl.com\/servicios\/ingenieria-civil-y-medio-ambiente\/\"},{\"@type\":\"ListItem\",\"position\":4,\"name\":\"Ingenier\u00eda Hidr\u00e1ulica y Agua\"}]},{\"@type\":\"WebSite\",\"@id\":\"https:\/\/www.asitec-sl.com\/#website\",\"url\":\"https:\/\/www.asitec-sl.com\/\",\"name\":\"Asitec\",\"description\":\"Ingenier\u00eda, Urbanismos y Medio Ambiente S.L.P.\",\"publisher\":{\"@id\":\"https:\/\/www.asitec-sl.com\/#organization\"},\"potentialAction\":[{\"@type\":\"SearchAction\",\"target\":{\"@type\":\"EntryPoint\",\"urlTemplate\":\"https:\/\/www.asitec-sl.com\/?s={search_term_string}\"},\"query-input\":\"required name=search_term_string\"}],\"inLanguage\":\"en-GB\"},{\"@type\":\"Organization\",\"@id\":\"https:\/\/www.asitec-sl.com\/#organization\",\"name\":\"ASITEC SLP\",\"url\":\"https:\/\/www.asitec-sl.com\/\",\"logo\":{\"@type\":\"ImageObject\",\"inLanguage\":\"en-GB\",\"@id\":\"https:\/\/www.asitec-sl.com\/#\/schema\/logo\/image\/\",\"url\":\"https:\/\/www.asitec-sl.com\/wp-content\/uploads\/2018\/01\/logo-web-1.png\",\"contentUrl\":\"https:\/\/www.asitec-sl.com\/wp-content\/uploads\/2018\/01\/logo-web-1.png\",\"width\":520,\"height\":184,\"caption\":\"ASITEC SLP\"},\"image\":{\"@id\":\"https:\/\/www.asitec-sl.com\/#\/schema\/logo\/image\/\"},\"sameAs\":[\"https:\/\/www.facebook.com\/AsitecSL-1487006038267232\/\"]}]}<\/script>\n<!-- \/ Yoast SEO plugin. -->","yoast_head_json":{"title":"Ingenier\u00eda Hidr\u00e1ulica y Agua - Asitec","robots":{"index":"index","follow":"follow","max-snippet":"max-snippet:-1","max-image-preview":"max-image-preview:large","max-video-preview":"max-video-preview:-1"},"canonical":"https:\/\/www.asitec-sl.com\/en\/servicios\/ingenieria-civil-y-medio-ambiente\/ingenieria-hidraulica-y-agua\/","og_locale":"en_GB","og_type":"article","og_title":"Ingenier\u00eda Hidr\u00e1ulica y Agua - Asitec","og_description":"La empresa tiene una larga tradici\u00f3n en proyectos y estudios relacionados con la ingenier\u00eda hidr\u00e1ulica. La experiencia de los profesionales que componen el equipo humano de ASITEC, SLP ha sido adquirida con numerosos trabajos que van desde sencillos estudios hidrol\u00f3gicos","og_url":"https:\/\/www.asitec-sl.com\/en\/servicios\/ingenieria-civil-y-medio-ambiente\/ingenieria-hidraulica-y-agua\/","og_site_name":"Asitec","article_publisher":"https:\/\/www.facebook.com\/AsitecSL-1487006038267232\/","article_modified_time":"2018-06-26T18:09:45+00:00","og_image":[{"url":"http:\/\/wp-asi.carlosarc.com\/wp-content\/uploads\/2018\/03\/05.jpg"}],"twitter_card":"summary_large_image","twitter_misc":{"Estimated reading time":"1 minute"},"schema":{"@context":"https:\/\/schema.org","@graph":[{"@type":"WebPage","@id":"https:\/\/www.asitec-sl.com\/servicios\/ingenieria-civil-y-medio-ambiente\/ingenieria-hidraulica-y-agua\/","url":"https:\/\/www.asitec-sl.com\/servicios\/ingenieria-civil-y-medio-ambiente\/ingenieria-hidraulica-y-agua\/","name":"Ingenier\u00eda Hidr\u00e1ulica y Agua - Asitec","isPartOf":{"@id":"https:\/\/www.asitec-sl.com\/#website"},"primaryImageOfPage":{"@id":"https:\/\/www.asitec-sl.com\/servicios\/ingenieria-civil-y-medio-ambiente\/ingenieria-hidraulica-y-agua\/#primaryimage"},"image":{"@id":"https:\/\/www.asitec-sl.com\/servicios\/ingenieria-civil-y-medio-ambiente\/ingenieria-hidraulica-y-agua\/#primaryimage"},"thumbnailUrl":"http:\/\/wp-asi.carlosarc.com\/wp-content\/uploads\/2018\/03\/05.jpg","datePublished":"2018-06-26T09:09:16+00:00","dateModified":"2018-06-26T18:09:45+00:00","breadcrumb":{"@id":"https:\/\/www.asitec-sl.com\/servicios\/ingenieria-civil-y-medio-ambiente\/ingenieria-hidraulica-y-agua\/#breadcrumb"},"inLanguage":"en-GB","potentialAction":[{"@type":"ReadAction","target":["https:\/\/www.asitec-sl.com\/servicios\/ingenieria-civil-y-medio-ambiente\/ingenieria-hidraulica-y-agua\/"]}]},{"@type":"ImageObject","inLanguage":"en-GB","@id":"https:\/\/www.asitec-sl.com\/servicios\/ingenieria-civil-y-medio-ambiente\/ingenieria-hidraulica-y-agua\/#primaryimage","url":"http:\/\/wp-asi.carlosarc.com\/wp-content\/uploads\/2018\/03\/05.jpg","contentUrl":"http:\/\/wp-asi.carlosarc.com\/wp-content\/uploads\/2018\/03\/05.jpg"},{"@type":"BreadcrumbList","@id":"https:\/\/www.asitec-sl.com\/servicios\/ingenieria-civil-y-medio-ambiente\/ingenieria-hidraulica-y-agua\/#breadcrumb","itemListElement":[{"@type":"ListItem","position":1,"name":"Inicio","item":"https:\/\/www.asitec-sl.com\/"},{"@type":"ListItem","position":2,"name":"Servicios","item":"https:\/\/www.asitec-sl.com\/servicios\/"},{"@type":"ListItem","position":3,"name":"Ingenier\u00eda Civil y Medio Ambiente","item":"https:\/\/www.asitec-sl.com\/servicios\/ingenieria-civil-y-medio-ambiente\/"},{"@type":"ListItem","position":4,"name":"Ingenier\u00eda Hidr\u00e1ulica y Agua"}]},{"@type":"WebSite","@id":"https:\/\/www.asitec-sl.com\/#website","url":"https:\/\/www.asitec-sl.com\/","name":"Asitec","description":"Ingenier\u00eda, Urbanismos y Medio Ambiente S.L.P.","publisher":{"@id":"https:\/\/www.asitec-sl.com\/#organization"},"potentialAction":[{"@type":"SearchAction","target":{"@type":"EntryPoint","urlTemplate":"https:\/\/www.asitec-sl.com\/?s={search_term_string}"},"query-input":"required name=search_term_string"}],"inLanguage":"en-GB"},{"@type":"Organization","@id":"https:\/\/www.asitec-sl.com\/#organization","name":"ASITEC SLP","url":"https:\/\/www.asitec-sl.com\/","logo":{"@type":"ImageObject","inLanguage":"en-GB","@id":"https:\/\/www.asitec-sl.com\/#\/schema\/logo\/image\/","url":"https:\/\/www.asitec-sl.com\/wp-content\/uploads\/2018\/01\/logo-web-1.png","contentUrl":"https:\/\/www.asitec-sl.com\/wp-content\/uploads\/2018\/01\/logo-web-1.png","width":520,"height":184,"caption":"ASITEC SLP"},"image":{"@id":"https:\/\/www.asitec-sl.com\/#\/schema\/logo\/image\/"},"sameAs":["https:\/\/www.facebook.com\/AsitecSL-1487006038267232\/"]}]}},"_links":{"self":[{"href":"https:\/\/www.asitec-sl.com\/en\/wp-json\/wp\/v2\/pages\/274"}],"collection":[{"href":"https:\/\/www.asitec-sl.com\/en\/wp-json\/wp\/v2\/pages"}],"about":[{"href":"https:\/\/www.asitec-sl.com\/en\/wp-json\/wp\/v2\/types\/page"}],"author":[{"embeddable":true,"href":"https:\/\/www.asitec-sl.com\/en\/wp-json\/wp\/v2\/users\/2"}],"replies":[{"embeddable":true,"href":"https:\/\/www.asitec-sl.com\/en\/wp-json\/wp\/v2\/comments?post=274"}],"version-history":[{"count":1,"href":"https:\/\/www.asitec-sl.com\/en\/wp-json\/wp\/v2\/pages\/274\/revisions"}],"predecessor-version":[{"id":1131,"href":"https:\/\/www.asitec-sl.com\/en\/wp-json\/wp\/v2\/pages\/274\/revisions\/1131"}],"up":[{"embeddable":true,"href":"https:\/\/www.asitec-sl.com\/en\/wp-json\/wp\/v2\/pages\/55"}],"wp:attachment":[{"href":"https:\/\/www.asitec-sl.com\/en\/wp-json\/wp\/v2\/media?parent=274"}],"curies":[{"name":"wp","href":"https:\/\/api.w.org\/{rel}","templated":true}]}}