{"id":220,"date":"2018-06-26T10:57:12","date_gmt":"2018-06-26T09:57:12","guid":{"rendered":"http:\/\/wp-asi.carlosarc.com\/?page_id=220"},"modified":"2018-06-26T19:06:32","modified_gmt":"2018-06-26T18:06:32","slug":"organizacion-y-gestion","status":"publish","type":"page","link":"https:\/\/www.asitec-sl.com\/en\/empresa\/organizacion-y-gestion\/","title":{"rendered":"Organizaci\u00f3n y gesti\u00f3n"},"content":{"rendered":"<div class=\"block_image_text\">\n<p><img loading=\"lazy\" decoding=\"async\" class=\"alignnone wp-image-531\" src=\"http:\/\/wp-asi.carlosarc.com\/wp-content\/uploads\/2018\/05\/equipo-003-1024x683.jpg\" alt=\"Asitec SL Granada\" width=\"640\" height=\"427\" srcset=\"https:\/\/www.asitec-sl.com\/wp-content\/uploads\/2018\/05\/equipo-003-1024x683.jpg 1024w, https:\/\/www.asitec-sl.com\/wp-content\/uploads\/2018\/05\/equipo-003-300x200.jpg 300w, https:\/\/www.asitec-sl.com\/wp-content\/uploads\/2018\/05\/equipo-003-768x512.jpg 768w, https:\/\/www.asitec-sl.com\/wp-content\/uploads\/2018\/05\/equipo-003.jpg 1200w\" sizes=\"(max-width: 640px) 100vw, 640px\" \/><\/p>\n<div class=\"article_text\">\n<p>Desde su constituci\u00f3n, la empresa ha venido consolid\u00e1ndose en el sector de la consultor\u00eda civil y medioamnbiental, manteniendo una organizaci\u00f3n entorno a TRES UNIDADES DE NEGOCIO:<\/p>\n<ul>\n<li>Consultor\u00eda administraci\u00f3n<\/li>\n<li>Consultor\u00eda privada<\/li>\n<li>Topograf\u00eda y servicios catastrales<\/li>\n<\/ul>\n<\/div>\n<\/div>\n<div class=\"clearfix\"><\/div>\n<p>De las que se derivan las siguientes \u00e1reas b\u00e1sicas de trabajo:<\/p>\n<p><a href=\"http:\/\/wp-asi.carlosarc.com\/wp-content\/uploads\/2018\/02\/organizacion-gestion-001.png\" target=\"_blank\" rel=\"noopener\"><img loading=\"lazy\" decoding=\"async\" class=\"aligncenter wp-image-224\" src=\"http:\/\/wp-asi.carlosarc.com\/wp-content\/uploads\/2018\/02\/organizacion-gestion-001.png\" alt=\"\" width=\"1200\" height=\"842\" srcset=\"https:\/\/www.asitec-sl.com\/wp-content\/uploads\/2018\/02\/organizacion-gestion-001.png 1575w, https:\/\/www.asitec-sl.com\/wp-content\/uploads\/2018\/02\/organizacion-gestion-001-300x210.png 300w, https:\/\/www.asitec-sl.com\/wp-content\/uploads\/2018\/02\/organizacion-gestion-001-768x539.png 768w, https:\/\/www.asitec-sl.com\/wp-content\/uploads\/2018\/02\/organizacion-gestion-001-1024x718.png 1024w\" sizes=\"(max-width: 1200px) 100vw, 1200px\" \/><\/a><\/p>\n<hr \/>\n<p>Se organiza en <strong>TRES<\/strong> \u00e1reas de negocio, estructuradas en <strong>SEIS<\/strong> divisiones.<\/p>\n<p>La estructura funcional corresponde a una empresa de marca \u00fanica, en la que la pol\u00edtica de gesti\u00f3n se establece por objetivos con estricto control presupuestario y optimizaci\u00f3n de costes. Los <strong>objetivos estrat\u00e9gicos<\/strong> son marcados a principio de a\u00f1o y revisables cuatrimestralmente recogido todo ello en un <strong>Plan Director anual.<\/strong><\/p>\n<p>ASITEC, SLP cuenta como principal herramienta de gesti\u00f3n, los CUADRO DE MANDOS mensuales para el control y grado de cumplimiento del Plan Director anual en los que se analizan los resultados financieros, los anal\u00edticos por unidades de negocio y los par\u00e1metros operativos que determinen el estado de ejecuci\u00f3n de los expedientes. Todo ello da como resultado el siguiente organigrama funcional:<\/p>\n<p><a href=\"http:\/\/wp-asi.carlosarc.com\/wp-content\/uploads\/2018\/02\/organizacion-gestion-002.png\" target=\"_blank\" rel=\"noopener\"><img loading=\"lazy\" decoding=\"async\" class=\"wp-image-225 size-full aligncenter\" src=\"http:\/\/wp-asi.carlosarc.com\/wp-content\/uploads\/2018\/02\/organizacion-gestion-002.png\" alt=\"\" width=\"1575\" height=\"903\" srcset=\"https:\/\/www.asitec-sl.com\/wp-content\/uploads\/2018\/02\/organizacion-gestion-002.png 1575w, https:\/\/www.asitec-sl.com\/wp-content\/uploads\/2018\/02\/organizacion-gestion-002-300x172.png 300w, https:\/\/www.asitec-sl.com\/wp-content\/uploads\/2018\/02\/organizacion-gestion-002-768x440.png 768w, https:\/\/www.asitec-sl.com\/wp-content\/uploads\/2018\/02\/organizacion-gestion-002-1024x587.png 1024w\" sizes=\"(max-width: 1575px) 100vw, 1575px\" \/><\/a><\/p>\n<hr \/>\n<h2 style=\"text-align: center;\"><strong>\u00d3RGANO DE GESTI\u00d3N Y ESTRUCTURA<\/strong><\/h2>\n<h3>SOCIOS<\/h3>\n<table class=\"asitec-table\" width=\"100%\">\n<tbody>\n<tr>\n<td><strong>Juan Mart\u00edn Fern\u00e1ndez<\/strong><\/td>\n<td>Ingeniero de Caminos Canales y Puertos<\/td>\n<\/tr>\n<tr>\n<td><strong>Pedro Mart\u00edn Fern\u00e1ndez<\/strong><\/td>\n<td>Ingeniero de Caminos Canales y Puertos<\/td>\n<\/tr>\n<tr>\n<td><strong>Santiago Mart\u00edn Fern\u00e1ndez<\/strong><\/td>\n<td>Ingeniero T\u00e9cnico en Geom\u00e1tica y Topograf\u00eda<\/td>\n<\/tr>\n<\/tbody>\n<\/table>\n<div class=\"text_column\">\n<h3>JUNTA DE SOCIOS<\/h3>\n<ul>\n<li>Aprobaci\u00f3n de Cuentas<\/li>\n<li>Aprobaci\u00f3n Plan Director<\/li>\n<\/ul>\n<hr \/>\n<hr \/>\n<h3>COMIT\u00c9 DE DIRECCI\u00d3N<\/h3>\n<ul>\n<li>Cumplimiento de objetivos y presupuestos<\/li>\n<li>An\u00e1lisis cuadro de mandos<\/li>\n<li>Aprobaci\u00f3n de ofertas<\/li>\n<li>Aprobaci\u00f3n e subcontrataciones y proveedores<\/li>\n<li>Gesti\u00f3n de cobro<\/li>\n<\/ul>\n<\/div>","protected":false},"excerpt":{"rendered":"<p>Desde su constituci\u00f3n, la empresa ha venido consolid\u00e1ndose en el sector de la consultor\u00eda civil y medioamnbiental, manteniendo una organizaci\u00f3n entorno a TRES UNIDADES DE NEGOCIO: Consultor\u00eda administraci\u00f3n Consultor\u00eda privada Topograf\u00eda y servicios catastrales De las que se derivan las<\/p>","protected":false},"author":2,"featured_media":0,"parent":31,"menu_order":3,"comment_status":"closed","ping_status":"closed","template":"","meta":{"footnotes":""},"class_list":["post-220","page","type-page","status-publish","hentry"],"yoast_head":"<!-- This site is optimized with the Yoast SEO plugin v23.3 - https:\/\/yoast.com\/wordpress\/plugins\/seo\/ -->\n<title>Organizaci\u00f3n y gesti\u00f3n - Asitec<\/title>\n<meta name=\"description\" content=\"Consultor\u00eda administraci\u00f3n, consultor\u00eda privada, topograf\u00eda y servicios catastrales. Socios, junta de socios y comit\u00e9 de direcci\u00f3n.\" \/>\n<meta name=\"robots\" content=\"index, follow, max-snippet:-1, max-image-preview:large, max-video-preview:-1\" \/>\n<link rel=\"canonical\" href=\"https:\/\/www.asitec-sl.com\/en\/empresa\/organizacion-y-gestion\/\" \/>\n<meta property=\"og:locale\" content=\"en_GB\" \/>\n<meta property=\"og:type\" content=\"article\" \/>\n<meta property=\"og:title\" content=\"Organizaci\u00f3n y gesti\u00f3n - Asitec\" \/>\n<meta property=\"og:description\" content=\"Consultor\u00eda administraci\u00f3n, consultor\u00eda privada, topograf\u00eda y servicios catastrales. Socios, junta de socios y comit\u00e9 de direcci\u00f3n.\" \/>\n<meta property=\"og:url\" content=\"https:\/\/www.asitec-sl.com\/en\/empresa\/organizacion-y-gestion\/\" \/>\n<meta property=\"og:site_name\" content=\"Asitec\" \/>\n<meta property=\"article:publisher\" content=\"https:\/\/www.facebook.com\/AsitecSL-1487006038267232\/\" \/>\n<meta property=\"article:modified_time\" content=\"2018-06-26T18:06:32+00:00\" \/>\n<meta property=\"og:image\" content=\"http:\/\/wp-asi.carlosarc.com\/wp-content\/uploads\/2018\/05\/equipo-003-1024x683.jpg\" \/>\n<meta name=\"twitter:card\" content=\"summary_large_image\" \/>\n<meta name=\"twitter:label1\" content=\"Estimated reading time\" \/>\n\t<meta name=\"twitter:data1\" content=\"1 minute\" \/>\n<script type=\"application\/ld+json\" class=\"yoast-schema-graph\">{\"@context\":\"https:\/\/schema.org\",\"@graph\":[{\"@type\":\"WebPage\",\"@id\":\"https:\/\/www.asitec-sl.com\/empresa\/organizacion-y-gestion\/\",\"url\":\"https:\/\/www.asitec-sl.com\/empresa\/organizacion-y-gestion\/\",\"name\":\"Organizaci\u00f3n y gesti\u00f3n - Asitec\",\"isPartOf\":{\"@id\":\"https:\/\/www.asitec-sl.com\/#website\"},\"primaryImageOfPage\":{\"@id\":\"https:\/\/www.asitec-sl.com\/empresa\/organizacion-y-gestion\/#primaryimage\"},\"image\":{\"@id\":\"https:\/\/www.asitec-sl.com\/empresa\/organizacion-y-gestion\/#primaryimage\"},\"thumbnailUrl\":\"http:\/\/wp-asi.carlosarc.com\/wp-content\/uploads\/2018\/05\/equipo-003-1024x683.jpg\",\"datePublished\":\"2018-06-26T09:57:12+00:00\",\"dateModified\":\"2018-06-26T18:06:32+00:00\",\"description\":\"Consultor\u00eda administraci\u00f3n, consultor\u00eda privada, topograf\u00eda y servicios catastrales. Socios, junta de socios y comit\u00e9 de direcci\u00f3n.\",\"breadcrumb\":{\"@id\":\"https:\/\/www.asitec-sl.com\/empresa\/organizacion-y-gestion\/#breadcrumb\"},\"inLanguage\":\"en-GB\",\"potentialAction\":[{\"@type\":\"ReadAction\",\"target\":[\"https:\/\/www.asitec-sl.com\/empresa\/organizacion-y-gestion\/\"]}]},{\"@type\":\"ImageObject\",\"inLanguage\":\"en-GB\",\"@id\":\"https:\/\/www.asitec-sl.com\/empresa\/organizacion-y-gestion\/#primaryimage\",\"url\":\"http:\/\/wp-asi.carlosarc.com\/wp-content\/uploads\/2018\/05\/equipo-003-1024x683.jpg\",\"contentUrl\":\"http:\/\/wp-asi.carlosarc.com\/wp-content\/uploads\/2018\/05\/equipo-003-1024x683.jpg\"},{\"@type\":\"BreadcrumbList\",\"@id\":\"https:\/\/www.asitec-sl.com\/empresa\/organizacion-y-gestion\/#breadcrumb\",\"itemListElement\":[{\"@type\":\"ListItem\",\"position\":1,\"name\":\"Inicio\",\"item\":\"https:\/\/www.asitec-sl.com\/\"},{\"@type\":\"ListItem\",\"position\":2,\"name\":\"Empresa\",\"item\":\"https:\/\/www.asitec-sl.com\/empresa\/\"},{\"@type\":\"ListItem\",\"position\":3,\"name\":\"Organizaci\u00f3n y gesti\u00f3n\"}]},{\"@type\":\"WebSite\",\"@id\":\"https:\/\/www.asitec-sl.com\/#website\",\"url\":\"https:\/\/www.asitec-sl.com\/\",\"name\":\"Asitec\",\"description\":\"Ingenier\u00eda, Urbanismos y Medio Ambiente S.L.P.\",\"publisher\":{\"@id\":\"https:\/\/www.asitec-sl.com\/#organization\"},\"potentialAction\":[{\"@type\":\"SearchAction\",\"target\":{\"@type\":\"EntryPoint\",\"urlTemplate\":\"https:\/\/www.asitec-sl.com\/?s={search_term_string}\"},\"query-input\":\"required name=search_term_string\"}],\"inLanguage\":\"en-GB\"},{\"@type\":\"Organization\",\"@id\":\"https:\/\/www.asitec-sl.com\/#organization\",\"name\":\"ASITEC SLP\",\"url\":\"https:\/\/www.asitec-sl.com\/\",\"logo\":{\"@type\":\"ImageObject\",\"inLanguage\":\"en-GB\",\"@id\":\"https:\/\/www.asitec-sl.com\/#\/schema\/logo\/image\/\",\"url\":\"https:\/\/www.asitec-sl.com\/wp-content\/uploads\/2018\/01\/logo-web-1.png\",\"contentUrl\":\"https:\/\/www.asitec-sl.com\/wp-content\/uploads\/2018\/01\/logo-web-1.png\",\"width\":520,\"height\":184,\"caption\":\"ASITEC SLP\"},\"image\":{\"@id\":\"https:\/\/www.asitec-sl.com\/#\/schema\/logo\/image\/\"},\"sameAs\":[\"https:\/\/www.facebook.com\/AsitecSL-1487006038267232\/\"]}]}<\/script>\n<!-- \/ Yoast SEO plugin. -->","yoast_head_json":{"title":"Organizaci\u00f3n y gesti\u00f3n - Asitec","description":"Consultor\u00eda administraci\u00f3n, consultor\u00eda privada, topograf\u00eda y servicios catastrales. Socios, junta de socios y comit\u00e9 de direcci\u00f3n.","robots":{"index":"index","follow":"follow","max-snippet":"max-snippet:-1","max-image-preview":"max-image-preview:large","max-video-preview":"max-video-preview:-1"},"canonical":"https:\/\/www.asitec-sl.com\/en\/empresa\/organizacion-y-gestion\/","og_locale":"en_GB","og_type":"article","og_title":"Organizaci\u00f3n y gesti\u00f3n - Asitec","og_description":"Consultor\u00eda administraci\u00f3n, consultor\u00eda privada, topograf\u00eda y servicios catastrales. Socios, junta de socios y comit\u00e9 de direcci\u00f3n.","og_url":"https:\/\/www.asitec-sl.com\/en\/empresa\/organizacion-y-gestion\/","og_site_name":"Asitec","article_publisher":"https:\/\/www.facebook.com\/AsitecSL-1487006038267232\/","article_modified_time":"2018-06-26T18:06:32+00:00","og_image":[{"url":"http:\/\/wp-asi.carlosarc.com\/wp-content\/uploads\/2018\/05\/equipo-003-1024x683.jpg"}],"twitter_card":"summary_large_image","twitter_misc":{"Estimated reading time":"1 minute"},"schema":{"@context":"https:\/\/schema.org","@graph":[{"@type":"WebPage","@id":"https:\/\/www.asitec-sl.com\/empresa\/organizacion-y-gestion\/","url":"https:\/\/www.asitec-sl.com\/empresa\/organizacion-y-gestion\/","name":"Organizaci\u00f3n y gesti\u00f3n - Asitec","isPartOf":{"@id":"https:\/\/www.asitec-sl.com\/#website"},"primaryImageOfPage":{"@id":"https:\/\/www.asitec-sl.com\/empresa\/organizacion-y-gestion\/#primaryimage"},"image":{"@id":"https:\/\/www.asitec-sl.com\/empresa\/organizacion-y-gestion\/#primaryimage"},"thumbnailUrl":"http:\/\/wp-asi.carlosarc.com\/wp-content\/uploads\/2018\/05\/equipo-003-1024x683.jpg","datePublished":"2018-06-26T09:57:12+00:00","dateModified":"2018-06-26T18:06:32+00:00","description":"Consultor\u00eda administraci\u00f3n, consultor\u00eda privada, topograf\u00eda y servicios catastrales. Socios, junta de socios y comit\u00e9 de direcci\u00f3n.","breadcrumb":{"@id":"https:\/\/www.asitec-sl.com\/empresa\/organizacion-y-gestion\/#breadcrumb"},"inLanguage":"en-GB","potentialAction":[{"@type":"ReadAction","target":["https:\/\/www.asitec-sl.com\/empresa\/organizacion-y-gestion\/"]}]},{"@type":"ImageObject","inLanguage":"en-GB","@id":"https:\/\/www.asitec-sl.com\/empresa\/organizacion-y-gestion\/#primaryimage","url":"http:\/\/wp-asi.carlosarc.com\/wp-content\/uploads\/2018\/05\/equipo-003-1024x683.jpg","contentUrl":"http:\/\/wp-asi.carlosarc.com\/wp-content\/uploads\/2018\/05\/equipo-003-1024x683.jpg"},{"@type":"BreadcrumbList","@id":"https:\/\/www.asitec-sl.com\/empresa\/organizacion-y-gestion\/#breadcrumb","itemListElement":[{"@type":"ListItem","position":1,"name":"Inicio","item":"https:\/\/www.asitec-sl.com\/"},{"@type":"ListItem","position":2,"name":"Empresa","item":"https:\/\/www.asitec-sl.com\/empresa\/"},{"@type":"ListItem","position":3,"name":"Organizaci\u00f3n y gesti\u00f3n"}]},{"@type":"WebSite","@id":"https:\/\/www.asitec-sl.com\/#website","url":"https:\/\/www.asitec-sl.com\/","name":"Asitec","description":"Ingenier\u00eda, Urbanismos y Medio Ambiente S.L.P.","publisher":{"@id":"https:\/\/www.asitec-sl.com\/#organization"},"potentialAction":[{"@type":"SearchAction","target":{"@type":"EntryPoint","urlTemplate":"https:\/\/www.asitec-sl.com\/?s={search_term_string}"},"query-input":"required name=search_term_string"}],"inLanguage":"en-GB"},{"@type":"Organization","@id":"https:\/\/www.asitec-sl.com\/#organization","name":"ASITEC SLP","url":"https:\/\/www.asitec-sl.com\/","logo":{"@type":"ImageObject","inLanguage":"en-GB","@id":"https:\/\/www.asitec-sl.com\/#\/schema\/logo\/image\/","url":"https:\/\/www.asitec-sl.com\/wp-content\/uploads\/2018\/01\/logo-web-1.png","contentUrl":"https:\/\/www.asitec-sl.com\/wp-content\/uploads\/2018\/01\/logo-web-1.png","width":520,"height":184,"caption":"ASITEC SLP"},"image":{"@id":"https:\/\/www.asitec-sl.com\/#\/schema\/logo\/image\/"},"sameAs":["https:\/\/www.facebook.com\/AsitecSL-1487006038267232\/"]}]}},"_links":{"self":[{"href":"https:\/\/www.asitec-sl.com\/en\/wp-json\/wp\/v2\/pages\/220"}],"collection":[{"href":"https:\/\/www.asitec-sl.com\/en\/wp-json\/wp\/v2\/pages"}],"about":[{"href":"https:\/\/www.asitec-sl.com\/en\/wp-json\/wp\/v2\/types\/page"}],"author":[{"embeddable":true,"href":"https:\/\/www.asitec-sl.com\/en\/wp-json\/wp\/v2\/users\/2"}],"replies":[{"embeddable":true,"href":"https:\/\/www.asitec-sl.com\/en\/wp-json\/wp\/v2\/comments?post=220"}],"version-history":[{"count":1,"href":"https:\/\/www.asitec-sl.com\/en\/wp-json\/wp\/v2\/pages\/220\/revisions"}],"predecessor-version":[{"id":1127,"href":"https:\/\/www.asitec-sl.com\/en\/wp-json\/wp\/v2\/pages\/220\/revisions\/1127"}],"up":[{"embeddable":true,"href":"https:\/\/www.asitec-sl.com\/en\/wp-json\/wp\/v2\/pages\/31"}],"wp:attachment":[{"href":"https:\/\/www.asitec-sl.com\/en\/wp-json\/wp\/v2\/media?parent=220"}],"curies":[{"name":"wp","href":"https:\/\/api.w.org\/{rel}","templated":true}]}}