{"id":218,"date":"2018-06-26T10:55:13","date_gmt":"2018-06-26T09:55:13","guid":{"rendered":"http:\/\/wp-asi.carlosarc.com\/?page_id=218"},"modified":"2018-06-26T19:06:17","modified_gmt":"2018-06-26T18:06:17","slug":"mision-y-valores","status":"publish","type":"page","link":"https:\/\/www.asitec-sl.com\/en\/empresa\/mision-y-valores\/","title":{"rendered":"Misi\u00f3n y valores"},"content":{"rendered":"<p><strong>La misi\u00f3n empresarial<\/strong> es el conjunto de objetivos generales y principios de trabajos para avanzar en la organizaci\u00f3n de la empresa.<\/p>\n<hr \/>\n<ul>\n<li style=\"list-style-type: none; text-align: center;\"><span style=\"color: #0071ce;\">COMPROMETIDOS EN LA AYUDA Y CON LAS NECESIDADES T\u00c9CNICAS<\/span><\/li>\n<\/ul>\n<hr \/>\n<p>ASITEC, SLP se constituy\u00f3 desde el principio como empresa consultora que ofrece sus servicios de <strong>ASI<\/strong>stencia <strong>TEC<\/strong>nica poniendo a disposici\u00f3n sus recursos a administraciones, empresas y particulares que demanden puntualmente nuestros servicios para resolver situaciones t\u00e9cnicas concretas.<\/p>\n<p><strong>Los valores corporativos<\/strong> son elementos propios de cada negocio y corresponden a su cultura organizacional, es decir, a las caracter\u00edsticas competitivas que ASITEC ofrece al mercado a partir de las cuales genera las expectativas de sus grupos de inter\u00e9s. Es por ello, que ASITEC, SLP ha adoptado los siguientes valores:<\/p>\n<ul>\n<li>FIDELIDAD<\/li>\n<li>COMPROMISO<\/li>\n<li>CONOCIMIENTO<\/li>\n<\/ul>\n<p>Como exige la realidad empresarial en un sector tan competitivo, la empresa tiene la vocaci\u00f3n de prestar un servicio t\u00e9cnico integral al cliente basado en principios de conocimiento, responsabilidad y motivaci\u00f3n. Todo ello dentro de una apuesta decidida de consecuci\u00f3n de objetivos y satisfacci\u00f3n del cliente.<\/p>","protected":false},"excerpt":{"rendered":"<p>La misi\u00f3n empresarial es el conjunto de objetivos generales y principios de trabajos para avanzar en la organizaci\u00f3n de la empresa. COMPROMETIDOS EN LA AYUDA Y CON LAS NECESIDADES T\u00c9CNICAS ASITEC, SLP se constituy\u00f3 desde el principio como empresa consultora<\/p>","protected":false},"author":2,"featured_media":0,"parent":31,"menu_order":2,"comment_status":"closed","ping_status":"closed","template":"","meta":{"footnotes":""},"class_list":["post-218","page","type-page","status-publish","hentry"],"yoast_head":"<!-- This site is optimized with the Yoast SEO plugin v23.3 - https:\/\/yoast.com\/wordpress\/plugins\/seo\/ -->\n<title>Misi\u00f3n y valores - Asitec<\/title>\n<meta name=\"robots\" content=\"index, follow, max-snippet:-1, max-image-preview:large, max-video-preview:-1\" \/>\n<link rel=\"canonical\" href=\"https:\/\/www.asitec-sl.com\/en\/empresa\/mision-y-valores\/\" \/>\n<meta property=\"og:locale\" content=\"en_GB\" \/>\n<meta property=\"og:type\" content=\"article\" \/>\n<meta property=\"og:title\" content=\"Misi\u00f3n y valores - Asitec\" \/>\n<meta property=\"og:description\" content=\"La misi\u00f3n empresarial es el conjunto de objetivos generales y principios de trabajos para avanzar en la organizaci\u00f3n de la empresa. COMPROMETIDOS EN LA AYUDA Y CON LAS NECESIDADES T\u00c9CNICAS ASITEC, SLP se constituy\u00f3 desde el principio como empresa consultora\" \/>\n<meta property=\"og:url\" content=\"https:\/\/www.asitec-sl.com\/en\/empresa\/mision-y-valores\/\" \/>\n<meta property=\"og:site_name\" content=\"Asitec\" \/>\n<meta property=\"article:publisher\" content=\"https:\/\/www.facebook.com\/AsitecSL-1487006038267232\/\" \/>\n<meta property=\"article:modified_time\" content=\"2018-06-26T18:06:17+00:00\" \/>\n<meta name=\"twitter:card\" content=\"summary_large_image\" \/>\n<meta name=\"twitter:label1\" content=\"Estimated reading time\" \/>\n\t<meta name=\"twitter:data1\" content=\"1 minute\" \/>\n<script type=\"application\/ld+json\" class=\"yoast-schema-graph\">{\"@context\":\"https:\/\/schema.org\",\"@graph\":[{\"@type\":\"WebPage\",\"@id\":\"https:\/\/www.asitec-sl.com\/empresa\/mision-y-valores\/\",\"url\":\"https:\/\/www.asitec-sl.com\/empresa\/mision-y-valores\/\",\"name\":\"Misi\u00f3n y valores - Asitec\",\"isPartOf\":{\"@id\":\"https:\/\/www.asitec-sl.com\/#website\"},\"datePublished\":\"2018-06-26T09:55:13+00:00\",\"dateModified\":\"2018-06-26T18:06:17+00:00\",\"breadcrumb\":{\"@id\":\"https:\/\/www.asitec-sl.com\/empresa\/mision-y-valores\/#breadcrumb\"},\"inLanguage\":\"en-GB\",\"potentialAction\":[{\"@type\":\"ReadAction\",\"target\":[\"https:\/\/www.asitec-sl.com\/empresa\/mision-y-valores\/\"]}]},{\"@type\":\"BreadcrumbList\",\"@id\":\"https:\/\/www.asitec-sl.com\/empresa\/mision-y-valores\/#breadcrumb\",\"itemListElement\":[{\"@type\":\"ListItem\",\"position\":1,\"name\":\"Inicio\",\"item\":\"https:\/\/www.asitec-sl.com\/\"},{\"@type\":\"ListItem\",\"position\":2,\"name\":\"Empresa\",\"item\":\"https:\/\/www.asitec-sl.com\/empresa\/\"},{\"@type\":\"ListItem\",\"position\":3,\"name\":\"Misi\u00f3n y valores\"}]},{\"@type\":\"WebSite\",\"@id\":\"https:\/\/www.asitec-sl.com\/#website\",\"url\":\"https:\/\/www.asitec-sl.com\/\",\"name\":\"Asitec\",\"description\":\"Ingenier\u00eda, Urbanismos y Medio Ambiente S.L.P.\",\"publisher\":{\"@id\":\"https:\/\/www.asitec-sl.com\/#organization\"},\"potentialAction\":[{\"@type\":\"SearchAction\",\"target\":{\"@type\":\"EntryPoint\",\"urlTemplate\":\"https:\/\/www.asitec-sl.com\/?s={search_term_string}\"},\"query-input\":\"required name=search_term_string\"}],\"inLanguage\":\"en-GB\"},{\"@type\":\"Organization\",\"@id\":\"https:\/\/www.asitec-sl.com\/#organization\",\"name\":\"ASITEC SLP\",\"url\":\"https:\/\/www.asitec-sl.com\/\",\"logo\":{\"@type\":\"ImageObject\",\"inLanguage\":\"en-GB\",\"@id\":\"https:\/\/www.asitec-sl.com\/#\/schema\/logo\/image\/\",\"url\":\"https:\/\/www.asitec-sl.com\/wp-content\/uploads\/2018\/01\/logo-web-1.png\",\"contentUrl\":\"https:\/\/www.asitec-sl.com\/wp-content\/uploads\/2018\/01\/logo-web-1.png\",\"width\":520,\"height\":184,\"caption\":\"ASITEC SLP\"},\"image\":{\"@id\":\"https:\/\/www.asitec-sl.com\/#\/schema\/logo\/image\/\"},\"sameAs\":[\"https:\/\/www.facebook.com\/AsitecSL-1487006038267232\/\"]}]}<\/script>\n<!-- \/ Yoast SEO plugin. -->","yoast_head_json":{"title":"Misi\u00f3n y valores - Asitec","robots":{"index":"index","follow":"follow","max-snippet":"max-snippet:-1","max-image-preview":"max-image-preview:large","max-video-preview":"max-video-preview:-1"},"canonical":"https:\/\/www.asitec-sl.com\/en\/empresa\/mision-y-valores\/","og_locale":"en_GB","og_type":"article","og_title":"Misi\u00f3n y valores - Asitec","og_description":"La misi\u00f3n empresarial es el conjunto de objetivos generales y principios de trabajos para avanzar en la organizaci\u00f3n de la empresa. COMPROMETIDOS EN LA AYUDA Y CON LAS NECESIDADES T\u00c9CNICAS ASITEC, SLP se constituy\u00f3 desde el principio como empresa consultora","og_url":"https:\/\/www.asitec-sl.com\/en\/empresa\/mision-y-valores\/","og_site_name":"Asitec","article_publisher":"https:\/\/www.facebook.com\/AsitecSL-1487006038267232\/","article_modified_time":"2018-06-26T18:06:17+00:00","twitter_card":"summary_large_image","twitter_misc":{"Estimated reading time":"1 minute"},"schema":{"@context":"https:\/\/schema.org","@graph":[{"@type":"WebPage","@id":"https:\/\/www.asitec-sl.com\/empresa\/mision-y-valores\/","url":"https:\/\/www.asitec-sl.com\/empresa\/mision-y-valores\/","name":"Misi\u00f3n y valores - Asitec","isPartOf":{"@id":"https:\/\/www.asitec-sl.com\/#website"},"datePublished":"2018-06-26T09:55:13+00:00","dateModified":"2018-06-26T18:06:17+00:00","breadcrumb":{"@id":"https:\/\/www.asitec-sl.com\/empresa\/mision-y-valores\/#breadcrumb"},"inLanguage":"en-GB","potentialAction":[{"@type":"ReadAction","target":["https:\/\/www.asitec-sl.com\/empresa\/mision-y-valores\/"]}]},{"@type":"BreadcrumbList","@id":"https:\/\/www.asitec-sl.com\/empresa\/mision-y-valores\/#breadcrumb","itemListElement":[{"@type":"ListItem","position":1,"name":"Inicio","item":"https:\/\/www.asitec-sl.com\/"},{"@type":"ListItem","position":2,"name":"Empresa","item":"https:\/\/www.asitec-sl.com\/empresa\/"},{"@type":"ListItem","position":3,"name":"Misi\u00f3n y valores"}]},{"@type":"WebSite","@id":"https:\/\/www.asitec-sl.com\/#website","url":"https:\/\/www.asitec-sl.com\/","name":"Asitec","description":"Ingenier\u00eda, Urbanismos y Medio Ambiente S.L.P.","publisher":{"@id":"https:\/\/www.asitec-sl.com\/#organization"},"potentialAction":[{"@type":"SearchAction","target":{"@type":"EntryPoint","urlTemplate":"https:\/\/www.asitec-sl.com\/?s={search_term_string}"},"query-input":"required name=search_term_string"}],"inLanguage":"en-GB"},{"@type":"Organization","@id":"https:\/\/www.asitec-sl.com\/#organization","name":"ASITEC SLP","url":"https:\/\/www.asitec-sl.com\/","logo":{"@type":"ImageObject","inLanguage":"en-GB","@id":"https:\/\/www.asitec-sl.com\/#\/schema\/logo\/image\/","url":"https:\/\/www.asitec-sl.com\/wp-content\/uploads\/2018\/01\/logo-web-1.png","contentUrl":"https:\/\/www.asitec-sl.com\/wp-content\/uploads\/2018\/01\/logo-web-1.png","width":520,"height":184,"caption":"ASITEC SLP"},"image":{"@id":"https:\/\/www.asitec-sl.com\/#\/schema\/logo\/image\/"},"sameAs":["https:\/\/www.facebook.com\/AsitecSL-1487006038267232\/"]}]}},"_links":{"self":[{"href":"https:\/\/www.asitec-sl.com\/en\/wp-json\/wp\/v2\/pages\/218"}],"collection":[{"href":"https:\/\/www.asitec-sl.com\/en\/wp-json\/wp\/v2\/pages"}],"about":[{"href":"https:\/\/www.asitec-sl.com\/en\/wp-json\/wp\/v2\/types\/page"}],"author":[{"embeddable":true,"href":"https:\/\/www.asitec-sl.com\/en\/wp-json\/wp\/v2\/users\/2"}],"replies":[{"embeddable":true,"href":"https:\/\/www.asitec-sl.com\/en\/wp-json\/wp\/v2\/comments?post=218"}],"version-history":[{"count":1,"href":"https:\/\/www.asitec-sl.com\/en\/wp-json\/wp\/v2\/pages\/218\/revisions"}],"predecessor-version":[{"id":1126,"href":"https:\/\/www.asitec-sl.com\/en\/wp-json\/wp\/v2\/pages\/218\/revisions\/1126"}],"up":[{"embeddable":true,"href":"https:\/\/www.asitec-sl.com\/en\/wp-json\/wp\/v2\/pages\/31"}],"wp:attachment":[{"href":"https:\/\/www.asitec-sl.com\/en\/wp-json\/wp\/v2\/media?parent=218"}],"curies":[{"name":"wp","href":"https:\/\/api.w.org\/{rel}","templated":true}]}}