{"id":1096,"date":"2018-06-26T18:51:27","date_gmt":"2018-06-26T17:51:27","guid":{"rendered":"http:\/\/wp-asi.carlosarc.com\/?page_id=1096"},"modified":"2024-02-15T10:43:01","modified_gmt":"2024-02-15T09:43:01","slug":"politica-de-privacidad","status":"publish","type":"page","link":"https:\/\/www.asitec-sl.com\/en\/politica-de-privacidad\/","title":{"rendered":"Pol\u00edtica de privacidad"},"content":{"rendered":"<p>ASITEC S.L.P es administrador del sitio Web www.asitec-sl.com y tiene su domicilio en CALLE FAISAN N\u00ba 21- LOCALES 4-5-6 &#8211; 18014 &#8211; GRANADA &#8211; GRANADA<\/p>\n<p>En cumplimiento de lo establecido en el art\u00edculo 13 del Reglamento (UE) 2016\/679 del Parlamento Europeo y del Consejo, de 27 de abril de 2016, relativo a la protecci\u00f3n de las personas f\u00edsicas en lo que respecta al tratamiento de datos personales y a la libre circulaci\u00f3n de estos datos y por el que se deroga la Directiva 95\/46\/CE (Reglamento general de protecci\u00f3n de datos), facilitamos la informaci\u00f3n relativa\u00a0 al tratamiento de sus datos personales en funci\u00f3n del medio que use para enviarnos los mismos.<\/p>\n<p>El responsable del tratamiento de sus datos personales en la web\u00a0 www.asitec-sl.com, es ASITEC S.L.P con CIF: B18525014 direcci\u00f3n en CALLE FAISAN N\u00ba 21- LOCALES 4-5-6 &#8211; 18014 &#8211; GRANADA &#8211; GRANADA, Tlf. 958293754<\/p>\n<p>ASITEC S.L.P desea garantizar su privacidad en la utilizaci\u00f3n de nuestros servicios, por lo que a continuaci\u00f3n le informamos de nuestra pol\u00edtica de protecci\u00f3n de datos personales.<\/p>\n<p>Los datos de car\u00e1cter personal de los usuarios de la web https:\/\/ www.asitec-sl.com\u00a0 que nos puedan facilitar por medio del correo electr\u00f3nico: santi@asitec-sl.com\u00a0 se utilizar\u00e1n para atender su solicitud de informaci\u00f3n, responder cualquier duda o pregunta que nos pudiera plantear. Nuestras respuestas tienen car\u00e1cter informativo, por lo que no se derivar\u00e1 efecto jur\u00eddico vinculante alguno.<\/p>\n<p>Podr\u00e1 ejercer los derechos de acceso, rectificaci\u00f3n, supresi\u00f3n, limitaci\u00f3n y oposici\u00f3n en la direcci\u00f3n de\u00a0 correo electr\u00f3nico santi@asitec-sl.com con el asunto protecci\u00f3n de datos o por escrito a la direcci\u00f3n del\u00a0 responsable en CALLE FAISAN N\u00ba 21- LOCALES 4-5-6 &#8211; 18014 &#8211; GRANADA &#8211; GRANADA y en cualquiera de\u00a0 los dos casos junto con copia de documento que acredite su identidad.<\/p>\n<p>Adem\u00e1s, el interesado puede dirigirse a la Autoridad de Control en materia de Protecci\u00f3n de Datos competente para obtener informaci\u00f3n adicional o presentar una reclamaci\u00f3n.<\/p>\n<p>Los datos de car\u00e1cter personal de los usuarios de la web https:\/\/ www.asitec-sl.com\u00a0 que nos puedan facilitar por medio de los siguientes formularios, tendr\u00e1n diferentes usos atendiendo al fin del propio formulario:<\/p>\n\n\n<p><strong>Formulario de RECOGIDA DE DATOS:<\/strong><\/p>\n\n\n\n<p>Los datos de car\u00e1cter\npersonal recogidos a trav\u00e9s de dicho formulario, se usar\u00e1n para., adaptado a\nsus necesidades.<\/p>\n\n\n\n<p><strong>Los datos personales ser\u00e1n conservados<\/strong> durante 1 a\u00f1o a partir de la \u00faltima\nconfirmaci\u00f3n de inter\u00e9s, o durante el tiempo necesario para cumplir con las\nobligaciones legales. La empresa NO tomar\u00e1 decisiones automatizadas. <strong>Los datos se ceder\u00e1n a terceros<\/strong>&nbsp; exclusivamente a terceros relacionados con la\nactividad y prestaci\u00f3n del servicio adem\u00e1s en los casos en que exista una\nobligaci\u00f3n legal y los trataremos en base a su consentimiento o ejecuci\u00f3n de un\ncontrato. No se prev\u00e9n transferencias internacionales de datos.<\/p>\n\n\n\n<p>Podr\u00e1 ejercer los derechos de <strong>acceso, rectificaci\u00f3n, supresi\u00f3n, limitaci\u00f3n y oposici\u00f3n<\/strong> en la direcci\u00f3n de&nbsp; correo electr\u00f3nico santi@asitec-sl.com con el asunto protecci\u00f3n de datos o por escrito a la direcci\u00f3n del responsable en CALLE FAISAN N\u00ba 21- LOCALES 4-5-6 &#8211; 18014 &#8211; GRANADA &#8211; GRANADA y en cualquiera de&nbsp; los dos casos junto con copia de documento que acredite su identidad.<\/p>\n\n\n\n<p>El usuario<strong> no est\u00e1 obligado a facilitar los datos solicitados<\/strong>, pero en caso de no aportarlos no podremos dar respuesta a su solicitud.<\/p>\n\n\n\n<p><strong>Formulario \u00bfBuscas empleo?<\/strong><\/p>\n\n\n\n<p>Los datos de car\u00e1cter\npersonal recogidos a trav\u00e9s de dicho formulario, se usar\u00e1n para los procesos de\nselecci\u00f3n de personal de la empresa.<\/p>\n\n\n\n<p><strong>Los datos personales ser\u00e1n conservados<\/strong> durante 1 a\u00f1o a partir de la \u00faltima\nconfirmaci\u00f3n de inter\u00e9s, o durante el tiempo necesario para cumplir con las\nobligaciones legales. La empresa NO tomar\u00e1 decisiones automatizadas. Los datos\nno se ceder\u00e1n a terceros salvo en los casos en que exista una obligaci\u00f3n legal\ny los trataremos en base a su consentimiento o ejecuci\u00f3n de un contrato.<\/p>\n\n\n\n<p>Sus datos no ser\u00e1n cedidos a\nterceros, excepto en los casos en que est\u00e9 previsto legalmente. No se prev\u00e9n\ntransferencias internacionales de datos.<\/p>\n\n\n\n<p>Podr\u00e1 ejercer los derechos\nde acceso, rectificaci\u00f3n, supresi\u00f3n, limitaci\u00f3n y oposici\u00f3n en la direcci\u00f3n\nde&nbsp; correo electr\u00f3nico\nsanti@asitec-sl.com con el asunto protecci\u00f3n de datos o por escrito a la\ndirecci\u00f3n del responsable en CALLE FAISAN N\u00ba 21- LOCALES 4-5-6 &#8211; 18014 &#8211;\nGRANADA &#8211; GRANADA&nbsp; y en cualquiera\nde&nbsp; los dos casos junto con copia de\ndocumento que acredite su identidad.<\/p>\n\n\n\n<p>El usuario no est\u00e1 obligado\na facilitar los datos solicitados, pero en caso de no aportarlos no podremos\ndar respuesta a su solicitud.<\/p>\n\n\n\n<p>ASITEC S.L.P&nbsp; se reserva el derecho de modificar su\npol\u00edtica de privacidad o las condiciones de uso de nuestros servicios por\nmotivos de adaptaci\u00f3n a la legislaci\u00f3n vigente, o similares, por lo que se\nrecomienda al usuario de este sitio Web la revisi\u00f3n peri\u00f3dica de este apartado,\nya que el uso del Web por parte del usuario se entender\u00e1 como aceptaci\u00f3n de la\npol\u00edtica de privacidad y condiciones de uso vigentes en ese momento. <\/p>","protected":false},"excerpt":{"rendered":"<p>ASITEC S.L.P es administrador del sitio Web www.asitec-sl.com y tiene su domicilio en CALLE FAISAN N\u00ba 21- LOCALES 4-5-6 &#8211; 18014 &#8211; GRANADA &#8211; GRANADA En cumplimiento de lo establecido en el art\u00edculo 13 del Reglamento (UE) 2016\/679 del Parlamento<\/p>","protected":false},"author":2,"featured_media":0,"parent":0,"menu_order":0,"comment_status":"closed","ping_status":"closed","template":"","meta":{"footnotes":""},"class_list":["post-1096","page","type-page","status-publish","hentry"],"yoast_head":"<!-- This site is optimized with the Yoast SEO plugin v23.3 - https:\/\/yoast.com\/wordpress\/plugins\/seo\/ -->\n<title>Pol\u00edtica de privacidad - Asitec<\/title>\n<meta name=\"description\" content=\"Pol\u00edtica de privacidad ASITEC S.L.P es administrador del sitio Web www.asitec-sl.com, El usuario no est\u00e1 obligado a facilitar los datos.\" \/>\n<meta name=\"robots\" content=\"index, follow, max-snippet:-1, max-image-preview:large, max-video-preview:-1\" \/>\n<link rel=\"canonical\" href=\"https:\/\/www.asitec-sl.com\/en\/politica-de-privacidad\/\" \/>\n<meta property=\"og:locale\" content=\"en_GB\" \/>\n<meta property=\"og:type\" content=\"article\" \/>\n<meta property=\"og:title\" content=\"Pol\u00edtica de privacidad - Asitec\" \/>\n<meta property=\"og:description\" content=\"Pol\u00edtica de privacidad ASITEC S.L.P es administrador del sitio Web www.asitec-sl.com, El usuario no est\u00e1 obligado a facilitar los datos.\" \/>\n<meta property=\"og:url\" content=\"https:\/\/www.asitec-sl.com\/en\/politica-de-privacidad\/\" \/>\n<meta property=\"og:site_name\" content=\"Asitec\" \/>\n<meta property=\"article:publisher\" content=\"https:\/\/www.facebook.com\/AsitecSL-1487006038267232\/\" \/>\n<meta property=\"article:modified_time\" content=\"2024-02-15T09:43:01+00:00\" \/>\n<meta name=\"twitter:card\" content=\"summary_large_image\" \/>\n<meta name=\"twitter:label1\" content=\"Estimated reading time\" \/>\n\t<meta name=\"twitter:data1\" content=\"4 minutes\" \/>\n<script type=\"application\/ld+json\" class=\"yoast-schema-graph\">{\"@context\":\"https:\/\/schema.org\",\"@graph\":[{\"@type\":\"WebPage\",\"@id\":\"https:\/\/www.asitec-sl.com\/politica-de-privacidad\/\",\"url\":\"https:\/\/www.asitec-sl.com\/politica-de-privacidad\/\",\"name\":\"Pol\u00edtica de privacidad - Asitec\",\"isPartOf\":{\"@id\":\"https:\/\/www.asitec-sl.com\/#website\"},\"datePublished\":\"2018-06-26T17:51:27+00:00\",\"dateModified\":\"2024-02-15T09:43:01+00:00\",\"description\":\"Pol\u00edtica de privacidad ASITEC S.L.P es administrador del sitio Web www.asitec-sl.com, El usuario no est\u00e1 obligado a facilitar los datos.\",\"breadcrumb\":{\"@id\":\"https:\/\/www.asitec-sl.com\/politica-de-privacidad\/#breadcrumb\"},\"inLanguage\":\"en-GB\",\"potentialAction\":[{\"@type\":\"ReadAction\",\"target\":[\"https:\/\/www.asitec-sl.com\/politica-de-privacidad\/\"]}]},{\"@type\":\"BreadcrumbList\",\"@id\":\"https:\/\/www.asitec-sl.com\/politica-de-privacidad\/#breadcrumb\",\"itemListElement\":[{\"@type\":\"ListItem\",\"position\":1,\"name\":\"Inicio\",\"item\":\"https:\/\/www.asitec-sl.com\/\"},{\"@type\":\"ListItem\",\"position\":2,\"name\":\"Pol\u00edtica de privacidad\"}]},{\"@type\":\"WebSite\",\"@id\":\"https:\/\/www.asitec-sl.com\/#website\",\"url\":\"https:\/\/www.asitec-sl.com\/\",\"name\":\"Asitec\",\"description\":\"Ingenier\u00eda, Urbanismos y Medio Ambiente S.L.P.\",\"publisher\":{\"@id\":\"https:\/\/www.asitec-sl.com\/#organization\"},\"potentialAction\":[{\"@type\":\"SearchAction\",\"target\":{\"@type\":\"EntryPoint\",\"urlTemplate\":\"https:\/\/www.asitec-sl.com\/?s={search_term_string}\"},\"query-input\":\"required name=search_term_string\"}],\"inLanguage\":\"en-GB\"},{\"@type\":\"Organization\",\"@id\":\"https:\/\/www.asitec-sl.com\/#organization\",\"name\":\"ASITEC SLP\",\"url\":\"https:\/\/www.asitec-sl.com\/\",\"logo\":{\"@type\":\"ImageObject\",\"inLanguage\":\"en-GB\",\"@id\":\"https:\/\/www.asitec-sl.com\/#\/schema\/logo\/image\/\",\"url\":\"https:\/\/www.asitec-sl.com\/wp-content\/uploads\/2018\/01\/logo-web-1.png\",\"contentUrl\":\"https:\/\/www.asitec-sl.com\/wp-content\/uploads\/2018\/01\/logo-web-1.png\",\"width\":520,\"height\":184,\"caption\":\"ASITEC SLP\"},\"image\":{\"@id\":\"https:\/\/www.asitec-sl.com\/#\/schema\/logo\/image\/\"},\"sameAs\":[\"https:\/\/www.facebook.com\/AsitecSL-1487006038267232\/\"]}]}<\/script>\n<!-- \/ Yoast SEO plugin. -->","yoast_head_json":{"title":"Pol\u00edtica de privacidad - Asitec","description":"Pol\u00edtica de privacidad ASITEC S.L.P es administrador del sitio Web www.asitec-sl.com, El usuario no est\u00e1 obligado a facilitar los datos.","robots":{"index":"index","follow":"follow","max-snippet":"max-snippet:-1","max-image-preview":"max-image-preview:large","max-video-preview":"max-video-preview:-1"},"canonical":"https:\/\/www.asitec-sl.com\/en\/politica-de-privacidad\/","og_locale":"en_GB","og_type":"article","og_title":"Pol\u00edtica de privacidad - Asitec","og_description":"Pol\u00edtica de privacidad ASITEC S.L.P es administrador del sitio Web www.asitec-sl.com, El usuario no est\u00e1 obligado a facilitar los datos.","og_url":"https:\/\/www.asitec-sl.com\/en\/politica-de-privacidad\/","og_site_name":"Asitec","article_publisher":"https:\/\/www.facebook.com\/AsitecSL-1487006038267232\/","article_modified_time":"2024-02-15T09:43:01+00:00","twitter_card":"summary_large_image","twitter_misc":{"Estimated reading time":"4 minutes"},"schema":{"@context":"https:\/\/schema.org","@graph":[{"@type":"WebPage","@id":"https:\/\/www.asitec-sl.com\/politica-de-privacidad\/","url":"https:\/\/www.asitec-sl.com\/politica-de-privacidad\/","name":"Pol\u00edtica de privacidad - Asitec","isPartOf":{"@id":"https:\/\/www.asitec-sl.com\/#website"},"datePublished":"2018-06-26T17:51:27+00:00","dateModified":"2024-02-15T09:43:01+00:00","description":"Pol\u00edtica de privacidad ASITEC S.L.P es administrador del sitio Web www.asitec-sl.com, El usuario no est\u00e1 obligado a facilitar los datos.","breadcrumb":{"@id":"https:\/\/www.asitec-sl.com\/politica-de-privacidad\/#breadcrumb"},"inLanguage":"en-GB","potentialAction":[{"@type":"ReadAction","target":["https:\/\/www.asitec-sl.com\/politica-de-privacidad\/"]}]},{"@type":"BreadcrumbList","@id":"https:\/\/www.asitec-sl.com\/politica-de-privacidad\/#breadcrumb","itemListElement":[{"@type":"ListItem","position":1,"name":"Inicio","item":"https:\/\/www.asitec-sl.com\/"},{"@type":"ListItem","position":2,"name":"Pol\u00edtica de privacidad"}]},{"@type":"WebSite","@id":"https:\/\/www.asitec-sl.com\/#website","url":"https:\/\/www.asitec-sl.com\/","name":"Asitec","description":"Ingenier\u00eda, Urbanismos y Medio Ambiente S.L.P.","publisher":{"@id":"https:\/\/www.asitec-sl.com\/#organization"},"potentialAction":[{"@type":"SearchAction","target":{"@type":"EntryPoint","urlTemplate":"https:\/\/www.asitec-sl.com\/?s={search_term_string}"},"query-input":"required name=search_term_string"}],"inLanguage":"en-GB"},{"@type":"Organization","@id":"https:\/\/www.asitec-sl.com\/#organization","name":"ASITEC SLP","url":"https:\/\/www.asitec-sl.com\/","logo":{"@type":"ImageObject","inLanguage":"en-GB","@id":"https:\/\/www.asitec-sl.com\/#\/schema\/logo\/image\/","url":"https:\/\/www.asitec-sl.com\/wp-content\/uploads\/2018\/01\/logo-web-1.png","contentUrl":"https:\/\/www.asitec-sl.com\/wp-content\/uploads\/2018\/01\/logo-web-1.png","width":520,"height":184,"caption":"ASITEC SLP"},"image":{"@id":"https:\/\/www.asitec-sl.com\/#\/schema\/logo\/image\/"},"sameAs":["https:\/\/www.facebook.com\/AsitecSL-1487006038267232\/"]}]}},"_links":{"self":[{"href":"https:\/\/www.asitec-sl.com\/en\/wp-json\/wp\/v2\/pages\/1096"}],"collection":[{"href":"https:\/\/www.asitec-sl.com\/en\/wp-json\/wp\/v2\/pages"}],"about":[{"href":"https:\/\/www.asitec-sl.com\/en\/wp-json\/wp\/v2\/types\/page"}],"author":[{"embeddable":true,"href":"https:\/\/www.asitec-sl.com\/en\/wp-json\/wp\/v2\/users\/2"}],"replies":[{"embeddable":true,"href":"https:\/\/www.asitec-sl.com\/en\/wp-json\/wp\/v2\/comments?post=1096"}],"version-history":[{"count":6,"href":"https:\/\/www.asitec-sl.com\/en\/wp-json\/wp\/v2\/pages\/1096\/revisions"}],"predecessor-version":[{"id":1269,"href":"https:\/\/www.asitec-sl.com\/en\/wp-json\/wp\/v2\/pages\/1096\/revisions\/1269"}],"wp:attachment":[{"href":"https:\/\/www.asitec-sl.com\/en\/wp-json\/wp\/v2\/media?parent=1096"}],"curies":[{"name":"wp","href":"https:\/\/api.w.org\/{rel}","templated":true}]}}