{"id":103,"date":"2018-06-26T20:33:40","date_gmt":"2018-06-26T19:33:40","guid":{"rendered":"http:\/\/wp-asi.carlosarc.com\/?page_id=103"},"modified":"2018-06-26T19:04:42","modified_gmt":"2018-06-26T18:04:42","slug":"escaner-laser-3d","status":"publish","type":"page","link":"https:\/\/www.asitec-sl.com\/en\/servicios\/topografia-y-cartografia\/escaner-laser-3d\/","title":{"rendered":"Modelos 3D, Arqueolog\u00eda y Patrimonio"},"content":{"rendered":"<div class=\"block_image_text\">\n<p><img loading=\"lazy\" decoding=\"async\" class=\"alignleft wp-image-396 size-large\" src=\"http:\/\/wp-asi.carlosarc.com\/wp-content\/uploads\/2018\/03\/3d-001-576x1024.jpg\" alt=\"Modelos 3D, arqueolog\u00eda y patrimonio Granada\" width=\"576\" height=\"1024\" srcset=\"https:\/\/www.asitec-sl.com\/wp-content\/uploads\/2018\/03\/3d-001-576x1024.jpg 576w, https:\/\/www.asitec-sl.com\/wp-content\/uploads\/2018\/03\/3d-001-169x300.jpg 169w, https:\/\/www.asitec-sl.com\/wp-content\/uploads\/2018\/03\/3d-001.jpg 675w\" sizes=\"(max-width: 576px) 100vw, 576px\" \/><\/p>\n<div class=\"article_text\">\n<p>El <strong>dron<\/strong> es una herramienta perfecta para tal fin, ya que <strong>reduce costes<\/strong>, ahorrando tiempo de inspecci\u00f3n mediante los m\u00e9todos tradicionales. Adem\u00e1s, se acompa\u00f1a de un extenso archivo gr\u00e1fico que recoge las incidencias para tener una constancia documental del trabajo o del bien.Las fotograf\u00edas o v\u00eddeos se hacen o bien desde nuestros equipos audiovisuales de alta definici\u00f3n, o bien desde aparatos termogr\u00e1ficos espec\u00edficos, que determinan las diversas aver\u00edas o fugas de calor que son imperceptibles a simple vista. Las aplicaciones en \u00e9ste apartado son m\u00faltiples, siendo muy interesante para control de <strong>estado del patrimonio y de cualquier otra infraestructura<\/strong>.\n<\/div>\n<p><a href=\"http:\/\/wp-asi.carlosarc.com\/wp-content\/uploads\/2018\/03\/3d-002.jpg\"><img loading=\"lazy\" decoding=\"async\" class=\"alignnone wp-image-401\" src=\"http:\/\/wp-asi.carlosarc.com\/wp-content\/uploads\/2018\/03\/3d-002-300x100.jpg\" alt=\"\" width=\"660\" height=\"219\" srcset=\"https:\/\/www.asitec-sl.com\/wp-content\/uploads\/2018\/03\/3d-002-300x100.jpg 300w, https:\/\/www.asitec-sl.com\/wp-content\/uploads\/2018\/03\/3d-002-768x255.jpg 768w, https:\/\/www.asitec-sl.com\/wp-content\/uploads\/2018\/03\/3d-002-1024x340.jpg 1024w, https:\/\/www.asitec-sl.com\/wp-content\/uploads\/2018\/03\/3d-002.jpg 1200w\" sizes=\"(max-width: 660px) 100vw, 660px\" \/><\/a><a href=\"http:\/\/wp-asi.carlosarc.com\/wp-content\/uploads\/2018\/03\/3d-003.jpg\"><img loading=\"lazy\" decoding=\"async\" class=\"alignnone wp-image-398\" src=\"http:\/\/wp-asi.carlosarc.com\/wp-content\/uploads\/2018\/03\/3d-003-300x126.jpg\" alt=\"\" width=\"660\" height=\"277\" srcset=\"https:\/\/www.asitec-sl.com\/wp-content\/uploads\/2018\/03\/3d-003-300x126.jpg 300w, https:\/\/www.asitec-sl.com\/wp-content\/uploads\/2018\/03\/3d-003-768x323.jpg 768w, https:\/\/www.asitec-sl.com\/wp-content\/uploads\/2018\/03\/3d-003-1024x430.jpg 1024w, https:\/\/www.asitec-sl.com\/wp-content\/uploads\/2018\/03\/3d-003.jpg 1414w\" sizes=\"(max-width: 660px) 100vw, 660px\" \/><\/a> <a href=\"http:\/\/wp-asi.carlosarc.com\/wp-content\/uploads\/2018\/03\/3d-004.jpg\"><img loading=\"lazy\" decoding=\"async\" class=\"alignnone wp-image-399\" src=\"http:\/\/wp-asi.carlosarc.com\/wp-content\/uploads\/2018\/03\/3d-004-300x133.jpg\" alt=\"Modelado 3D dron edificios\" width=\"315\" height=\"140\" srcset=\"https:\/\/www.asitec-sl.com\/wp-content\/uploads\/2018\/03\/3d-004-300x133.jpg 300w, https:\/\/www.asitec-sl.com\/wp-content\/uploads\/2018\/03\/3d-004-768x341.jpg 768w, https:\/\/www.asitec-sl.com\/wp-content\/uploads\/2018\/03\/3d-004-1024x454.jpg 1024w, https:\/\/www.asitec-sl.com\/wp-content\/uploads\/2018\/03\/3d-004.jpg 1406w\" sizes=\"(max-width: 315px) 100vw, 315px\" \/><\/a> <a href=\"http:\/\/wp-asi.carlosarc.com\/wp-content\/uploads\/2018\/03\/3d-005.jpg\"><img loading=\"lazy\" decoding=\"async\" class=\"alignnone wp-image-400\" src=\"http:\/\/wp-asi.carlosarc.com\/wp-content\/uploads\/2018\/03\/3d-005-300x128.jpg\" alt=\"\" width=\"329\" height=\"140\" srcset=\"https:\/\/www.asitec-sl.com\/wp-content\/uploads\/2018\/03\/3d-005-300x128.jpg 300w, https:\/\/www.asitec-sl.com\/wp-content\/uploads\/2018\/03\/3d-005-768x327.jpg 768w, https:\/\/www.asitec-sl.com\/wp-content\/uploads\/2018\/03\/3d-005-1024x436.jpg 1024w, https:\/\/www.asitec-sl.com\/wp-content\/uploads\/2018\/03\/3d-005.jpg 1870w\" sizes=\"(max-width: 329px) 100vw, 329px\" \/><\/a><\/p>\n<\/div>\n<\/div>","protected":false},"excerpt":{"rendered":"<p>El dron es una herramienta perfecta para tal fin, ya que reduce costes, ahorrando tiempo de inspecci\u00f3n mediante los m\u00e9todos tradicionales. Adem\u00e1s, se acompa\u00f1a de un extenso archivo gr\u00e1fico que recoge las incidencias para tener una constancia documental del trabajo<\/p>","protected":false},"author":2,"featured_media":0,"parent":57,"menu_order":6,"comment_status":"closed","ping_status":"closed","template":"","meta":{"footnotes":""},"class_list":["post-103","page","type-page","status-publish","hentry"],"yoast_head":"<!-- This site is optimized with the Yoast SEO plugin v23.3 - https:\/\/yoast.com\/wordpress\/plugins\/seo\/ -->\n<title>Modelos 3D, Arqueolog\u00eda y Patrimonio - Asitec<\/title>\n<meta name=\"robots\" content=\"index, follow, max-snippet:-1, max-image-preview:large, max-video-preview:-1\" \/>\n<link rel=\"canonical\" href=\"https:\/\/www.asitec-sl.com\/en\/servicios\/topografia-y-cartografia\/escaner-laser-3d\/\" \/>\n<meta property=\"og:locale\" content=\"en_GB\" \/>\n<meta property=\"og:type\" content=\"article\" \/>\n<meta property=\"og:title\" content=\"Modelos 3D, Arqueolog\u00eda y Patrimonio - Asitec\" \/>\n<meta property=\"og:description\" content=\"El dron es una herramienta perfecta para tal fin, ya que reduce costes, ahorrando tiempo de inspecci\u00f3n mediante los m\u00e9todos tradicionales. Adem\u00e1s, se acompa\u00f1a de un extenso archivo gr\u00e1fico que recoge las incidencias para tener una constancia documental del trabajo\" \/>\n<meta property=\"og:url\" content=\"https:\/\/www.asitec-sl.com\/en\/servicios\/topografia-y-cartografia\/escaner-laser-3d\/\" \/>\n<meta property=\"og:site_name\" content=\"Asitec\" \/>\n<meta property=\"article:publisher\" content=\"https:\/\/www.facebook.com\/AsitecSL-1487006038267232\/\" \/>\n<meta property=\"article:modified_time\" content=\"2018-06-26T18:04:42+00:00\" \/>\n<meta property=\"og:image\" content=\"http:\/\/wp-asi.carlosarc.com\/wp-content\/uploads\/2018\/03\/3d-001-576x1024.jpg\" \/>\n<meta name=\"twitter:card\" content=\"summary_large_image\" \/>\n<meta name=\"twitter:label1\" content=\"Estimated reading time\" \/>\n\t<meta name=\"twitter:data1\" content=\"1 minute\" \/>\n<script type=\"application\/ld+json\" class=\"yoast-schema-graph\">{\"@context\":\"https:\/\/schema.org\",\"@graph\":[{\"@type\":\"WebPage\",\"@id\":\"https:\/\/www.asitec-sl.com\/en\/servicios\/topografia-y-cartografia\/escaner-laser-3d\/\",\"url\":\"https:\/\/www.asitec-sl.com\/en\/servicios\/topografia-y-cartografia\/escaner-laser-3d\/\",\"name\":\"Modelos 3D, Arqueolog\u00eda y Patrimonio - Asitec\",\"isPartOf\":{\"@id\":\"https:\/\/www.asitec-sl.com\/#website\"},\"primaryImageOfPage\":{\"@id\":\"https:\/\/www.asitec-sl.com\/en\/servicios\/topografia-y-cartografia\/escaner-laser-3d\/#primaryimage\"},\"image\":{\"@id\":\"https:\/\/www.asitec-sl.com\/en\/servicios\/topografia-y-cartografia\/escaner-laser-3d\/#primaryimage\"},\"thumbnailUrl\":\"http:\/\/wp-asi.carlosarc.com\/wp-content\/uploads\/2018\/03\/3d-001-576x1024.jpg\",\"datePublished\":\"2018-06-26T19:33:40+00:00\",\"dateModified\":\"2018-06-26T18:04:42+00:00\",\"breadcrumb\":{\"@id\":\"https:\/\/www.asitec-sl.com\/en\/servicios\/topografia-y-cartografia\/escaner-laser-3d\/#breadcrumb\"},\"inLanguage\":\"en-GB\",\"potentialAction\":[{\"@type\":\"ReadAction\",\"target\":[\"https:\/\/www.asitec-sl.com\/en\/servicios\/topografia-y-cartografia\/escaner-laser-3d\/\"]}]},{\"@type\":\"ImageObject\",\"inLanguage\":\"en-GB\",\"@id\":\"https:\/\/www.asitec-sl.com\/en\/servicios\/topografia-y-cartografia\/escaner-laser-3d\/#primaryimage\",\"url\":\"http:\/\/wp-asi.carlosarc.com\/wp-content\/uploads\/2018\/03\/3d-001-576x1024.jpg\",\"contentUrl\":\"http:\/\/wp-asi.carlosarc.com\/wp-content\/uploads\/2018\/03\/3d-001-576x1024.jpg\"},{\"@type\":\"BreadcrumbList\",\"@id\":\"https:\/\/www.asitec-sl.com\/en\/servicios\/topografia-y-cartografia\/escaner-laser-3d\/#breadcrumb\",\"itemListElement\":[{\"@type\":\"ListItem\",\"position\":1,\"name\":\"Inicio\",\"item\":\"https:\/\/www.asitec-sl.com\/\"},{\"@type\":\"ListItem\",\"position\":2,\"name\":\"Servicios\",\"item\":\"https:\/\/www.asitec-sl.com\/servicios\/\"},{\"@type\":\"ListItem\",\"position\":3,\"name\":\"Topograf\u00eda, Cartograf\u00eda y Aplicaciones con Drones (RPAS)\",\"item\":\"https:\/\/www.asitec-sl.com\/servicios\/topografia-y-cartografia\/\"},{\"@type\":\"ListItem\",\"position\":4,\"name\":\"Modelos 3D, Arqueolog\u00eda y Patrimonio\"}]},{\"@type\":\"WebSite\",\"@id\":\"https:\/\/www.asitec-sl.com\/#website\",\"url\":\"https:\/\/www.asitec-sl.com\/\",\"name\":\"Asitec\",\"description\":\"Ingenier\u00eda, Urbanismos y Medio Ambiente S.L.P.\",\"publisher\":{\"@id\":\"https:\/\/www.asitec-sl.com\/#organization\"},\"potentialAction\":[{\"@type\":\"SearchAction\",\"target\":{\"@type\":\"EntryPoint\",\"urlTemplate\":\"https:\/\/www.asitec-sl.com\/?s={search_term_string}\"},\"query-input\":\"required name=search_term_string\"}],\"inLanguage\":\"en-GB\"},{\"@type\":\"Organization\",\"@id\":\"https:\/\/www.asitec-sl.com\/#organization\",\"name\":\"ASITEC SLP\",\"url\":\"https:\/\/www.asitec-sl.com\/\",\"logo\":{\"@type\":\"ImageObject\",\"inLanguage\":\"en-GB\",\"@id\":\"https:\/\/www.asitec-sl.com\/#\/schema\/logo\/image\/\",\"url\":\"https:\/\/www.asitec-sl.com\/wp-content\/uploads\/2018\/01\/logo-web-1.png\",\"contentUrl\":\"https:\/\/www.asitec-sl.com\/wp-content\/uploads\/2018\/01\/logo-web-1.png\",\"width\":520,\"height\":184,\"caption\":\"ASITEC SLP\"},\"image\":{\"@id\":\"https:\/\/www.asitec-sl.com\/#\/schema\/logo\/image\/\"},\"sameAs\":[\"https:\/\/www.facebook.com\/AsitecSL-1487006038267232\/\"]}]}<\/script>\n<!-- \/ Yoast SEO plugin. -->","yoast_head_json":{"title":"Modelos 3D, Arqueolog\u00eda y Patrimonio - Asitec","robots":{"index":"index","follow":"follow","max-snippet":"max-snippet:-1","max-image-preview":"max-image-preview:large","max-video-preview":"max-video-preview:-1"},"canonical":"https:\/\/www.asitec-sl.com\/en\/servicios\/topografia-y-cartografia\/escaner-laser-3d\/","og_locale":"en_GB","og_type":"article","og_title":"Modelos 3D, Arqueolog\u00eda y Patrimonio - Asitec","og_description":"El dron es una herramienta perfecta para tal fin, ya que reduce costes, ahorrando tiempo de inspecci\u00f3n mediante los m\u00e9todos tradicionales. Adem\u00e1s, se acompa\u00f1a de un extenso archivo gr\u00e1fico que recoge las incidencias para tener una constancia documental del trabajo","og_url":"https:\/\/www.asitec-sl.com\/en\/servicios\/topografia-y-cartografia\/escaner-laser-3d\/","og_site_name":"Asitec","article_publisher":"https:\/\/www.facebook.com\/AsitecSL-1487006038267232\/","article_modified_time":"2018-06-26T18:04:42+00:00","og_image":[{"url":"http:\/\/wp-asi.carlosarc.com\/wp-content\/uploads\/2018\/03\/3d-001-576x1024.jpg"}],"twitter_card":"summary_large_image","twitter_misc":{"Estimated reading time":"1 minute"},"schema":{"@context":"https:\/\/schema.org","@graph":[{"@type":"WebPage","@id":"https:\/\/www.asitec-sl.com\/en\/servicios\/topografia-y-cartografia\/escaner-laser-3d\/","url":"https:\/\/www.asitec-sl.com\/en\/servicios\/topografia-y-cartografia\/escaner-laser-3d\/","name":"Modelos 3D, Arqueolog\u00eda y Patrimonio - Asitec","isPartOf":{"@id":"https:\/\/www.asitec-sl.com\/#website"},"primaryImageOfPage":{"@id":"https:\/\/www.asitec-sl.com\/en\/servicios\/topografia-y-cartografia\/escaner-laser-3d\/#primaryimage"},"image":{"@id":"https:\/\/www.asitec-sl.com\/en\/servicios\/topografia-y-cartografia\/escaner-laser-3d\/#primaryimage"},"thumbnailUrl":"http:\/\/wp-asi.carlosarc.com\/wp-content\/uploads\/2018\/03\/3d-001-576x1024.jpg","datePublished":"2018-06-26T19:33:40+00:00","dateModified":"2018-06-26T18:04:42+00:00","breadcrumb":{"@id":"https:\/\/www.asitec-sl.com\/en\/servicios\/topografia-y-cartografia\/escaner-laser-3d\/#breadcrumb"},"inLanguage":"en-GB","potentialAction":[{"@type":"ReadAction","target":["https:\/\/www.asitec-sl.com\/en\/servicios\/topografia-y-cartografia\/escaner-laser-3d\/"]}]},{"@type":"ImageObject","inLanguage":"en-GB","@id":"https:\/\/www.asitec-sl.com\/en\/servicios\/topografia-y-cartografia\/escaner-laser-3d\/#primaryimage","url":"http:\/\/wp-asi.carlosarc.com\/wp-content\/uploads\/2018\/03\/3d-001-576x1024.jpg","contentUrl":"http:\/\/wp-asi.carlosarc.com\/wp-content\/uploads\/2018\/03\/3d-001-576x1024.jpg"},{"@type":"BreadcrumbList","@id":"https:\/\/www.asitec-sl.com\/en\/servicios\/topografia-y-cartografia\/escaner-laser-3d\/#breadcrumb","itemListElement":[{"@type":"ListItem","position":1,"name":"Inicio","item":"https:\/\/www.asitec-sl.com\/"},{"@type":"ListItem","position":2,"name":"Servicios","item":"https:\/\/www.asitec-sl.com\/servicios\/"},{"@type":"ListItem","position":3,"name":"Topograf\u00eda, Cartograf\u00eda y Aplicaciones con Drones (RPAS)","item":"https:\/\/www.asitec-sl.com\/servicios\/topografia-y-cartografia\/"},{"@type":"ListItem","position":4,"name":"Modelos 3D, Arqueolog\u00eda y Patrimonio"}]},{"@type":"WebSite","@id":"https:\/\/www.asitec-sl.com\/#website","url":"https:\/\/www.asitec-sl.com\/","name":"Asitec","description":"Ingenier\u00eda, Urbanismos y Medio Ambiente S.L.P.","publisher":{"@id":"https:\/\/www.asitec-sl.com\/#organization"},"potentialAction":[{"@type":"SearchAction","target":{"@type":"EntryPoint","urlTemplate":"https:\/\/www.asitec-sl.com\/?s={search_term_string}"},"query-input":"required name=search_term_string"}],"inLanguage":"en-GB"},{"@type":"Organization","@id":"https:\/\/www.asitec-sl.com\/#organization","name":"ASITEC SLP","url":"https:\/\/www.asitec-sl.com\/","logo":{"@type":"ImageObject","inLanguage":"en-GB","@id":"https:\/\/www.asitec-sl.com\/#\/schema\/logo\/image\/","url":"https:\/\/www.asitec-sl.com\/wp-content\/uploads\/2018\/01\/logo-web-1.png","contentUrl":"https:\/\/www.asitec-sl.com\/wp-content\/uploads\/2018\/01\/logo-web-1.png","width":520,"height":184,"caption":"ASITEC SLP"},"image":{"@id":"https:\/\/www.asitec-sl.com\/#\/schema\/logo\/image\/"},"sameAs":["https:\/\/www.facebook.com\/AsitecSL-1487006038267232\/"]}]}},"_links":{"self":[{"href":"https:\/\/www.asitec-sl.com\/en\/wp-json\/wp\/v2\/pages\/103"}],"collection":[{"href":"https:\/\/www.asitec-sl.com\/en\/wp-json\/wp\/v2\/pages"}],"about":[{"href":"https:\/\/www.asitec-sl.com\/en\/wp-json\/wp\/v2\/types\/page"}],"author":[{"embeddable":true,"href":"https:\/\/www.asitec-sl.com\/en\/wp-json\/wp\/v2\/users\/2"}],"replies":[{"embeddable":true,"href":"https:\/\/www.asitec-sl.com\/en\/wp-json\/wp\/v2\/comments?post=103"}],"version-history":[{"count":1,"href":"https:\/\/www.asitec-sl.com\/en\/wp-json\/wp\/v2\/pages\/103\/revisions"}],"predecessor-version":[{"id":1139,"href":"https:\/\/www.asitec-sl.com\/en\/wp-json\/wp\/v2\/pages\/103\/revisions\/1139"}],"up":[{"embeddable":true,"href":"https:\/\/www.asitec-sl.com\/en\/wp-json\/wp\/v2\/pages\/57"}],"wp:attachment":[{"href":"https:\/\/www.asitec-sl.com\/en\/wp-json\/wp\/v2\/media?parent=103"}],"curies":[{"name":"wp","href":"https:\/\/api.w.org\/{rel}","templated":true}]}}