{"id":101,"date":"2018-06-26T20:00:58","date_gmt":"2018-06-26T19:00:58","guid":{"rendered":"http:\/\/wp-asi.carlosarc.com\/?page_id=101"},"modified":"2018-06-26T19:04:25","modified_gmt":"2018-06-26T18:04:25","slug":"agricultura-y-medio-ambiente","status":"publish","type":"page","link":"https:\/\/www.asitec-sl.com\/en\/servicios\/topografia-y-cartografia\/agricultura-y-medio-ambiente\/","title":{"rendered":"Agricultura y Medio Ambiente"},"content":{"rendered":"<div class=\"block_image_text\">\n<img loading=\"lazy\" decoding=\"async\" class=\"alignnone wp-image-394\" src=\"http:\/\/wp-asi.carlosarc.com\/wp-content\/uploads\/2018\/03\/medio-ambiente-001.jpg\" alt=\"Drones cultivos Agricultura Medio ambiente\" width=\"640\" height=\"480\" srcset=\"https:\/\/www.asitec-sl.com\/wp-content\/uploads\/2018\/03\/medio-ambiente-001.jpg 1200w, https:\/\/www.asitec-sl.com\/wp-content\/uploads\/2018\/03\/medio-ambiente-001-300x225.jpg 300w, https:\/\/www.asitec-sl.com\/wp-content\/uploads\/2018\/03\/medio-ambiente-001-768x576.jpg 768w, https:\/\/www.asitec-sl.com\/wp-content\/uploads\/2018\/03\/medio-ambiente-001-1024x768.jpg 1024w\" sizes=\"(max-width: 640px) 100vw, 640px\" \/><\/p>\n<div class=\"article_text\">La aplicaci\u00f3n de <strong>drones<\/strong> aporta al campo de la agricultura, una aplicaci\u00f3n de gran utilidad para el an\u00e1lisis del estado de los cultivos y otros aspectos permitiendo hacer comparativas por temporadas, lo que permite comprobar los avances realizados.<strong>ASITEC, SLP<\/strong> ofrece las im\u00e1genes en bruto a los gabinetes de ingenier\u00eda agr\u00edcola, que deseen realizar los informes procesados inform\u00e1ticamente o llave en mano.<\/p>\n<p>Tambi\u00e9n podemos realizar im\u00e1genes de las propiedades agr\u00edcolas, a petici\u00f3n del due\u00f1o de la finca, as\u00ed como levantamientos topogr\u00e1ficos, control de subvenciones o actividades catastrales.<\/p>\n<\/div>\n<\/div>","protected":false},"excerpt":{"rendered":"<p>La aplicaci\u00f3n de drones aporta al campo de la agricultura, una aplicaci\u00f3n de gran utilidad para el an\u00e1lisis del estado de los cultivos y otros aspectos permitiendo hacer comparativas por temporadas, lo que permite comprobar los avances realizados.ASITEC, SLP ofrece<\/p>","protected":false},"author":2,"featured_media":0,"parent":57,"menu_order":5,"comment_status":"closed","ping_status":"closed","template":"","meta":{"footnotes":""},"class_list":["post-101","page","type-page","status-publish","hentry"],"yoast_head":"<!-- This site is optimized with the Yoast SEO plugin v23.3 - https:\/\/yoast.com\/wordpress\/plugins\/seo\/ -->\n<title>Agricultura y Medio Ambiente - Asitec<\/title>\n<meta name=\"robots\" content=\"index, follow, max-snippet:-1, max-image-preview:large, max-video-preview:-1\" \/>\n<link rel=\"canonical\" href=\"https:\/\/www.asitec-sl.com\/en\/servicios\/topografia-y-cartografia\/agricultura-y-medio-ambiente\/\" \/>\n<meta property=\"og:locale\" content=\"en_GB\" \/>\n<meta property=\"og:type\" content=\"article\" \/>\n<meta property=\"og:title\" content=\"Agricultura y Medio Ambiente - Asitec\" \/>\n<meta property=\"og:description\" content=\"La aplicaci\u00f3n de drones aporta al campo de la agricultura, una aplicaci\u00f3n de gran utilidad para el an\u00e1lisis del estado de los cultivos y otros aspectos permitiendo hacer comparativas por temporadas, lo que permite comprobar los avances realizados.ASITEC, SLP ofrece\" \/>\n<meta property=\"og:url\" content=\"https:\/\/www.asitec-sl.com\/en\/servicios\/topografia-y-cartografia\/agricultura-y-medio-ambiente\/\" \/>\n<meta property=\"og:site_name\" content=\"Asitec\" \/>\n<meta property=\"article:publisher\" content=\"https:\/\/www.facebook.com\/AsitecSL-1487006038267232\/\" \/>\n<meta property=\"article:modified_time\" content=\"2018-06-26T18:04:25+00:00\" \/>\n<meta property=\"og:image\" content=\"http:\/\/wp-asi.carlosarc.com\/wp-content\/uploads\/2018\/03\/medio-ambiente-001.jpg\" \/>\n<meta name=\"twitter:card\" content=\"summary_large_image\" \/>\n<meta name=\"twitter:label1\" content=\"Estimated reading time\" \/>\n\t<meta name=\"twitter:data1\" content=\"1 minute\" \/>\n<script type=\"application\/ld+json\" class=\"yoast-schema-graph\">{\"@context\":\"https:\/\/schema.org\",\"@graph\":[{\"@type\":\"WebPage\",\"@id\":\"https:\/\/www.asitec-sl.com\/servicios\/topografia-y-cartografia\/agricultura-y-medio-ambiente\/\",\"url\":\"https:\/\/www.asitec-sl.com\/servicios\/topografia-y-cartografia\/agricultura-y-medio-ambiente\/\",\"name\":\"Agricultura y Medio Ambiente - Asitec\",\"isPartOf\":{\"@id\":\"https:\/\/www.asitec-sl.com\/#website\"},\"primaryImageOfPage\":{\"@id\":\"https:\/\/www.asitec-sl.com\/servicios\/topografia-y-cartografia\/agricultura-y-medio-ambiente\/#primaryimage\"},\"image\":{\"@id\":\"https:\/\/www.asitec-sl.com\/servicios\/topografia-y-cartografia\/agricultura-y-medio-ambiente\/#primaryimage\"},\"thumbnailUrl\":\"http:\/\/wp-asi.carlosarc.com\/wp-content\/uploads\/2018\/03\/medio-ambiente-001.jpg\",\"datePublished\":\"2018-06-26T19:00:58+00:00\",\"dateModified\":\"2018-06-26T18:04:25+00:00\",\"breadcrumb\":{\"@id\":\"https:\/\/www.asitec-sl.com\/servicios\/topografia-y-cartografia\/agricultura-y-medio-ambiente\/#breadcrumb\"},\"inLanguage\":\"en-GB\",\"potentialAction\":[{\"@type\":\"ReadAction\",\"target\":[\"https:\/\/www.asitec-sl.com\/servicios\/topografia-y-cartografia\/agricultura-y-medio-ambiente\/\"]}]},{\"@type\":\"ImageObject\",\"inLanguage\":\"en-GB\",\"@id\":\"https:\/\/www.asitec-sl.com\/servicios\/topografia-y-cartografia\/agricultura-y-medio-ambiente\/#primaryimage\",\"url\":\"http:\/\/wp-asi.carlosarc.com\/wp-content\/uploads\/2018\/03\/medio-ambiente-001.jpg\",\"contentUrl\":\"http:\/\/wp-asi.carlosarc.com\/wp-content\/uploads\/2018\/03\/medio-ambiente-001.jpg\"},{\"@type\":\"BreadcrumbList\",\"@id\":\"https:\/\/www.asitec-sl.com\/servicios\/topografia-y-cartografia\/agricultura-y-medio-ambiente\/#breadcrumb\",\"itemListElement\":[{\"@type\":\"ListItem\",\"position\":1,\"name\":\"Inicio\",\"item\":\"https:\/\/www.asitec-sl.com\/\"},{\"@type\":\"ListItem\",\"position\":2,\"name\":\"Servicios\",\"item\":\"https:\/\/www.asitec-sl.com\/servicios\/\"},{\"@type\":\"ListItem\",\"position\":3,\"name\":\"Topograf\u00eda, Cartograf\u00eda y Aplicaciones con Drones (RPAS)\",\"item\":\"https:\/\/www.asitec-sl.com\/servicios\/topografia-y-cartografia\/\"},{\"@type\":\"ListItem\",\"position\":4,\"name\":\"Agricultura y Medio Ambiente\"}]},{\"@type\":\"WebSite\",\"@id\":\"https:\/\/www.asitec-sl.com\/#website\",\"url\":\"https:\/\/www.asitec-sl.com\/\",\"name\":\"Asitec\",\"description\":\"Ingenier\u00eda, Urbanismos y Medio Ambiente S.L.P.\",\"publisher\":{\"@id\":\"https:\/\/www.asitec-sl.com\/#organization\"},\"potentialAction\":[{\"@type\":\"SearchAction\",\"target\":{\"@type\":\"EntryPoint\",\"urlTemplate\":\"https:\/\/www.asitec-sl.com\/?s={search_term_string}\"},\"query-input\":\"required name=search_term_string\"}],\"inLanguage\":\"en-GB\"},{\"@type\":\"Organization\",\"@id\":\"https:\/\/www.asitec-sl.com\/#organization\",\"name\":\"ASITEC SLP\",\"url\":\"https:\/\/www.asitec-sl.com\/\",\"logo\":{\"@type\":\"ImageObject\",\"inLanguage\":\"en-GB\",\"@id\":\"https:\/\/www.asitec-sl.com\/#\/schema\/logo\/image\/\",\"url\":\"https:\/\/www.asitec-sl.com\/wp-content\/uploads\/2018\/01\/logo-web-1.png\",\"contentUrl\":\"https:\/\/www.asitec-sl.com\/wp-content\/uploads\/2018\/01\/logo-web-1.png\",\"width\":520,\"height\":184,\"caption\":\"ASITEC SLP\"},\"image\":{\"@id\":\"https:\/\/www.asitec-sl.com\/#\/schema\/logo\/image\/\"},\"sameAs\":[\"https:\/\/www.facebook.com\/AsitecSL-1487006038267232\/\"]}]}<\/script>\n<!-- \/ Yoast SEO plugin. -->","yoast_head_json":{"title":"Agricultura y Medio Ambiente - Asitec","robots":{"index":"index","follow":"follow","max-snippet":"max-snippet:-1","max-image-preview":"max-image-preview:large","max-video-preview":"max-video-preview:-1"},"canonical":"https:\/\/www.asitec-sl.com\/en\/servicios\/topografia-y-cartografia\/agricultura-y-medio-ambiente\/","og_locale":"en_GB","og_type":"article","og_title":"Agricultura y Medio Ambiente - Asitec","og_description":"La aplicaci\u00f3n de drones aporta al campo de la agricultura, una aplicaci\u00f3n de gran utilidad para el an\u00e1lisis del estado de los cultivos y otros aspectos permitiendo hacer comparativas por temporadas, lo que permite comprobar los avances realizados.ASITEC, SLP ofrece","og_url":"https:\/\/www.asitec-sl.com\/en\/servicios\/topografia-y-cartografia\/agricultura-y-medio-ambiente\/","og_site_name":"Asitec","article_publisher":"https:\/\/www.facebook.com\/AsitecSL-1487006038267232\/","article_modified_time":"2018-06-26T18:04:25+00:00","og_image":[{"url":"http:\/\/wp-asi.carlosarc.com\/wp-content\/uploads\/2018\/03\/medio-ambiente-001.jpg"}],"twitter_card":"summary_large_image","twitter_misc":{"Estimated reading time":"1 minute"},"schema":{"@context":"https:\/\/schema.org","@graph":[{"@type":"WebPage","@id":"https:\/\/www.asitec-sl.com\/servicios\/topografia-y-cartografia\/agricultura-y-medio-ambiente\/","url":"https:\/\/www.asitec-sl.com\/servicios\/topografia-y-cartografia\/agricultura-y-medio-ambiente\/","name":"Agricultura y Medio Ambiente - Asitec","isPartOf":{"@id":"https:\/\/www.asitec-sl.com\/#website"},"primaryImageOfPage":{"@id":"https:\/\/www.asitec-sl.com\/servicios\/topografia-y-cartografia\/agricultura-y-medio-ambiente\/#primaryimage"},"image":{"@id":"https:\/\/www.asitec-sl.com\/servicios\/topografia-y-cartografia\/agricultura-y-medio-ambiente\/#primaryimage"},"thumbnailUrl":"http:\/\/wp-asi.carlosarc.com\/wp-content\/uploads\/2018\/03\/medio-ambiente-001.jpg","datePublished":"2018-06-26T19:00:58+00:00","dateModified":"2018-06-26T18:04:25+00:00","breadcrumb":{"@id":"https:\/\/www.asitec-sl.com\/servicios\/topografia-y-cartografia\/agricultura-y-medio-ambiente\/#breadcrumb"},"inLanguage":"en-GB","potentialAction":[{"@type":"ReadAction","target":["https:\/\/www.asitec-sl.com\/servicios\/topografia-y-cartografia\/agricultura-y-medio-ambiente\/"]}]},{"@type":"ImageObject","inLanguage":"en-GB","@id":"https:\/\/www.asitec-sl.com\/servicios\/topografia-y-cartografia\/agricultura-y-medio-ambiente\/#primaryimage","url":"http:\/\/wp-asi.carlosarc.com\/wp-content\/uploads\/2018\/03\/medio-ambiente-001.jpg","contentUrl":"http:\/\/wp-asi.carlosarc.com\/wp-content\/uploads\/2018\/03\/medio-ambiente-001.jpg"},{"@type":"BreadcrumbList","@id":"https:\/\/www.asitec-sl.com\/servicios\/topografia-y-cartografia\/agricultura-y-medio-ambiente\/#breadcrumb","itemListElement":[{"@type":"ListItem","position":1,"name":"Inicio","item":"https:\/\/www.asitec-sl.com\/"},{"@type":"ListItem","position":2,"name":"Servicios","item":"https:\/\/www.asitec-sl.com\/servicios\/"},{"@type":"ListItem","position":3,"name":"Topograf\u00eda, Cartograf\u00eda y Aplicaciones con Drones (RPAS)","item":"https:\/\/www.asitec-sl.com\/servicios\/topografia-y-cartografia\/"},{"@type":"ListItem","position":4,"name":"Agricultura y Medio Ambiente"}]},{"@type":"WebSite","@id":"https:\/\/www.asitec-sl.com\/#website","url":"https:\/\/www.asitec-sl.com\/","name":"Asitec","description":"Ingenier\u00eda, Urbanismos y Medio Ambiente S.L.P.","publisher":{"@id":"https:\/\/www.asitec-sl.com\/#organization"},"potentialAction":[{"@type":"SearchAction","target":{"@type":"EntryPoint","urlTemplate":"https:\/\/www.asitec-sl.com\/?s={search_term_string}"},"query-input":"required name=search_term_string"}],"inLanguage":"en-GB"},{"@type":"Organization","@id":"https:\/\/www.asitec-sl.com\/#organization","name":"ASITEC SLP","url":"https:\/\/www.asitec-sl.com\/","logo":{"@type":"ImageObject","inLanguage":"en-GB","@id":"https:\/\/www.asitec-sl.com\/#\/schema\/logo\/image\/","url":"https:\/\/www.asitec-sl.com\/wp-content\/uploads\/2018\/01\/logo-web-1.png","contentUrl":"https:\/\/www.asitec-sl.com\/wp-content\/uploads\/2018\/01\/logo-web-1.png","width":520,"height":184,"caption":"ASITEC SLP"},"image":{"@id":"https:\/\/www.asitec-sl.com\/#\/schema\/logo\/image\/"},"sameAs":["https:\/\/www.facebook.com\/AsitecSL-1487006038267232\/"]}]}},"_links":{"self":[{"href":"https:\/\/www.asitec-sl.com\/en\/wp-json\/wp\/v2\/pages\/101"}],"collection":[{"href":"https:\/\/www.asitec-sl.com\/en\/wp-json\/wp\/v2\/pages"}],"about":[{"href":"https:\/\/www.asitec-sl.com\/en\/wp-json\/wp\/v2\/types\/page"}],"author":[{"embeddable":true,"href":"https:\/\/www.asitec-sl.com\/en\/wp-json\/wp\/v2\/users\/2"}],"replies":[{"embeddable":true,"href":"https:\/\/www.asitec-sl.com\/en\/wp-json\/wp\/v2\/comments?post=101"}],"version-history":[{"count":1,"href":"https:\/\/www.asitec-sl.com\/en\/wp-json\/wp\/v2\/pages\/101\/revisions"}],"predecessor-version":[{"id":1138,"href":"https:\/\/www.asitec-sl.com\/en\/wp-json\/wp\/v2\/pages\/101\/revisions\/1138"}],"up":[{"embeddable":true,"href":"https:\/\/www.asitec-sl.com\/en\/wp-json\/wp\/v2\/pages\/57"}],"wp:attachment":[{"href":"https:\/\/www.asitec-sl.com\/en\/wp-json\/wp\/v2\/media?parent=101"}],"curies":[{"name":"wp","href":"https:\/\/api.w.org\/{rel}","templated":true}]}}